{"id":39,"date":"2024-08-29T12:10:06","date_gmt":"2024-08-29T10:10:06","guid":{"rendered":"https:\/\/itxaspe.com\/mochileros\/asia-indonesia-2024\/?page_id=39"},"modified":"2025-03-23T19:48:34","modified_gmt":"2025-03-23T18:48:34","slug":"nuestro-viaje-buka-buka-island-luwuk-y-nusa-penida","status":"publish","type":"page","link":"https:\/\/itxaspe.com\/mochileros\/asia-indonesia-2024\/nuestro-viaje-buka-buka-island-luwuk-y-nusa-penida\/","title":{"rendered":"Nuestro viaje: Buka Buka island, Luwuk y Nusa Penida"},"content":{"rendered":"\n<p>Ya estamos de vuelta en casa. \u00a1Qu\u00e9 r\u00e1pido pasa esto! Como coment\u00e1bamos, el viaje estaba totalmente abierto. Y al final ha quedado en poco viajar, y mucho descansar. <strong>Buka Buka island, Luwuk y Nusa Penida<\/strong> han sido los sitios que estas vacaciones de verano del 2024 hemos podido conocer de \u00ab<a href=\"https:\/\/itxaspe.com\/mochileros\/\">mochileros<\/a>\u00bb (entre comillas lo de mochileros, porque casi no nos hemos movido \ud83d\ude09 )<\/p>\n\n\n\n<p>Ahora con paciencia y poco a poco queremos ir poniendo en orden todas las fotos, videos y recuerdos que nos traemos. Y aunque cada vez me cuesta m\u00e1s sentarme a escribir en el ordenador, lo har\u00e9 encantada para poder m\u00e1s adelante volver a recordar esta experiencia tan bonita que hemos podido vivir. <\/p>\n\n\n\n<p>Adelantamos que ha habido agua, agua y mucho agua . M\u00e1s de lo que pens\u00e1bamos inicialmente (cosas que nos encantan de llevar el viaje abierto).<\/p>\n\n\n\n<figure class=\"wp-block-embed is-type-photo is-provider-flickr wp-block-embed-flickr\"><div class=\"wp-block-embed__wrapper\">\n<a href=\"https:\/\/flic.kr\/p\/2q8fBLV\"><img loading=\"lazy\" decoding=\"async\" src=\"https:\/\/live.staticflickr.com\/65535\/53903322361_58f2ebd5ec_b.jpg\" alt=\"20240731_173020\" width=\"1024\" height=\"576\" \/><\/a>\n<\/div><\/figure>\n\n\n\n<figure class=\"wp-block-embed is-type-photo is-provider-flickr wp-block-embed-flickr\"><div class=\"wp-block-embed__wrapper\">\n<a href=\"https:\/\/flic.kr\/p\/2qbhkh8\"><img loading=\"lazy\" decoding=\"async\" src=\"https:\/\/live.staticflickr.com\/65535\/53937606579_65d65abd92_b.jpg\" alt=\"20240816_135349\" width=\"1024\" height=\"576\" \/><\/a>\n<\/div><\/figure>\n\n\n\n<figure class=\"wp-block-embed is-type-photo is-provider-flickr wp-block-embed-flickr\"><div class=\"wp-block-embed__wrapper\">\n<a href=\"https:\/\/flic.kr\/p\/2qbhR7E\"><img loading=\"lazy\" decoding=\"async\" src=\"https:\/\/live.staticflickr.com\/65535\/53937706950_691bc99b29_b.jpg\" alt=\"IMG_20240817_121515\" width=\"1024\" height=\"461\" \/><\/a>\n<\/div><\/figure>\n\n\n\n<figure class=\"wp-block-embed is-type-photo is-provider-flickr wp-block-embed-flickr\"><div class=\"wp-block-embed__wrapper\">\n<a href=\"https:\/\/flic.kr\/p\/2qcSggx\"><img loading=\"lazy\" decoding=\"async\" src=\"https:\/\/live.staticflickr.com\/65535\/53955543393_8e0695db1a_b.jpg\" alt=\"GOPR0790\" width=\"1024\" height=\"896\" \/><\/a>\n<\/div><\/figure>\n\n\n\n<p>De momento y para empezar, un enlace a todas las fotos:<a href=\" https:\/\/flickr.com\/photos\/48196942@N00\/albums\/72177720319882697\"> <\/a><a href=\"https:\/\/flickr.com\/photos\/48196942@N00\/albums\/72177720319882697\">Viaje a Indonesia 2024: Buka buka island, Luwuk y Nusa Penida. Fotos<\/a><\/p>\n\n\n\n<figure class=\"wp-block-image size-full\"><img loading=\"lazy\" decoding=\"async\" width=\"800\" height=\"700\" src=\"https:\/\/itxaspe.com\/mochileros\/asia-indonesia-2024\/wp-content\/uploads\/sites\/3\/2024\/08\/53954400877_023c6182d7_c.jpg\" alt=\"Buka Buka island, Luwuk y Nusa Penida. Buceo\" class=\"wp-image-43\" srcset=\"https:\/\/itxaspe.com\/mochileros\/asia-indonesia-2024\/wp-content\/uploads\/sites\/3\/2024\/08\/53954400877_023c6182d7_c.jpg 800w, https:\/\/itxaspe.com\/mochileros\/asia-indonesia-2024\/wp-content\/uploads\/sites\/3\/2024\/08\/53954400877_023c6182d7_c-300x263.jpg 300w, https:\/\/itxaspe.com\/mochileros\/asia-indonesia-2024\/wp-content\/uploads\/sites\/3\/2024\/08\/53954400877_023c6182d7_c-768x672.jpg 768w\" sizes=\"auto, (max-width: 800px) 100vw, 800px\" \/><\/figure>\n\n\n\n<p>Iremos aqu\u00ed poniendo los enlaces al diario seg\u00fan lo vamos escribiendo.<\/p>\n\n\n\n<ul class=\"wp-block-list\">\n<li><a href=\"https:\/\/itxaspe.com\/mochileros\/asia-indonesia-2024\/preparativos-del-viaje-a-indonesia\/\">Preparativos del viaje a Indonesia<\/a><\/li>\n\n\n\n<li><a href=\"https:\/\/itxaspe.com\/mochileros\/asia-indonesia-2024\/vuelo-a-yakarta-isla-de-java-viaje-largo-y-pequena-estancia\/\">Vuelo a Yakarta: isla de Java. Viaje largo y peque\u00f1a estancia<\/a> : 24 al 26 de Julio del 2024 . Viaje largo y paso por Yakarta.<\/li>\n\n\n\n<li><a href=\"https:\/\/itxaspe.com\/mochileros\/asia-indonesia-2024\/viaje-de-yakarta-hasta-buka-buka-island\/\">Viaje de Yakarta hasta Buka Buka island<\/a> : 27 Julio 2024 . D\u00eda de viaje<\/li>\n\n\n\n<li><a href=\"https:\/\/itxaspe.com\/mochileros\/asia-indonesia-2024\/reconnect-en-la-isla-buka-buka-sulawesy-primeros-dias\/\">Alojamiento Reconnect en Isla Buka Buka &#8211; Sulawesy. Primeros d\u00edas <\/a> : 28 al 29 de Julio. Dos d\u00edas de total relax en este peque\u00f1o paraiso.<\/li>\n\n\n\n<li><a href=\"https:\/\/itxaspe.com\/mochileros\/asia-indonesia-2024\/curso-de-iniciacion-al-buceo-en-la-isla-buka-buka-sulawesy\/\">Curso de Iniciaci\u00f3n al buceo en la Isla Buka Buka \u2013 Sulawesy<\/a>: 30-31 Julio 2024. Nos iniciamos en el buceo, un nuevo mundo a descubrir para nosotros.<\/li>\n\n\n\n<li>&#8230;&#8230;&#8230;&#8230;&#8230;&#8230;..<\/li>\n<\/ul>\n\n\n\n<p>Que disfrut\u00e9is de cada momento peque\u00f1o que nos de esta vida que nos han regalado. <\/p>\n","protected":false},"excerpt":{"rendered":"<p>Ya estamos de vuelta en casa. \u00a1Qu\u00e9 r\u00e1pido pasa esto! Como coment\u00e1bamos, el viaje estaba totalmente abierto. Y al final ha quedado en poco viajar, &hellip; <\/p>\n","protected":false},"author":1,"featured_media":0,"parent":0,"menu_order":0,"comment_status":"closed","ping_status":"closed","template":"","meta":{"_exactmetrics_skip_tracking":false,"_exactmetrics_sitenote_active":false,"_exactmetrics_sitenote_note":"","_exactmetrics_sitenote_category":0,"footnotes":""},"class_list":["post-39","page","type-page","status-publish","hentry"],"yoast_head":"<!-- This site is optimized with the Yoast SEO plugin v26.8 - https:\/\/yoast.com\/product\/yoast-seo-wordpress\/ -->\n<title>Nuestro viaje: Buka Buka island, Luwuk y Nusa Penida - MOCHILEROS POR INDONESIA - ASIA - AGOSTO 2024<\/title>\n<meta name=\"description\" content=\"Nos hemos ido con las mochilas a Indonesia. Buka Buka island, Luwuk y Nusa Penida han sido los sitios que estas vacaciones de verano del 2024 hemos podido conocer.\" \/>\n<meta name=\"robots\" content=\"index, follow, max-snippet:-1, max-image-preview:large, max-video-preview:-1\" \/>\n<link rel=\"canonical\" href=\"https:\/\/itxaspe.com\/mochileros\/asia-indonesia-2024\/nuestro-viaje-buka-buka-island-luwuk-y-nusa-penida\/\" \/>\n<meta property=\"og:locale\" content=\"es_ES\" \/>\n<meta property=\"og:type\" content=\"article\" \/>\n<meta property=\"og:title\" content=\"Nuestro viaje: Buka Buka island, Luwuk y Nusa Penida - MOCHILEROS POR INDONESIA - ASIA - AGOSTO 2024\" \/>\n<meta property=\"og:description\" content=\"Nos hemos ido con las mochilas a Indonesia. Buka Buka island, Luwuk y Nusa Penida han sido los sitios que estas vacaciones de verano del 2024 hemos podido conocer.\" \/>\n<meta property=\"og:url\" content=\"https:\/\/itxaspe.com\/mochileros\/asia-indonesia-2024\/nuestro-viaje-buka-buka-island-luwuk-y-nusa-penida\/\" \/>\n<meta property=\"og:site_name\" content=\"MOCHILEROS POR INDONESIA - ASIA - AGOSTO 2024\" \/>\n<meta property=\"article:modified_time\" content=\"2025-03-23T18:48:34+00:00\" \/>\n<meta property=\"og:image\" content=\"https:\/\/itxaspe.com\/mochileros\/asia-indonesia-2024\/wp-content\/uploads\/sites\/3\/2024\/08\/53954400877_023c6182d7_c.jpg\" \/>\n<meta name=\"twitter:card\" content=\"summary_large_image\" \/>\n<meta name=\"twitter:label1\" content=\"Tiempo de lectura\" \/>\n\t<meta name=\"twitter:data1\" content=\"2 minutos\" \/>\n<script type=\"application\/ld+json\" class=\"yoast-schema-graph\">{\"@context\":\"https:\/\/schema.org\",\"@graph\":[{\"@type\":\"WebPage\",\"@id\":\"https:\/\/itxaspe.com\/mochileros\/asia-indonesia-2024\/nuestro-viaje-buka-buka-island-luwuk-y-nusa-penida\/\",\"url\":\"https:\/\/itxaspe.com\/mochileros\/asia-indonesia-2024\/nuestro-viaje-buka-buka-island-luwuk-y-nusa-penida\/\",\"name\":\"Nuestro viaje: Buka Buka island, Luwuk y Nusa Penida - MOCHILEROS POR INDONESIA - ASIA - AGOSTO 2024\",\"isPartOf\":{\"@id\":\"https:\/\/itxaspe.com\/mochileros\/asia-indonesia-2024\/#website\"},\"primaryImageOfPage\":{\"@id\":\"https:\/\/itxaspe.com\/mochileros\/asia-indonesia-2024\/nuestro-viaje-buka-buka-island-luwuk-y-nusa-penida\/#primaryimage\"},\"image\":{\"@id\":\"https:\/\/itxaspe.com\/mochileros\/asia-indonesia-2024\/nuestro-viaje-buka-buka-island-luwuk-y-nusa-penida\/#primaryimage\"},\"thumbnailUrl\":\"https:\/\/itxaspe.com\/mochileros\/asia-indonesia-2024\/wp-content\/uploads\/sites\/3\/2024\/08\/53954400877_023c6182d7_c.jpg\",\"datePublished\":\"2024-08-29T10:10:06+00:00\",\"dateModified\":\"2025-03-23T18:48:34+00:00\",\"description\":\"Nos hemos ido con las mochilas a Indonesia. Buka Buka island, Luwuk y Nusa Penida han sido los sitios que estas vacaciones de verano del 2024 hemos podido conocer.\",\"breadcrumb\":{\"@id\":\"https:\/\/itxaspe.com\/mochileros\/asia-indonesia-2024\/nuestro-viaje-buka-buka-island-luwuk-y-nusa-penida\/#breadcrumb\"},\"inLanguage\":\"es\",\"potentialAction\":[{\"@type\":\"ReadAction\",\"target\":[\"https:\/\/itxaspe.com\/mochileros\/asia-indonesia-2024\/nuestro-viaje-buka-buka-island-luwuk-y-nusa-penida\/\"]}]},{\"@type\":\"ImageObject\",\"inLanguage\":\"es\",\"@id\":\"https:\/\/itxaspe.com\/mochileros\/asia-indonesia-2024\/nuestro-viaje-buka-buka-island-luwuk-y-nusa-penida\/#primaryimage\",\"url\":\"https:\/\/itxaspe.com\/mochileros\/asia-indonesia-2024\/wp-content\/uploads\/sites\/3\/2024\/08\/53954400877_023c6182d7_c.jpg\",\"contentUrl\":\"https:\/\/itxaspe.com\/mochileros\/asia-indonesia-2024\/wp-content\/uploads\/sites\/3\/2024\/08\/53954400877_023c6182d7_c.jpg\",\"width\":800,\"height\":700},{\"@type\":\"BreadcrumbList\",\"@id\":\"https:\/\/itxaspe.com\/mochileros\/asia-indonesia-2024\/nuestro-viaje-buka-buka-island-luwuk-y-nusa-penida\/#breadcrumb\",\"itemListElement\":[{\"@type\":\"ListItem\",\"position\":1,\"name\":\"Portada\",\"item\":\"https:\/\/itxaspe.com\/mochileros\/asia-indonesia-2024\/\"},{\"@type\":\"ListItem\",\"position\":2,\"name\":\"Nuestro viaje: Buka Buka island, Luwuk y Nusa Penida\"}]},{\"@type\":\"WebSite\",\"@id\":\"https:\/\/itxaspe.com\/mochileros\/asia-indonesia-2024\/#website\",\"url\":\"https:\/\/itxaspe.com\/mochileros\/asia-indonesia-2024\/\",\"name\":\"MOCHILEROS POR INDONESIA - ASIA - AGOSTO 2024\",\"description\":\"Viaje que haremos en Verano 2024 por Indonesia\",\"potentialAction\":[{\"@type\":\"SearchAction\",\"target\":{\"@type\":\"EntryPoint\",\"urlTemplate\":\"https:\/\/itxaspe.com\/mochileros\/asia-indonesia-2024\/?s={search_term_string}\"},\"query-input\":{\"@type\":\"PropertyValueSpecification\",\"valueRequired\":true,\"valueName\":\"search_term_string\"}}],\"inLanguage\":\"es\"}]}<\/script>\n<!-- \/ Yoast SEO plugin. -->","yoast_head_json":{"title":"Nuestro viaje: Buka Buka island, Luwuk y Nusa Penida - MOCHILEROS POR INDONESIA - ASIA - AGOSTO 2024","description":"Nos hemos ido con las mochilas a Indonesia. Buka Buka island, Luwuk y Nusa Penida han sido los sitios que estas vacaciones de verano del 2024 hemos podido conocer.","robots":{"index":"index","follow":"follow","max-snippet":"max-snippet:-1","max-image-preview":"max-image-preview:large","max-video-preview":"max-video-preview:-1"},"canonical":"https:\/\/itxaspe.com\/mochileros\/asia-indonesia-2024\/nuestro-viaje-buka-buka-island-luwuk-y-nusa-penida\/","og_locale":"es_ES","og_type":"article","og_title":"Nuestro viaje: Buka Buka island, Luwuk y Nusa Penida - MOCHILEROS POR INDONESIA - ASIA - AGOSTO 2024","og_description":"Nos hemos ido con las mochilas a Indonesia. Buka Buka island, Luwuk y Nusa Penida han sido los sitios que estas vacaciones de verano del 2024 hemos podido conocer.","og_url":"https:\/\/itxaspe.com\/mochileros\/asia-indonesia-2024\/nuestro-viaje-buka-buka-island-luwuk-y-nusa-penida\/","og_site_name":"MOCHILEROS POR INDONESIA - ASIA - AGOSTO 2024","article_modified_time":"2025-03-23T18:48:34+00:00","og_image":[{"url":"https:\/\/itxaspe.com\/mochileros\/asia-indonesia-2024\/wp-content\/uploads\/sites\/3\/2024\/08\/53954400877_023c6182d7_c.jpg","type":"","width":"","height":""}],"twitter_card":"summary_large_image","twitter_misc":{"Tiempo de lectura":"2 minutos"},"schema":{"@context":"https:\/\/schema.org","@graph":[{"@type":"WebPage","@id":"https:\/\/itxaspe.com\/mochileros\/asia-indonesia-2024\/nuestro-viaje-buka-buka-island-luwuk-y-nusa-penida\/","url":"https:\/\/itxaspe.com\/mochileros\/asia-indonesia-2024\/nuestro-viaje-buka-buka-island-luwuk-y-nusa-penida\/","name":"Nuestro viaje: Buka Buka island, Luwuk y Nusa Penida - MOCHILEROS POR INDONESIA - ASIA - AGOSTO 2024","isPartOf":{"@id":"https:\/\/itxaspe.com\/mochileros\/asia-indonesia-2024\/#website"},"primaryImageOfPage":{"@id":"https:\/\/itxaspe.com\/mochileros\/asia-indonesia-2024\/nuestro-viaje-buka-buka-island-luwuk-y-nusa-penida\/#primaryimage"},"image":{"@id":"https:\/\/itxaspe.com\/mochileros\/asia-indonesia-2024\/nuestro-viaje-buka-buka-island-luwuk-y-nusa-penida\/#primaryimage"},"thumbnailUrl":"https:\/\/itxaspe.com\/mochileros\/asia-indonesia-2024\/wp-content\/uploads\/sites\/3\/2024\/08\/53954400877_023c6182d7_c.jpg","datePublished":"2024-08-29T10:10:06+00:00","dateModified":"2025-03-23T18:48:34+00:00","description":"Nos hemos ido con las mochilas a Indonesia. Buka Buka island, Luwuk y Nusa Penida han sido los sitios que estas vacaciones de verano del 2024 hemos podido conocer.","breadcrumb":{"@id":"https:\/\/itxaspe.com\/mochileros\/asia-indonesia-2024\/nuestro-viaje-buka-buka-island-luwuk-y-nusa-penida\/#breadcrumb"},"inLanguage":"es","potentialAction":[{"@type":"ReadAction","target":["https:\/\/itxaspe.com\/mochileros\/asia-indonesia-2024\/nuestro-viaje-buka-buka-island-luwuk-y-nusa-penida\/"]}]},{"@type":"ImageObject","inLanguage":"es","@id":"https:\/\/itxaspe.com\/mochileros\/asia-indonesia-2024\/nuestro-viaje-buka-buka-island-luwuk-y-nusa-penida\/#primaryimage","url":"https:\/\/itxaspe.com\/mochileros\/asia-indonesia-2024\/wp-content\/uploads\/sites\/3\/2024\/08\/53954400877_023c6182d7_c.jpg","contentUrl":"https:\/\/itxaspe.com\/mochileros\/asia-indonesia-2024\/wp-content\/uploads\/sites\/3\/2024\/08\/53954400877_023c6182d7_c.jpg","width":800,"height":700},{"@type":"BreadcrumbList","@id":"https:\/\/itxaspe.com\/mochileros\/asia-indonesia-2024\/nuestro-viaje-buka-buka-island-luwuk-y-nusa-penida\/#breadcrumb","itemListElement":[{"@type":"ListItem","position":1,"name":"Portada","item":"https:\/\/itxaspe.com\/mochileros\/asia-indonesia-2024\/"},{"@type":"ListItem","position":2,"name":"Nuestro viaje: Buka Buka island, Luwuk y Nusa Penida"}]},{"@type":"WebSite","@id":"https:\/\/itxaspe.com\/mochileros\/asia-indonesia-2024\/#website","url":"https:\/\/itxaspe.com\/mochileros\/asia-indonesia-2024\/","name":"MOCHILEROS POR INDONESIA - ASIA - AGOSTO 2024","description":"Viaje que haremos en Verano 2024 por Indonesia","potentialAction":[{"@type":"SearchAction","target":{"@type":"EntryPoint","urlTemplate":"https:\/\/itxaspe.com\/mochileros\/asia-indonesia-2024\/?s={search_term_string}"},"query-input":{"@type":"PropertyValueSpecification","valueRequired":true,"valueName":"search_term_string"}}],"inLanguage":"es"}]}},"_links":{"self":[{"href":"https:\/\/itxaspe.com\/mochileros\/asia-indonesia-2024\/wp-json\/wp\/v2\/pages\/39","targetHints":{"allow":["GET"]}}],"collection":[{"href":"https:\/\/itxaspe.com\/mochileros\/asia-indonesia-2024\/wp-json\/wp\/v2\/pages"}],"about":[{"href":"https:\/\/itxaspe.com\/mochileros\/asia-indonesia-2024\/wp-json\/wp\/v2\/types\/page"}],"author":[{"embeddable":true,"href":"https:\/\/itxaspe.com\/mochileros\/asia-indonesia-2024\/wp-json\/wp\/v2\/users\/1"}],"replies":[{"embeddable":true,"href":"https:\/\/itxaspe.com\/mochileros\/asia-indonesia-2024\/wp-json\/wp\/v2\/comments?post=39"}],"version-history":[{"count":10,"href":"https:\/\/itxaspe.com\/mochileros\/asia-indonesia-2024\/wp-json\/wp\/v2\/pages\/39\/revisions"}],"predecessor-version":[{"id":119,"href":"https:\/\/itxaspe.com\/mochileros\/asia-indonesia-2024\/wp-json\/wp\/v2\/pages\/39\/revisions\/119"}],"wp:attachment":[{"href":"https:\/\/itxaspe.com\/mochileros\/asia-indonesia-2024\/wp-json\/wp\/v2\/media?parent=39"}],"curies":[{"name":"wp","href":"https:\/\/api.w.org\/{rel}","templated":true}]}}