{"id":138,"date":"2019-04-03T17:45:12","date_gmt":"2019-04-03T15:45:12","guid":{"rendered":"http:\/\/itxaspe.com\/mochileros\/asia-indonesia\/?page_id=138"},"modified":"2019-05-23T20:37:57","modified_gmt":"2019-05-23T18:37:57","slug":"seguro-de-viaje-para-indonesia","status":"publish","type":"page","link":"https:\/\/itxaspe.com\/mochileros\/asia-indonesia\/seguro-de-viaje-para-indonesia\/","title":{"rendered":"SEGURO DE VIAJE PARA INDONESIA"},"content":{"rendered":"\n<p>Tras mirar informaci\u00f3n sobre necesidad de<a href=\"http:\/\/itxaspe.com\/mochileros\/asia-indonesia\/visado-y-pasaporte-para-indonesia\/\"> visado y pasaporte para Indonesia<\/a> o si hay <a href=\"http:\/\/itxaspe.com\/mochileros\/asia-indonesia\/vacunas-para-indonesia\/\">vacunas para Indonesia<\/a> que sean obligatorias, nos hemos sentado varias tardes en el ordenador para mirar otro tema muy importante y en el que no tenemos experiencia: el <strong>seguro de viaje<\/strong><\/p>\n\n\n\n<h2 class=\"wp-block-heading\">\u00bfEs necesario un seguro de viaje? <\/h2>\n\n\n\n<p>Desde nuestro punto de vista, muy necesario si queremos viajar con unos m\u00ednimos de tranquilidad. Vamos a Asia y salimos de nuestra zona de confort en cuanto a tema m\u00e9dico se refiere.<\/p>\n\n\n\n<p> No s\u00f3lo tranquilidad para nosotros, sino tambi\u00e9n ante un caso extremo, \u00abtranquilidad\u00bb para los que se quedan aqu\u00ed. <\/p>\n\n\n\n<p>Es un jaleo enorme. Adem\u00e1s luego puede haber algo que pensabas que estaba cubierto o dabas por hecho que estar\u00eda cubierto, y luego que no sea as\u00ed, pero al menos.. intentaremos ir con unos m\u00ednimos cubiertos. <\/p>\n\n\n\n<h3 class=\"wp-block-heading\"><strong>Pero, hemos pagado el viaje con nuestra tarjeta, y \u00e9sta tiene un seguro \u00bfes cierto?<\/strong><\/h3>\n\n\n\n<p>Es un tema que siempre hemos o\u00eddo, pero nunca hemos mirado y ya va siendo hora de hacerlo.<\/p>\n\n\n\n<p>En nuestro caso hemos pagado el viaje con una tarjeta VISA de la Laboral, y tras consultar en su web, esto es lo que hemos encontrado en Abril del 2019: <a href=\"https:\/\/www.laboralkutxa.com\/pdf\/tarjetas\/03visa_clasica\/es\/seguro_asistencia_Viaje_ClasicaC.pdf\">https:\/\/www.laboralkutxa.com\/pdf\/tarjetas\/03visa_clasica\/es\/seguro_asistencia_Viaje_ClasicaC.pdf<\/a><\/p>\n\n\n\n<p>Entre otras cosas, vemos que por haber pagado con la VISA tendr\u00edamos \u00ab<em> Gastos m\u00e9dicos en Extranjero.  Hasta 6.000\u20ac en Europa y 9.000\u20ac en el resto del mundo. Incluidos los gastos odontol\u00f3gicos de urgencia hasta 100\u20ac<\/em>\u00ab<\/p>\n\n\n\n<p>Repatriaci\u00f3n y algunos temas m\u00e1s, estar\u00edan incluidos. Pero el tema de gastos m\u00e9dicos en el extranjero es muy corto ante algo serio. Adem\u00e1s quedan excluidos algunos deportes que quiz\u00e1 podr\u00edamos llegar a practicar all\u00ed. <\/p>\n\n\n\n<p>Cada tarjeta es un mundo, cada seguro que tengas contratado (coche, casa.. ) lo mismo.. y puede ofrecerte algo. Te animamos a que los consultes y leas muy bien qu\u00e9 es lo que te incluir\u00eda y qu\u00e9 no.<\/p>\n\n\n\n<p>Nosotros queremos viajar con algo m\u00e1s cubierto, as\u00ed que vamos a mirar un seguro de viajes especifico para este viaje<\/p>\n\n\n\n<h2 class=\"wp-block-heading\">Requisitos que buscamos en el seguro de viaje a Indonesia<\/h2>\n\n\n\n<p>Primer requisito que buscamos nosotros: seguro que tenga <strong>atenci\u00f3n en castellano.<\/strong> <\/p>\n\n\n\n<p>En alguna otra ocasi\u00f3n nos hemos atrevido con un seguro ingl\u00e9s, y aunque tanto I\u00f1aki como yo entendemos y hablamos el idioma, ante un problema m\u00e9dico grave estamos seguros que agradeceremos atenci\u00f3n en castellano.<\/p>\n\n\n\n<p>El <strong><a href=\"http:\/\/itxaspe.com\/mochileros\/asia-indonesia\/seguro-de-viaje-para-indonesia\/\">seguro de viaje para Indonesia<\/a><\/strong> que hemos elegido ha sido uno de Mondo<\/p>\n\n\n\n<h2 class=\"wp-block-heading\">SEGUROS DE VIAJES MONDO<\/h2>\n\n\n\n<p><strong>Mondo<\/strong> es una corredur\u00eda de seguros que trabaja con diferentes compa\u00f1\u00edas y cumple este primer requisito del idioma. Hemos llegado a ella por recomendaciones de diferentes <strong>blogs de viajes<\/strong><\/p>\n\n\n\n<p>Tras unas preguntas online (destino, duraci\u00f3n, cu\u00e1ntos sois..) y en unos segundos, la web nos ha ofrecido unos cu\u00e1ntos packs personalizables (puedes a\u00f1adir anulaci\u00f3n, cobertura de deportes, material inform\u00e1tico, opci\u00f3n de franquicia&#8230; )<\/p>\n\n\n\n<p>En nuestro caso concreto de viaje ( un mes a Indonesia) nos han ofrecido 3 packs <\/p>\n\n\n\n<ol class=\"wp-block-list\"><li><strong>Viaje Tranquilidad<\/strong>, con <strong>International SOS<\/strong>. Lo descartamos directamente porque no hemos visto opci\u00f3n de a\u00f1adirle m\u00e1s deportes (quiz\u00e1 los que ofrece te sirven, nosotros quer\u00edamos ampliar) y quer\u00edamos una cobertura m\u00e9dica m\u00e1s amplia<\/li><li><strong>Viaje Top<\/strong>, con Arag<\/li><li><strong>Viaje Premium<\/strong>, Con Axa<\/li><\/ol>\n\n\n\n<p>Al final nos hemos decantado por el Seguro de Viaje Top de Arag. <\/p>\n\n\n\n<ol class=\"wp-block-list\"><li>Entre las opciones que nos ha mostrado, estaba la opci\u00f3n de <strong>incluir deportes adicionales<\/strong>. Nuestro viaje no es un viaje deportivo ni mucho menos. Pero siendo al destino que es, es probable que alg\u00fan d\u00eda hagamos surf o alg\u00fan otro deporte acu\u00e1tico. O que hagamos alg\u00fan trekking &#8230; Por ello, creemos indispensable que tenga esta opci\u00f3n cubierta.<\/li><li>Podemos a\u00f1adir la opci\u00f3n de <strong>cancelaci\u00f3n de viaje<\/strong>. Al ser m\u00e1s de 7 d\u00edas desde que cogimos el vuelo, nos sube el precio, pero es posible cogerla.<\/li><li>Incluye <strong>da\u00f1os corporales en accidentes de veh\u00edculos a motor<\/strong>. Importante para Indonesia, ya que el alquilar motocicletas all\u00ed es de lo m\u00e1s com\u00fan.<\/li><li><strong>Tel\u00e9fono de asistencia<\/strong> 24 horas\/365 d\u00edas<\/li><li><strong>No tienes que adelantar dinero<\/strong>. El seguro se encarga de las facturas de los gastos m\u00e9dicos.<\/li><li>Otra cosa que nos ha gustado:  <a href=\"https:\/\/heymondo.es\/politica-solidaria-mondo\">https:\/\/heymondo.es\/politica-solidaria-mondo<\/a><\/li><\/ol>\n\n\n\n<p>Cuando se te ofrezcan los packs, te recomendamos que veas y analices bien los detalles de cada uno, a\u00f1adir las opciones que te interesen y leer bien las condiciones enteras (documentos pesados de leer, pero muy importantes).<\/p>\n\n\n\n<p>Si tienes alguna duda, ofrecen diferentes formas de contacto para que les consultes, util\u00edzalas. Hemos utilizado el chat y la respuesta ha sido r\u00e1pida y muy atentos.<\/p>\n\n\n\n<p style=\"text-align:left\">Si vas a contratar un seguro de viaje en Mondo, sigue el enlace de este blog y obtendr\u00e1s un 5% de descuento en el precio final. Adem\u00e1s nos ayudar\u00e1s a que nosotros tambi\u00e9n tengamos un peque\u00f1o descuento en el seguro del pr\u00f3ximo viaje (el mundo es muy grande y nos queda mucho por recorrer \u00bfverdad? )<\/p>\n\n\n\n<a href=\"https:\/\/heymondo.es\/?utm_medium=Afiliado&amp;utm_source=ITXASPE&amp;utm_campaign=PRINCIPAL&amp;cod_descuento=ITXASPE&amp;ag_campaign=ENTRADA&amp;agencia=d3b39f3c41b19bf857385788829230aee24c  \n\"><img decoding=\"async\" src=\"http:\/\/itxaspe.com\/mochileros\/wp-content\/uploads\/2019\/04\/mondo-horizontal_510x300_1.png\" alt=\"Obten 5% en tu seguro de viaje mondo\"><\/a>\n\n\n\n<p><strong><em>Actualizaci\u00f3n Mayo 2019<\/em><\/strong>:  comentaros que desde Mondo acaban de sacar  una App para el m\u00f3vil. Nos parece muy interesante, todo lo que sea facilitar la vida al usuario viene muy bien.<\/p>\n\n\n\n<div class=\"wp-block-image\"><figure class=\"aligncenter\"><a href=\"https:\/\/www.flickr.com\/photos\/48196942@N00\/33979181778\/in\/datetaken\/\"><img decoding=\"async\" src=\"https:\/\/live.staticflickr.com\/65535\/33979181778_91dbb754e8_c.jpg\" alt=\"APP Mondo Seguros en mi m\u00f3vil Android\"\/><\/a><figcaption>Interface de inicio de la App Mondo en mi tel\u00e9fono Android<\/figcaption><\/figure><\/div>\n\n\n\n<h2 class=\"wp-block-heading\">SEGURO IATI<\/h2>\n\n\n\n<p>Corredur\u00eda de seguros que m\u00e1s hemos visto recomendada por gente que anda viajando por el mundo. <\/p>\n\n\n\n<p>Tras estar mirando las opciones y cuando est\u00e1bamos casi decididos, nos ha parado que en los packs que ofrecen no hab\u00eda opci\u00f3n de incluir el seguro de Cancelaci\u00f3n del viaje si el vuelo lo has contratado hace m\u00e1s de 7 d\u00edas (nuestro caso). <\/p>\n\n\n\n<p>Tras contactar con ellos para hacer la consulta por chat (muy atentos tambi\u00e9n), nos han comentado que en este caso hay que coger el pack que queramos y luego a parte el seguro de cancelaci\u00f3n. Es ah\u00ed donde hemos decidido seguir mirando un poco m\u00e1s y hemos llegado al seguro que hemos cogido (Mondo) <\/p>\n\n\n\n<p>No podemos ofreceros ning\u00fan descuento con ellos, pero con que mir\u00e9is un poco en Internet en muchos blogs os lo ofrecer\u00e1n (5%)<\/p>\n\n\n\n<h2 class=\"wp-block-heading\">SEGURO TRAILFINDERS<\/h2>\n\n\n\n<p>Lo contratamos en nuestro viaje a Estados Unidos en 2013. Las coberturas eran muy muy buenas a un precio tambi\u00e9n muy bueno. No tuvimos que utilizarlo, as\u00ed que no podemos deciros qu\u00e9 tal responden. Comentarios en Internet que hemos le\u00eddo en general son muy buenos. <\/p>\n\n\n\n<p>En esta ocasi\u00f3n lo hemos descartado por asegurarnos atenci\u00f3n en castellano. Su web est\u00e1 en ingl\u00e9s, todo el soporte creemos que ser\u00eda en ingl\u00e9s y hemos priorizado la elecci\u00f3n de un Seguro de Viaje que pueda ser gestionado en castellano.<\/p>\n\n\n\n<p>Tambi\u00e9n lo hemos visto recomendado en varios blogs y por lo que hemos podido ver tienen muy buenas coberturas. <\/p>\n\n\n\n<h2 class=\"wp-block-heading\">OTROS SEGUROS DE VIAJE<\/h2>\n\n\n\n<p>En Internet tienes gran variedad de seguros diferentes (WorldNomads, Intermundial&#8230; ). Si tienes una corredur\u00eda de confianza en tu pueblo, acude a ellos a ver qu\u00e9 te ofrecen y estudia bien las coberturas.<\/p>\n\n\n\n<p>Nosotros hemos priorizado que tenga una buena cobertura m\u00e9dica en el extranjero y que cubra deportes. Adem\u00e1s hemos a\u00f1adido seguro de cancelaci\u00f3n que esperamos no tengamos que utilizar. <\/p>\n\n\n\n<h2 class=\"wp-block-heading\">NOTAS IMPORTANTES<\/h2>\n\n\n\n<p><em>Ten\u00edamos que coger alg\u00fan <strong>seguro de viaje para Indonesia<\/strong> y nos hemos decidido por Mondo tras analizar varios sitios durante algunas tardes. Desconocemos m\u00e1s all\u00e1 de comentarios que hemos podido leer en Internet qu\u00e9 tal responden ante un problema en destino. Esperamos que bien. Quien realmente responde en nuestro caso ser\u00eda Arag, Mondo hace de intermediario.<\/em><\/p>\n\n\n\n<p><strong>Seguro de cancelaci\u00f3n:<\/strong> Si est\u00e1s interesado en que el seguro de viaje lo incluya, intenta contratarlo antes de que pasen 7 d\u00edas desde que compraste el viaje. Nos hubieramos ahorrado algo de dinero ya que, algunas compa\u00f1ias al menos, suben el precio del de cancelaci\u00f3n si el viaje est\u00e1 comprado hace m\u00e1s de 7 d\u00edas. <\/p>\n\n\n\n<p>Revisa en el seguro cu\u00e1les son las condiciones sobre las que se aplicar\u00eda una devoluci\u00f3n en caso de cancelaci\u00f3n de viaje . <strong>Lee atentamente las condiciones de todas las coberturas contratadas<\/strong> (la letra peque\u00f1a)<\/p>\n\n\n\n<p>Y &#8230;  m\u00e1s importante a\u00fan&#8230; \u00d3jala no tengamos que utilizarlo , \u00bfverdad? \ud83d\ude09 <br><\/p>\n","protected":false},"excerpt":{"rendered":"<p>Tras mirar informaci\u00f3n sobre necesidad de visado y pasaporte para Indonesia o si hay vacunas para Indonesia que sean obligatorias, nos hemos sentado varias tardes &hellip; <\/p>\n","protected":false},"author":1,"featured_media":0,"parent":0,"menu_order":0,"comment_status":"closed","ping_status":"closed","template":"","meta":{"footnotes":""},"class_list":["post-138","page","type-page","status-publish","hentry"],"yoast_head":"<!-- This site is optimized with the Yoast SEO plugin v26.8 - https:\/\/yoast.com\/product\/yoast-seo-wordpress\/ -->\n<title>SEGURO DE VIAJE PARA INDONESIA - MOCHILEROS POR INDONESIA - ASIA - AGOSTO 2019<\/title>\n<meta name=\"description\" content=\"\u00bfEs necesario un seguro de viaje? Te decimos qu\u00e9 seguro de viaje para Indonesia hemos cogido. Nuestras recomendaciones de seguro para mochileros\" \/>\n<meta name=\"robots\" content=\"index, follow, max-snippet:-1, max-image-preview:large, max-video-preview:-1\" \/>\n<link rel=\"canonical\" href=\"https:\/\/itxaspe.com\/mochileros\/asia-indonesia\/seguro-de-viaje-para-indonesia\/\" \/>\n<meta property=\"og:locale\" content=\"es_ES\" \/>\n<meta property=\"og:type\" content=\"article\" \/>\n<meta property=\"og:title\" content=\"SEGURO DE VIAJE PARA INDONESIA - MOCHILEROS POR INDONESIA - ASIA - AGOSTO 2019\" \/>\n<meta property=\"og:description\" content=\"\u00bfEs necesario un seguro de viaje? Te decimos qu\u00e9 seguro de viaje para Indonesia hemos cogido. Nuestras recomendaciones de seguro para mochileros\" \/>\n<meta property=\"og:url\" content=\"https:\/\/itxaspe.com\/mochileros\/asia-indonesia\/seguro-de-viaje-para-indonesia\/\" \/>\n<meta property=\"og:site_name\" content=\"MOCHILEROS POR INDONESIA - ASIA - AGOSTO 2019\" \/>\n<meta property=\"article:modified_time\" content=\"2019-05-23T18:37:57+00:00\" \/>\n<meta property=\"og:image\" content=\"http:\/\/itxaspe.com\/mochileros\/wp-content\/uploads\/2019\/04\/mondo-horizontal_510x300_1.png\" \/>\n<meta name=\"twitter:card\" content=\"summary_large_image\" \/>\n<meta name=\"twitter:label1\" content=\"Tiempo de lectura\" \/>\n\t<meta name=\"twitter:data1\" content=\"7 minutos\" \/>\n<script type=\"application\/ld+json\" class=\"yoast-schema-graph\">{\"@context\":\"https:\/\/schema.org\",\"@graph\":[{\"@type\":\"WebPage\",\"@id\":\"https:\/\/itxaspe.com\/mochileros\/asia-indonesia\/seguro-de-viaje-para-indonesia\/\",\"url\":\"https:\/\/itxaspe.com\/mochileros\/asia-indonesia\/seguro-de-viaje-para-indonesia\/\",\"name\":\"SEGURO DE VIAJE PARA INDONESIA - MOCHILEROS POR INDONESIA - ASIA - AGOSTO 2019\",\"isPartOf\":{\"@id\":\"https:\/\/itxaspe.com\/mochileros\/asia-indonesia\/#website\"},\"primaryImageOfPage\":{\"@id\":\"https:\/\/itxaspe.com\/mochileros\/asia-indonesia\/seguro-de-viaje-para-indonesia\/#primaryimage\"},\"image\":{\"@id\":\"https:\/\/itxaspe.com\/mochileros\/asia-indonesia\/seguro-de-viaje-para-indonesia\/#primaryimage\"},\"thumbnailUrl\":\"http:\/\/itxaspe.com\/mochileros\/wp-content\/uploads\/2019\/04\/mondo-horizontal_510x300_1.png\",\"datePublished\":\"2019-04-03T15:45:12+00:00\",\"dateModified\":\"2019-05-23T18:37:57+00:00\",\"description\":\"\u00bfEs necesario un seguro de viaje? Te decimos qu\u00e9 seguro de viaje para Indonesia hemos cogido. Nuestras recomendaciones de seguro para mochileros\",\"breadcrumb\":{\"@id\":\"https:\/\/itxaspe.com\/mochileros\/asia-indonesia\/seguro-de-viaje-para-indonesia\/#breadcrumb\"},\"inLanguage\":\"es\",\"potentialAction\":[{\"@type\":\"ReadAction\",\"target\":[\"https:\/\/itxaspe.com\/mochileros\/asia-indonesia\/seguro-de-viaje-para-indonesia\/\"]}]},{\"@type\":\"ImageObject\",\"inLanguage\":\"es\",\"@id\":\"https:\/\/itxaspe.com\/mochileros\/asia-indonesia\/seguro-de-viaje-para-indonesia\/#primaryimage\",\"url\":\"http:\/\/itxaspe.com\/mochileros\/wp-content\/uploads\/2019\/04\/mondo-horizontal_510x300_1.png\",\"contentUrl\":\"http:\/\/itxaspe.com\/mochileros\/wp-content\/uploads\/2019\/04\/mondo-horizontal_510x300_1.png\"},{\"@type\":\"BreadcrumbList\",\"@id\":\"https:\/\/itxaspe.com\/mochileros\/asia-indonesia\/seguro-de-viaje-para-indonesia\/#breadcrumb\",\"itemListElement\":[{\"@type\":\"ListItem\",\"position\":1,\"name\":\"Portada\",\"item\":\"https:\/\/itxaspe.com\/mochileros\/asia-indonesia\/\"},{\"@type\":\"ListItem\",\"position\":2,\"name\":\"SEGURO DE VIAJE PARA INDONESIA\"}]},{\"@type\":\"WebSite\",\"@id\":\"https:\/\/itxaspe.com\/mochileros\/asia-indonesia\/#website\",\"url\":\"https:\/\/itxaspe.com\/mochileros\/asia-indonesia\/\",\"name\":\"MOCHILEROS POR INDONESIA - ASIA - AGOSTO 2019\",\"description\":\"Nuestro blog de viaje a Indonesia. Primer viaje con la mochila a cuestas\",\"potentialAction\":[{\"@type\":\"SearchAction\",\"target\":{\"@type\":\"EntryPoint\",\"urlTemplate\":\"https:\/\/itxaspe.com\/mochileros\/asia-indonesia\/?s={search_term_string}\"},\"query-input\":{\"@type\":\"PropertyValueSpecification\",\"valueRequired\":true,\"valueName\":\"search_term_string\"}}],\"inLanguage\":\"es\"}]}<\/script>\n<!-- \/ Yoast SEO plugin. -->","yoast_head_json":{"title":"SEGURO DE VIAJE PARA INDONESIA - MOCHILEROS POR INDONESIA - ASIA - AGOSTO 2019","description":"\u00bfEs necesario un seguro de viaje? Te decimos qu\u00e9 seguro de viaje para Indonesia hemos cogido. Nuestras recomendaciones de seguro para mochileros","robots":{"index":"index","follow":"follow","max-snippet":"max-snippet:-1","max-image-preview":"max-image-preview:large","max-video-preview":"max-video-preview:-1"},"canonical":"https:\/\/itxaspe.com\/mochileros\/asia-indonesia\/seguro-de-viaje-para-indonesia\/","og_locale":"es_ES","og_type":"article","og_title":"SEGURO DE VIAJE PARA INDONESIA - MOCHILEROS POR INDONESIA - ASIA - AGOSTO 2019","og_description":"\u00bfEs necesario un seguro de viaje? Te decimos qu\u00e9 seguro de viaje para Indonesia hemos cogido. Nuestras recomendaciones de seguro para mochileros","og_url":"https:\/\/itxaspe.com\/mochileros\/asia-indonesia\/seguro-de-viaje-para-indonesia\/","og_site_name":"MOCHILEROS POR INDONESIA - ASIA - AGOSTO 2019","article_modified_time":"2019-05-23T18:37:57+00:00","og_image":[{"url":"http:\/\/itxaspe.com\/mochileros\/wp-content\/uploads\/2019\/04\/mondo-horizontal_510x300_1.png","type":"","width":"","height":""}],"twitter_card":"summary_large_image","twitter_misc":{"Tiempo de lectura":"7 minutos"},"schema":{"@context":"https:\/\/schema.org","@graph":[{"@type":"WebPage","@id":"https:\/\/itxaspe.com\/mochileros\/asia-indonesia\/seguro-de-viaje-para-indonesia\/","url":"https:\/\/itxaspe.com\/mochileros\/asia-indonesia\/seguro-de-viaje-para-indonesia\/","name":"SEGURO DE VIAJE PARA INDONESIA - MOCHILEROS POR INDONESIA - ASIA - AGOSTO 2019","isPartOf":{"@id":"https:\/\/itxaspe.com\/mochileros\/asia-indonesia\/#website"},"primaryImageOfPage":{"@id":"https:\/\/itxaspe.com\/mochileros\/asia-indonesia\/seguro-de-viaje-para-indonesia\/#primaryimage"},"image":{"@id":"https:\/\/itxaspe.com\/mochileros\/asia-indonesia\/seguro-de-viaje-para-indonesia\/#primaryimage"},"thumbnailUrl":"http:\/\/itxaspe.com\/mochileros\/wp-content\/uploads\/2019\/04\/mondo-horizontal_510x300_1.png","datePublished":"2019-04-03T15:45:12+00:00","dateModified":"2019-05-23T18:37:57+00:00","description":"\u00bfEs necesario un seguro de viaje? Te decimos qu\u00e9 seguro de viaje para Indonesia hemos cogido. Nuestras recomendaciones de seguro para mochileros","breadcrumb":{"@id":"https:\/\/itxaspe.com\/mochileros\/asia-indonesia\/seguro-de-viaje-para-indonesia\/#breadcrumb"},"inLanguage":"es","potentialAction":[{"@type":"ReadAction","target":["https:\/\/itxaspe.com\/mochileros\/asia-indonesia\/seguro-de-viaje-para-indonesia\/"]}]},{"@type":"ImageObject","inLanguage":"es","@id":"https:\/\/itxaspe.com\/mochileros\/asia-indonesia\/seguro-de-viaje-para-indonesia\/#primaryimage","url":"http:\/\/itxaspe.com\/mochileros\/wp-content\/uploads\/2019\/04\/mondo-horizontal_510x300_1.png","contentUrl":"http:\/\/itxaspe.com\/mochileros\/wp-content\/uploads\/2019\/04\/mondo-horizontal_510x300_1.png"},{"@type":"BreadcrumbList","@id":"https:\/\/itxaspe.com\/mochileros\/asia-indonesia\/seguro-de-viaje-para-indonesia\/#breadcrumb","itemListElement":[{"@type":"ListItem","position":1,"name":"Portada","item":"https:\/\/itxaspe.com\/mochileros\/asia-indonesia\/"},{"@type":"ListItem","position":2,"name":"SEGURO DE VIAJE PARA INDONESIA"}]},{"@type":"WebSite","@id":"https:\/\/itxaspe.com\/mochileros\/asia-indonesia\/#website","url":"https:\/\/itxaspe.com\/mochileros\/asia-indonesia\/","name":"MOCHILEROS POR INDONESIA - ASIA - AGOSTO 2019","description":"Nuestro blog de viaje a Indonesia. Primer viaje con la mochila a cuestas","potentialAction":[{"@type":"SearchAction","target":{"@type":"EntryPoint","urlTemplate":"https:\/\/itxaspe.com\/mochileros\/asia-indonesia\/?s={search_term_string}"},"query-input":{"@type":"PropertyValueSpecification","valueRequired":true,"valueName":"search_term_string"}}],"inLanguage":"es"}]}},"_links":{"self":[{"href":"https:\/\/itxaspe.com\/mochileros\/asia-indonesia\/wp-json\/wp\/v2\/pages\/138","targetHints":{"allow":["GET"]}}],"collection":[{"href":"https:\/\/itxaspe.com\/mochileros\/asia-indonesia\/wp-json\/wp\/v2\/pages"}],"about":[{"href":"https:\/\/itxaspe.com\/mochileros\/asia-indonesia\/wp-json\/wp\/v2\/types\/page"}],"author":[{"embeddable":true,"href":"https:\/\/itxaspe.com\/mochileros\/asia-indonesia\/wp-json\/wp\/v2\/users\/1"}],"replies":[{"embeddable":true,"href":"https:\/\/itxaspe.com\/mochileros\/asia-indonesia\/wp-json\/wp\/v2\/comments?post=138"}],"version-history":[{"count":18,"href":"https:\/\/itxaspe.com\/mochileros\/asia-indonesia\/wp-json\/wp\/v2\/pages\/138\/revisions"}],"predecessor-version":[{"id":223,"href":"https:\/\/itxaspe.com\/mochileros\/asia-indonesia\/wp-json\/wp\/v2\/pages\/138\/revisions\/223"}],"wp:attachment":[{"href":"https:\/\/itxaspe.com\/mochileros\/asia-indonesia\/wp-json\/wp\/v2\/media?parent=138"}],"curies":[{"name":"wp","href":"https:\/\/api.w.org\/{rel}","templated":true}]}}