{"id":188,"date":"2019-04-15T15:48:26","date_gmt":"2019-04-15T13:48:26","guid":{"rendered":"http:\/\/itxaspe.com\/mochileros\/asia-indonesia\/?page_id=188"},"modified":"2020-02-04T16:50:02","modified_gmt":"2020-02-04T15:50:02","slug":"mochila-de-viaje","status":"publish","type":"page","link":"https:\/\/itxaspe.com\/mochileros\/asia-indonesia\/mochila-de-viaje\/","title":{"rendered":"MOCHILA DE VIAJE"},"content":{"rendered":"\n<p>Tras mirar informaci\u00f3n sobre necesidad de<a href=\"https:\/\/itxaspe.com\/mochileros\/asia-indonesia\/visado-y-pasaporte-para-indonesia\/\"> <strong>visado y pasaporte para Indonesia<\/strong><\/a> , de la obligatoriedad de <a href=\"https:\/\/itxaspe.com\/mochileros\/asia-indonesia\/vacunas-para-indonesia\/\"><strong>vacunas para Indonesia<\/strong><\/a> y elegir el <strong><a href=\"https:\/\/itxaspe.com\/mochileros\/asia-indonesia\/seguro-de-viaje-para-indonesia\/\">seguro de viaje para Indonesia<\/a><\/strong>, nos toca elegir nuestra compa\u00f1era inseparable, la <strong>mochila de viaje<\/strong>.<\/p>\n\n\n\n<p>Nuestra intenci\u00f3n es ir con una <strong>mochila<\/strong> que sea lo suficientemente <strong>peque\u00f1a, ligera y c\u00f3moda.<\/strong> Adem\u00e1s, si es posible, que no tengamos que facturar. <\/p>\n\n\n\n<h2 class=\"wp-block-heading\">Motivos para no querer facturar nuestra mochila de viaje<\/h2>\n\n\n\n<p>En los vuelos que hemos cogido hasta Yakarta, tenemos incluida y pagada ya la opci\u00f3n de mochila facturada (aunque lo evitaremos a ser posible). <\/p>\n\n\n\n<p>Una vez all\u00ed queremos poder coger vuelos entre islas en los que la mochila pueda ir como equipaje de mano. <\/p>\n\n\n\n<p>No queremos facturar por varias razones:<\/p>\n\n\n\n<ol class=\"wp-block-list\"><li>Viajar s\u00f3lo con equipaje de mano suele ser <strong>m\u00e1s econ\u00f3mico<\/strong>. Como siempre, hay que revisar bien las condiciones actualizadas de cada compa\u00f1\u00eda, y ver las dimensiones y peso de lo que aceptan como equipaje de mano.<\/li><li>Al no facturar, llevas todo contigo: <strong>no tendr\u00e1s que esperar<\/strong> en la cinta de salida de equipajes y te asegurar\u00e1s que te llega a destino (a no ser que te lo dejes t\u00fa en alg\u00fan sitio)<\/li><li><strong>Te aseguras de llevar lo m\u00ednimo<\/strong>. Soy un desastre, y cuanto m\u00e1s sitio y m\u00e1s peso pueda llevar de equipaje, m\u00e1s cosas meter\u00e9 \u00abpor si las moscas\u00bb. Esta es una forma de evitarlo.<\/li><\/ol>\n\n\n\n<h2 class=\"wp-block-heading\">Elecci\u00f3n de mochila de Viaje<\/h2>\n\n\n\n<p>La marca <a href=\"https:\/\/www.columbus-outdoor.com\">Columbus<\/a> es colaboradora del blog hace unos a\u00f1os, y en esta ocasi\u00f3n nos han cedido las <strong>mochilas<\/strong> que nos acompa\u00f1ar\u00e1n.<\/p>\n\n\n\n<p>En el cat\u00e1logo de <a href=\"https:\/\/www.columbus-outdoor.com\/mochilas\/mochilas-para-senderismo-trekking.html\">mochilas para senderismo y trekking <\/a>que tienen, cuentan con varias opciones que nos ir\u00edan bien.La decisi\u00f3n ha estado entre dos hermanas, ambas compactas, cuya \u00fanica diferencia es el volumen y el peso en si mismo de la mochila:<\/p>\n\n\n\n<ol class=\"wp-block-list\"><li><a href=\"https:\/\/www.columbus-outdoor.com\/mochila-k-35.html\">Mochila Trekking Columbus K 35<\/a> : Volumen: 35 litros. Dimensiones: 55x25x20 . Peso 1,250 kg<\/li><li><a href=\"https:\/\/www.columbus-outdoor.com\/mochila-k-45-273.html\">Mochila Trekking Columbus K 45 <\/a> : Volumen: 45 litros. Dimensiones: 57x29x22 . Peso: 1,400 kg<\/li><\/ol>\n\n\n\n<figure class=\"wp-block-image\"><a href=\"https:\/\/www.flickr.com\/photos\/48196942@N00\/47560662132\/in\/dateposted\/\"><img decoding=\"async\" src=\"https:\/\/live.staticflickr.com\/65535\/47560662132_017111a4a1_c.jpg\" alt=\"Mochila de viaje columbus-k35. Nuestra mochilas de mochileros\"\/><\/a><figcaption><strong>Mochila de viaje<\/strong> elegida:  <a href=\"https:\/\/www.columbus-outdoor.com\/mochila-k-35.html\">Mochila de Trekking Columbus K35<\/a><\/figcaption><\/figure>\n\n\n\n<p>Teniendo en cuenta que vamos a Indonesia en Agosto y se supone es temporada seca, no tenemos que llevar mucha ropa. Esto ha hecho que nos decidamos por la m\u00e1s peque\u00f1a. Cuanto m\u00e1s minimalistas vayamos, m\u00e1s c\u00f3modos andaremos. <\/p>\n\n\n\n<h3 class=\"wp-block-heading\"><strong>Caracter\u00edsticas de la mochila Columbus K 35:<\/strong><\/h3>\n\n\n\n<p> \u2022<strong> Material ligero y resistente al agua.<\/strong> La mochila vac\u00eda pesa 1,250kg.  Nos quedar\u00e1n 5,750kg para poder meter ropa y cosas necesarias. (Qatar nos permite 7kilos de equipaje de mano)<br><strong> \u2022 Compartimento principal con bolsillo interior: <\/strong>al compartimento interior se puede acceder tanto por arriba como por un bolsillo oculto en la parte frontal derecha.<br> \u2022<strong> Bolsillos laterales con cremallera<\/strong> que aportan un poco m\u00e1s de capacidad.<br> \u2022<strong> Bolsillo interior y exterior<\/strong> en la tapa superior y  <strong>bolsillo lateral y frontal el\u00e1stico<\/strong>: siempre vienen bien para a\u00f1adir a\u00fan m\u00e1s capacidad a la mochila<br> \u2022 Compatible con bolsa de hidrataci\u00f3n. <br> \u2022 <strong>Cinchas de compresi\u00f3n laterales<\/strong>. <br> \u2022 <strong>Fijaciones para bastones: <\/strong>no llevaremos bastones, pero nos vendr\u00e1 bien para colgar cosas. <br> \u2022 <strong>Espalda aireada malla tensada: <\/strong>muy importante por el calor que har\u00e1.<br> \u2022 <strong>Cintur\u00f3n acolchado con bolsillos<\/strong>. Los bolsillos son muy \u00fatiles para meter el m\u00f3vil, cartera o algunas cosas que quieras tener a mano. Son peque\u00f1itos, eso si. En uno de ellos justo me entra el m\u00f3vil. <br> \u2022 <strong>Tirantes acolchados ajustables<\/strong> y cinchas para ajustar la carga.<br> \u2022 <strong>Cinta pectoral con silbato en el cierre. <\/strong><br> \u2022 <strong>Funda para lluvia<\/strong> incluida<\/p>\n\n\n\n<p>Compacta, poco peso y unos cu\u00e1ntos bolsillos. Ahora s\u00f3lo nos queda pensar con qu\u00e9 llenarla.. \ud83d\ude09 <\/p>\n\n\n\n<p>Aqu\u00ed ya en casa<\/p>\n\n\n\n<figure class=\"wp-block-image\"><a href=\"https:\/\/www.flickr.com\/photos\/48196942@N00\/47510843272\/in\/dateposted\/\"><img decoding=\"async\" src=\"https:\/\/live.staticflickr.com\/7889\/47510843272_9e0b9db064_c.jpg\" alt=\"columbus k35 recien llegada\"\/><\/a><\/figure>\n\n\n\n<h2 class=\"wp-block-heading\">Equipaje de mano en diferentes aerol\u00edneas<\/h2>\n\n\n\n<p>De aqu\u00ed a Yakarta volamos con Vueling y luego con Qatar Airlines. Hoy en d\u00eda (Marzo 2019) estos son sus requisitos de equipaje de mano en Abril 2019: <\/p>\n\n\n\n<ul class=\"wp-block-list\"><li>Vueling: 55 x 40 x 20 cm (10 kilos)<\/li><li>Qatar Airlines: 50x37x25 (7kilos en clase econ\u00f3mica, en la que volamos)<\/li><\/ul>\n\n\n\n<p>Tal y como hemos dicho, una vez en Indonesia, quiz\u00e1 cojamos alg\u00fan vuelo interno. En Abril del 2019 esta es la informaci\u00f3n que hemos encontrado sobre varias aerol\u00edneas<\/p>\n\n\n\n<ul class=\"wp-block-list\"><li>Garuda Indonesia: 56x45x25 (entre las tres medidas no puede superar 115cm). 7kg m\u00e1ximo<\/li><li>Air Asia: https:\/\/www.airasia.com\/la\/en\/baggage-info\/cabin-baggage.page 56x36x23<\/li><li>Thai Airlines: 56x45x25 (7 kg)<\/li><li>Malaysia Airlines: 56x36x23 (total 115). <\/li><li>Lion Air: 40x30x20<\/li><\/ul>\n\n\n\n<p><strong>Conclusi\u00f3n<\/strong>: con la mochila elegida (55x25x20, 100 en total) y siempre que no la carguemos m\u00e1s de 7 kilos (mochila+contenido) no deber\u00edamos tener problemas m\u00e1s que con Lion Air. Qatar indica 50x35x25 pero queremos creer que ser\u00e1 ser\u00e1 el total lo que vale (110), as\u00ed que tambi\u00e9n nos valdr\u00eda.<\/p>\n\n\n\n<p>\u00a1Otra cosa m\u00e1s hecha! Siguiente, decidir qu\u00e9 ir\u00e1 dentro. <\/p>\n\n\n\n<h2 class=\"wp-block-heading\">Interesante: qu\u00e9 puedo y qu\u00e9 no puedo llevar en el equipaje de mano<\/h2>\n\n\n\n<p>De interesante lectura: <a href=\"https:\/\/www.skyscanner.es\/noticias\/todas-las-cosas-que-no-puedes-llevar-en-el-equipaje-de-mano-y-las-que-si\">https:\/\/www.skyscanner.es\/noticias\/todas-las-cosas-que-no-puedes-llevar-en-el-equipaje-de-mano-y-las-que-si<\/a><\/p>\n","protected":false},"excerpt":{"rendered":"<p>Tras mirar informaci\u00f3n sobre necesidad de visado y pasaporte para Indonesia , de la obligatoriedad de vacunas para Indonesia y elegir el seguro de viaje &hellip; <\/p>\n","protected":false},"author":1,"featured_media":0,"parent":0,"menu_order":0,"comment_status":"closed","ping_status":"closed","template":"","meta":{"footnotes":""},"class_list":["post-188","page","type-page","status-publish","hentry"],"yoast_head":"<!-- This site is optimized with the Yoast SEO plugin v26.8 - https:\/\/yoast.com\/product\/yoast-seo-wordpress\/ -->\n<title>MOCHILA DE VIAJE - MOCHILEROS POR INDONESIA - ASIA - AGOSTO 2019<\/title>\n<meta name=\"description\" content=\"Nos toca elegir nuestra mochila de viaje para ir a Indonesia. Queremos una mochila compacta, ligera y a ser posible que no tengamos que facturar.\" \/>\n<meta name=\"robots\" content=\"index, follow, max-snippet:-1, max-image-preview:large, max-video-preview:-1\" \/>\n<link rel=\"canonical\" href=\"https:\/\/itxaspe.com\/mochileros\/asia-indonesia\/mochila-de-viaje\/\" \/>\n<meta property=\"og:locale\" content=\"es_ES\" \/>\n<meta property=\"og:type\" content=\"article\" \/>\n<meta property=\"og:title\" content=\"MOCHILA DE VIAJE - MOCHILEROS POR INDONESIA - ASIA - AGOSTO 2019\" \/>\n<meta property=\"og:description\" content=\"Nos toca elegir nuestra mochila de viaje para ir a Indonesia. Queremos una mochila compacta, ligera y a ser posible que no tengamos que facturar.\" \/>\n<meta property=\"og:url\" content=\"https:\/\/itxaspe.com\/mochileros\/asia-indonesia\/mochila-de-viaje\/\" \/>\n<meta property=\"og:site_name\" content=\"MOCHILEROS POR INDONESIA - ASIA - AGOSTO 2019\" \/>\n<meta property=\"article:modified_time\" content=\"2020-02-04T15:50:02+00:00\" \/>\n<meta property=\"og:image\" content=\"https:\/\/live.staticflickr.com\/65535\/47560662132_017111a4a1_c.jpg\" \/>\n<meta name=\"twitter:card\" content=\"summary_large_image\" \/>\n<meta name=\"twitter:label1\" content=\"Tiempo de lectura\" \/>\n\t<meta name=\"twitter:data1\" content=\"4 minutos\" \/>\n<script type=\"application\/ld+json\" class=\"yoast-schema-graph\">{\"@context\":\"https:\/\/schema.org\",\"@graph\":[{\"@type\":\"WebPage\",\"@id\":\"https:\/\/itxaspe.com\/mochileros\/asia-indonesia\/mochila-de-viaje\/\",\"url\":\"https:\/\/itxaspe.com\/mochileros\/asia-indonesia\/mochila-de-viaje\/\",\"name\":\"MOCHILA DE VIAJE - MOCHILEROS POR INDONESIA - ASIA - AGOSTO 2019\",\"isPartOf\":{\"@id\":\"https:\/\/itxaspe.com\/mochileros\/asia-indonesia\/#website\"},\"primaryImageOfPage\":{\"@id\":\"https:\/\/itxaspe.com\/mochileros\/asia-indonesia\/mochila-de-viaje\/#primaryimage\"},\"image\":{\"@id\":\"https:\/\/itxaspe.com\/mochileros\/asia-indonesia\/mochila-de-viaje\/#primaryimage\"},\"thumbnailUrl\":\"https:\/\/live.staticflickr.com\/65535\/47560662132_017111a4a1_c.jpg\",\"datePublished\":\"2019-04-15T13:48:26+00:00\",\"dateModified\":\"2020-02-04T15:50:02+00:00\",\"description\":\"Nos toca elegir nuestra mochila de viaje para ir a Indonesia. Queremos una mochila compacta, ligera y a ser posible que no tengamos que facturar.\",\"breadcrumb\":{\"@id\":\"https:\/\/itxaspe.com\/mochileros\/asia-indonesia\/mochila-de-viaje\/#breadcrumb\"},\"inLanguage\":\"es\",\"potentialAction\":[{\"@type\":\"ReadAction\",\"target\":[\"https:\/\/itxaspe.com\/mochileros\/asia-indonesia\/mochila-de-viaje\/\"]}]},{\"@type\":\"ImageObject\",\"inLanguage\":\"es\",\"@id\":\"https:\/\/itxaspe.com\/mochileros\/asia-indonesia\/mochila-de-viaje\/#primaryimage\",\"url\":\"https:\/\/live.staticflickr.com\/65535\/47560662132_017111a4a1_c.jpg\",\"contentUrl\":\"https:\/\/live.staticflickr.com\/65535\/47560662132_017111a4a1_c.jpg\"},{\"@type\":\"BreadcrumbList\",\"@id\":\"https:\/\/itxaspe.com\/mochileros\/asia-indonesia\/mochila-de-viaje\/#breadcrumb\",\"itemListElement\":[{\"@type\":\"ListItem\",\"position\":1,\"name\":\"Portada\",\"item\":\"https:\/\/itxaspe.com\/mochileros\/asia-indonesia\/\"},{\"@type\":\"ListItem\",\"position\":2,\"name\":\"MOCHILA DE VIAJE\"}]},{\"@type\":\"WebSite\",\"@id\":\"https:\/\/itxaspe.com\/mochileros\/asia-indonesia\/#website\",\"url\":\"https:\/\/itxaspe.com\/mochileros\/asia-indonesia\/\",\"name\":\"MOCHILEROS POR INDONESIA - ASIA - AGOSTO 2019\",\"description\":\"Nuestro blog de viaje a Indonesia. Primer viaje con la mochila a cuestas\",\"potentialAction\":[{\"@type\":\"SearchAction\",\"target\":{\"@type\":\"EntryPoint\",\"urlTemplate\":\"https:\/\/itxaspe.com\/mochileros\/asia-indonesia\/?s={search_term_string}\"},\"query-input\":{\"@type\":\"PropertyValueSpecification\",\"valueRequired\":true,\"valueName\":\"search_term_string\"}}],\"inLanguage\":\"es\"}]}<\/script>\n<!-- \/ Yoast SEO plugin. -->","yoast_head_json":{"title":"MOCHILA DE VIAJE - MOCHILEROS POR INDONESIA - ASIA - AGOSTO 2019","description":"Nos toca elegir nuestra mochila de viaje para ir a Indonesia. Queremos una mochila compacta, ligera y a ser posible que no tengamos que facturar.","robots":{"index":"index","follow":"follow","max-snippet":"max-snippet:-1","max-image-preview":"max-image-preview:large","max-video-preview":"max-video-preview:-1"},"canonical":"https:\/\/itxaspe.com\/mochileros\/asia-indonesia\/mochila-de-viaje\/","og_locale":"es_ES","og_type":"article","og_title":"MOCHILA DE VIAJE - MOCHILEROS POR INDONESIA - ASIA - AGOSTO 2019","og_description":"Nos toca elegir nuestra mochila de viaje para ir a Indonesia. Queremos una mochila compacta, ligera y a ser posible que no tengamos que facturar.","og_url":"https:\/\/itxaspe.com\/mochileros\/asia-indonesia\/mochila-de-viaje\/","og_site_name":"MOCHILEROS POR INDONESIA - ASIA - AGOSTO 2019","article_modified_time":"2020-02-04T15:50:02+00:00","og_image":[{"url":"https:\/\/live.staticflickr.com\/65535\/47560662132_017111a4a1_c.jpg","type":"","width":"","height":""}],"twitter_card":"summary_large_image","twitter_misc":{"Tiempo de lectura":"4 minutos"},"schema":{"@context":"https:\/\/schema.org","@graph":[{"@type":"WebPage","@id":"https:\/\/itxaspe.com\/mochileros\/asia-indonesia\/mochila-de-viaje\/","url":"https:\/\/itxaspe.com\/mochileros\/asia-indonesia\/mochila-de-viaje\/","name":"MOCHILA DE VIAJE - MOCHILEROS POR INDONESIA - ASIA - AGOSTO 2019","isPartOf":{"@id":"https:\/\/itxaspe.com\/mochileros\/asia-indonesia\/#website"},"primaryImageOfPage":{"@id":"https:\/\/itxaspe.com\/mochileros\/asia-indonesia\/mochila-de-viaje\/#primaryimage"},"image":{"@id":"https:\/\/itxaspe.com\/mochileros\/asia-indonesia\/mochila-de-viaje\/#primaryimage"},"thumbnailUrl":"https:\/\/live.staticflickr.com\/65535\/47560662132_017111a4a1_c.jpg","datePublished":"2019-04-15T13:48:26+00:00","dateModified":"2020-02-04T15:50:02+00:00","description":"Nos toca elegir nuestra mochila de viaje para ir a Indonesia. Queremos una mochila compacta, ligera y a ser posible que no tengamos que facturar.","breadcrumb":{"@id":"https:\/\/itxaspe.com\/mochileros\/asia-indonesia\/mochila-de-viaje\/#breadcrumb"},"inLanguage":"es","potentialAction":[{"@type":"ReadAction","target":["https:\/\/itxaspe.com\/mochileros\/asia-indonesia\/mochila-de-viaje\/"]}]},{"@type":"ImageObject","inLanguage":"es","@id":"https:\/\/itxaspe.com\/mochileros\/asia-indonesia\/mochila-de-viaje\/#primaryimage","url":"https:\/\/live.staticflickr.com\/65535\/47560662132_017111a4a1_c.jpg","contentUrl":"https:\/\/live.staticflickr.com\/65535\/47560662132_017111a4a1_c.jpg"},{"@type":"BreadcrumbList","@id":"https:\/\/itxaspe.com\/mochileros\/asia-indonesia\/mochila-de-viaje\/#breadcrumb","itemListElement":[{"@type":"ListItem","position":1,"name":"Portada","item":"https:\/\/itxaspe.com\/mochileros\/asia-indonesia\/"},{"@type":"ListItem","position":2,"name":"MOCHILA DE VIAJE"}]},{"@type":"WebSite","@id":"https:\/\/itxaspe.com\/mochileros\/asia-indonesia\/#website","url":"https:\/\/itxaspe.com\/mochileros\/asia-indonesia\/","name":"MOCHILEROS POR INDONESIA - ASIA - AGOSTO 2019","description":"Nuestro blog de viaje a Indonesia. Primer viaje con la mochila a cuestas","potentialAction":[{"@type":"SearchAction","target":{"@type":"EntryPoint","urlTemplate":"https:\/\/itxaspe.com\/mochileros\/asia-indonesia\/?s={search_term_string}"},"query-input":{"@type":"PropertyValueSpecification","valueRequired":true,"valueName":"search_term_string"}}],"inLanguage":"es"}]}},"_links":{"self":[{"href":"https:\/\/itxaspe.com\/mochileros\/asia-indonesia\/wp-json\/wp\/v2\/pages\/188","targetHints":{"allow":["GET"]}}],"collection":[{"href":"https:\/\/itxaspe.com\/mochileros\/asia-indonesia\/wp-json\/wp\/v2\/pages"}],"about":[{"href":"https:\/\/itxaspe.com\/mochileros\/asia-indonesia\/wp-json\/wp\/v2\/types\/page"}],"author":[{"embeddable":true,"href":"https:\/\/itxaspe.com\/mochileros\/asia-indonesia\/wp-json\/wp\/v2\/users\/1"}],"replies":[{"embeddable":true,"href":"https:\/\/itxaspe.com\/mochileros\/asia-indonesia\/wp-json\/wp\/v2\/comments?post=188"}],"version-history":[{"count":12,"href":"https:\/\/itxaspe.com\/mochileros\/asia-indonesia\/wp-json\/wp\/v2\/pages\/188\/revisions"}],"predecessor-version":[{"id":484,"href":"https:\/\/itxaspe.com\/mochileros\/asia-indonesia\/wp-json\/wp\/v2\/pages\/188\/revisions\/484"}],"wp:attachment":[{"href":"https:\/\/itxaspe.com\/mochileros\/asia-indonesia\/wp-json\/wp\/v2\/media?parent=188"}],"curies":[{"name":"wp","href":"https:\/\/api.w.org\/{rel}","templated":true}]}}