{"id":209,"date":"2019-05-02T18:14:37","date_gmt":"2019-05-02T16:14:37","guid":{"rendered":"http:\/\/itxaspe.com\/mochileros\/asia-indonesia\/?page_id=209"},"modified":"2019-05-02T18:15:58","modified_gmt":"2019-05-02T16:15:58","slug":"registro-de-viajeros","status":"publish","type":"page","link":"https:\/\/itxaspe.com\/mochileros\/asia-indonesia\/registro-de-viajeros\/","title":{"rendered":"REGISTRO DE VIAJEROS"},"content":{"rendered":"\n<p>Ya tenemos miradas varias tareas anteriores al viaje: <\/p>\n\n\n\n<ol class=\"wp-block-list\"><li><a href=\"https:\/\/itxaspe.com\/mochileros\/asia-indonesia\/visado-y-pasaporte-para-indonesia\/\">Visado y pasaporte para Indonesia<\/a> <\/li><li><a href=\"https:\/\/itxaspe.com\/mochileros\/asia-indonesia\/vacunas-para-indonesia\/\">Vacunas para Indonesia<\/a>  <\/li><li><a href=\"https:\/\/itxaspe.com\/mochileros\/asia-indonesia\/seguro-de-viaje-para-indonesia\/\">Seguro de viaje para Indonesia<\/a><\/li><\/ol>\n\n\n\n<p>Ahora nos toca mirar un tema que no es obligatorio, pero seg\u00fan leemos es recomendado: inscribirnos en el<strong> registro de viajeros<\/strong>. <\/p>\n\n\n\n<figure class=\"wp-block-image\"><a href=\"http:\/\/www.exteriores.gob.es\/Portal\/es\/ServiciosAlCiudadano\/SiViajasAlExtranjero\/Paginas\/InscribeteEnElRegistroDeViajeros.aspx\"><img decoding=\"async\" src=\"http:\/\/itxaspe.com\/mochileros\/wp-content\/uploads\/2019\/05\/registro-viajeros.jpg\" alt=\"P\u00e1gina donde te das de alta en el registro de viajeros\" class=\"wp-image-44\"\/><\/a><figcaption>Registro de viajeros<\/figcaption><\/figure>\n\n\n\n<h2 class=\"wp-block-heading\">\u00bfQu\u00e9 es el registro de viajeros? <\/h2>\n\n\n\n<p>Es una herramienta del Ministerio de Asuntos Exteriores y Cooperaci\u00f3n.<\/p>\n\n\n\n<p>Ante cualquier emergencia grave en el pa\u00eds al que vas, te mandan informaci\u00f3n por SMS (o por el medio de comunicaci\u00f3n que hayas establecido en tu cuenta). Emergencia grave: cat\u00e1strofe natural, conflicto armado.. <\/p>\n\n\n\n<p>Tenemos que poner datos sobre d\u00f3nde vamos a viajar (Indonesia), fechas del viaje, si tenemos alojamiento cu\u00e1l es (en nuestro casi ni idea y as\u00ed lo hemos puesto ) y datos de personas de contacto. <\/p>\n\n\n\n<p>Aqu\u00ed tienes c\u00f3mo <strong>Inscribirte<\/strong><a href=\"http:\/\/www.exteriores.gob.es\/Portal\/es\/ServiciosAlCiudadano\/SiViajasAlExtranjero\/Paginas\/InscribeteEnElRegistroDeViajeros.aspx\">http:\/\/www.exteriores.gob.es\/Portal\/es\/ServiciosAlCiudadano\/SiViajasAlExtranjero\/Paginas\/InscribeteEnElRegistroDeViajeros.aspx<\/a><\/p>\n\n\n\n<p>No es un tr\u00e1mite obligatorio (nosotros nunca lo hemos hecho), as\u00ed que cada uno debemos decidir qu\u00e9 hacer al respecto.<\/p>\n","protected":false},"excerpt":{"rendered":"<p>Ya tenemos miradas varias tareas anteriores al viaje: Visado y pasaporte para Indonesia Vacunas para Indonesia Seguro de viaje para Indonesia Ahora nos toca mirar &hellip; <\/p>\n","protected":false},"author":1,"featured_media":0,"parent":0,"menu_order":0,"comment_status":"closed","ping_status":"closed","template":"","meta":{"footnotes":""},"class_list":["post-209","page","type-page","status-publish","hentry"],"yoast_head":"<!-- This site is optimized with the Yoast SEO plugin v26.8 - https:\/\/yoast.com\/product\/yoast-seo-wordpress\/ -->\n<title>REGISTRO DE VIAJEROS - MOCHILEROS POR INDONESIA - ASIA - AGOSTO 2019<\/title>\n<meta name=\"description\" content=\"Tras mirar el seguro del viaje, vacunas obligatorias y que tenemos el pasaporte en regla, miraremos qu\u00e9 es esto del registro de viajeros.\" \/>\n<meta name=\"robots\" content=\"index, follow, max-snippet:-1, max-image-preview:large, max-video-preview:-1\" \/>\n<link rel=\"canonical\" href=\"https:\/\/itxaspe.com\/mochileros\/asia-indonesia\/registro-de-viajeros\/\" \/>\n<meta property=\"og:locale\" content=\"es_ES\" \/>\n<meta property=\"og:type\" content=\"article\" \/>\n<meta property=\"og:title\" content=\"REGISTRO DE VIAJEROS - MOCHILEROS POR INDONESIA - ASIA - AGOSTO 2019\" \/>\n<meta property=\"og:description\" content=\"Tras mirar el seguro del viaje, vacunas obligatorias y que tenemos el pasaporte en regla, miraremos qu\u00e9 es esto del registro de viajeros.\" \/>\n<meta property=\"og:url\" content=\"https:\/\/itxaspe.com\/mochileros\/asia-indonesia\/registro-de-viajeros\/\" \/>\n<meta property=\"og:site_name\" content=\"MOCHILEROS POR INDONESIA - ASIA - AGOSTO 2019\" \/>\n<meta property=\"article:modified_time\" content=\"2019-05-02T16:15:58+00:00\" \/>\n<meta property=\"og:image\" content=\"http:\/\/itxaspe.com\/mochileros\/wp-content\/uploads\/2019\/05\/registro-viajeros.jpg\" \/>\n<meta name=\"twitter:card\" content=\"summary_large_image\" \/>\n<meta name=\"twitter:label1\" content=\"Tiempo de lectura\" \/>\n\t<meta name=\"twitter:data1\" content=\"1 minuto\" \/>\n<script type=\"application\/ld+json\" class=\"yoast-schema-graph\">{\"@context\":\"https:\/\/schema.org\",\"@graph\":[{\"@type\":\"WebPage\",\"@id\":\"https:\/\/itxaspe.com\/mochileros\/asia-indonesia\/registro-de-viajeros\/\",\"url\":\"https:\/\/itxaspe.com\/mochileros\/asia-indonesia\/registro-de-viajeros\/\",\"name\":\"REGISTRO DE VIAJEROS - MOCHILEROS POR INDONESIA - ASIA - AGOSTO 2019\",\"isPartOf\":{\"@id\":\"https:\/\/itxaspe.com\/mochileros\/asia-indonesia\/#website\"},\"primaryImageOfPage\":{\"@id\":\"https:\/\/itxaspe.com\/mochileros\/asia-indonesia\/registro-de-viajeros\/#primaryimage\"},\"image\":{\"@id\":\"https:\/\/itxaspe.com\/mochileros\/asia-indonesia\/registro-de-viajeros\/#primaryimage\"},\"thumbnailUrl\":\"http:\/\/itxaspe.com\/mochileros\/wp-content\/uploads\/2019\/05\/registro-viajeros.jpg\",\"datePublished\":\"2019-05-02T16:14:37+00:00\",\"dateModified\":\"2019-05-02T16:15:58+00:00\",\"description\":\"Tras mirar el seguro del viaje, vacunas obligatorias y que tenemos el pasaporte en regla, miraremos qu\u00e9 es esto del registro de viajeros.\",\"breadcrumb\":{\"@id\":\"https:\/\/itxaspe.com\/mochileros\/asia-indonesia\/registro-de-viajeros\/#breadcrumb\"},\"inLanguage\":\"es\",\"potentialAction\":[{\"@type\":\"ReadAction\",\"target\":[\"https:\/\/itxaspe.com\/mochileros\/asia-indonesia\/registro-de-viajeros\/\"]}]},{\"@type\":\"ImageObject\",\"inLanguage\":\"es\",\"@id\":\"https:\/\/itxaspe.com\/mochileros\/asia-indonesia\/registro-de-viajeros\/#primaryimage\",\"url\":\"http:\/\/itxaspe.com\/mochileros\/wp-content\/uploads\/2019\/05\/registro-viajeros.jpg\",\"contentUrl\":\"http:\/\/itxaspe.com\/mochileros\/wp-content\/uploads\/2019\/05\/registro-viajeros.jpg\"},{\"@type\":\"BreadcrumbList\",\"@id\":\"https:\/\/itxaspe.com\/mochileros\/asia-indonesia\/registro-de-viajeros\/#breadcrumb\",\"itemListElement\":[{\"@type\":\"ListItem\",\"position\":1,\"name\":\"Portada\",\"item\":\"https:\/\/itxaspe.com\/mochileros\/asia-indonesia\/\"},{\"@type\":\"ListItem\",\"position\":2,\"name\":\"REGISTRO DE VIAJEROS\"}]},{\"@type\":\"WebSite\",\"@id\":\"https:\/\/itxaspe.com\/mochileros\/asia-indonesia\/#website\",\"url\":\"https:\/\/itxaspe.com\/mochileros\/asia-indonesia\/\",\"name\":\"MOCHILEROS POR INDONESIA - ASIA - AGOSTO 2019\",\"description\":\"Nuestro blog de viaje a Indonesia. Primer viaje con la mochila a cuestas\",\"potentialAction\":[{\"@type\":\"SearchAction\",\"target\":{\"@type\":\"EntryPoint\",\"urlTemplate\":\"https:\/\/itxaspe.com\/mochileros\/asia-indonesia\/?s={search_term_string}\"},\"query-input\":{\"@type\":\"PropertyValueSpecification\",\"valueRequired\":true,\"valueName\":\"search_term_string\"}}],\"inLanguage\":\"es\"}]}<\/script>\n<!-- \/ Yoast SEO plugin. -->","yoast_head_json":{"title":"REGISTRO DE VIAJEROS - MOCHILEROS POR INDONESIA - ASIA - AGOSTO 2019","description":"Tras mirar el seguro del viaje, vacunas obligatorias y que tenemos el pasaporte en regla, miraremos qu\u00e9 es esto del registro de viajeros.","robots":{"index":"index","follow":"follow","max-snippet":"max-snippet:-1","max-image-preview":"max-image-preview:large","max-video-preview":"max-video-preview:-1"},"canonical":"https:\/\/itxaspe.com\/mochileros\/asia-indonesia\/registro-de-viajeros\/","og_locale":"es_ES","og_type":"article","og_title":"REGISTRO DE VIAJEROS - MOCHILEROS POR INDONESIA - ASIA - AGOSTO 2019","og_description":"Tras mirar el seguro del viaje, vacunas obligatorias y que tenemos el pasaporte en regla, miraremos qu\u00e9 es esto del registro de viajeros.","og_url":"https:\/\/itxaspe.com\/mochileros\/asia-indonesia\/registro-de-viajeros\/","og_site_name":"MOCHILEROS POR INDONESIA - ASIA - AGOSTO 2019","article_modified_time":"2019-05-02T16:15:58+00:00","og_image":[{"url":"http:\/\/itxaspe.com\/mochileros\/wp-content\/uploads\/2019\/05\/registro-viajeros.jpg","type":"","width":"","height":""}],"twitter_card":"summary_large_image","twitter_misc":{"Tiempo de lectura":"1 minuto"},"schema":{"@context":"https:\/\/schema.org","@graph":[{"@type":"WebPage","@id":"https:\/\/itxaspe.com\/mochileros\/asia-indonesia\/registro-de-viajeros\/","url":"https:\/\/itxaspe.com\/mochileros\/asia-indonesia\/registro-de-viajeros\/","name":"REGISTRO DE VIAJEROS - MOCHILEROS POR INDONESIA - ASIA - AGOSTO 2019","isPartOf":{"@id":"https:\/\/itxaspe.com\/mochileros\/asia-indonesia\/#website"},"primaryImageOfPage":{"@id":"https:\/\/itxaspe.com\/mochileros\/asia-indonesia\/registro-de-viajeros\/#primaryimage"},"image":{"@id":"https:\/\/itxaspe.com\/mochileros\/asia-indonesia\/registro-de-viajeros\/#primaryimage"},"thumbnailUrl":"http:\/\/itxaspe.com\/mochileros\/wp-content\/uploads\/2019\/05\/registro-viajeros.jpg","datePublished":"2019-05-02T16:14:37+00:00","dateModified":"2019-05-02T16:15:58+00:00","description":"Tras mirar el seguro del viaje, vacunas obligatorias y que tenemos el pasaporte en regla, miraremos qu\u00e9 es esto del registro de viajeros.","breadcrumb":{"@id":"https:\/\/itxaspe.com\/mochileros\/asia-indonesia\/registro-de-viajeros\/#breadcrumb"},"inLanguage":"es","potentialAction":[{"@type":"ReadAction","target":["https:\/\/itxaspe.com\/mochileros\/asia-indonesia\/registro-de-viajeros\/"]}]},{"@type":"ImageObject","inLanguage":"es","@id":"https:\/\/itxaspe.com\/mochileros\/asia-indonesia\/registro-de-viajeros\/#primaryimage","url":"http:\/\/itxaspe.com\/mochileros\/wp-content\/uploads\/2019\/05\/registro-viajeros.jpg","contentUrl":"http:\/\/itxaspe.com\/mochileros\/wp-content\/uploads\/2019\/05\/registro-viajeros.jpg"},{"@type":"BreadcrumbList","@id":"https:\/\/itxaspe.com\/mochileros\/asia-indonesia\/registro-de-viajeros\/#breadcrumb","itemListElement":[{"@type":"ListItem","position":1,"name":"Portada","item":"https:\/\/itxaspe.com\/mochileros\/asia-indonesia\/"},{"@type":"ListItem","position":2,"name":"REGISTRO DE VIAJEROS"}]},{"@type":"WebSite","@id":"https:\/\/itxaspe.com\/mochileros\/asia-indonesia\/#website","url":"https:\/\/itxaspe.com\/mochileros\/asia-indonesia\/","name":"MOCHILEROS POR INDONESIA - ASIA - AGOSTO 2019","description":"Nuestro blog de viaje a Indonesia. Primer viaje con la mochila a cuestas","potentialAction":[{"@type":"SearchAction","target":{"@type":"EntryPoint","urlTemplate":"https:\/\/itxaspe.com\/mochileros\/asia-indonesia\/?s={search_term_string}"},"query-input":{"@type":"PropertyValueSpecification","valueRequired":true,"valueName":"search_term_string"}}],"inLanguage":"es"}]}},"_links":{"self":[{"href":"https:\/\/itxaspe.com\/mochileros\/asia-indonesia\/wp-json\/wp\/v2\/pages\/209","targetHints":{"allow":["GET"]}}],"collection":[{"href":"https:\/\/itxaspe.com\/mochileros\/asia-indonesia\/wp-json\/wp\/v2\/pages"}],"about":[{"href":"https:\/\/itxaspe.com\/mochileros\/asia-indonesia\/wp-json\/wp\/v2\/types\/page"}],"author":[{"embeddable":true,"href":"https:\/\/itxaspe.com\/mochileros\/asia-indonesia\/wp-json\/wp\/v2\/users\/1"}],"replies":[{"embeddable":true,"href":"https:\/\/itxaspe.com\/mochileros\/asia-indonesia\/wp-json\/wp\/v2\/comments?post=209"}],"version-history":[{"count":1,"href":"https:\/\/itxaspe.com\/mochileros\/asia-indonesia\/wp-json\/wp\/v2\/pages\/209\/revisions"}],"predecessor-version":[{"id":210,"href":"https:\/\/itxaspe.com\/mochileros\/asia-indonesia\/wp-json\/wp\/v2\/pages\/209\/revisions\/210"}],"wp:attachment":[{"href":"https:\/\/itxaspe.com\/mochileros\/asia-indonesia\/wp-json\/wp\/v2\/media?parent=209"}],"curies":[{"name":"wp","href":"https:\/\/api.w.org\/{rel}","templated":true}]}}