{"id":227,"date":"2019-05-20T20:03:26","date_gmt":"2019-05-20T18:03:26","guid":{"rendered":"http:\/\/itxaspe.com\/mochileros\/asia-indonesia\/?page_id=227"},"modified":"2023-11-28T20:00:33","modified_gmt":"2023-11-28T19:00:33","slug":"a-indonesia-con-la-mochila-a-cuestas","status":"publish","type":"page","link":"https:\/\/itxaspe.com\/mochileros\/asia-indonesia\/","title":{"rendered":"A Indonesia con la mochila a cuestas"},"content":{"rendered":"\n<p>En Agosto de 2019 nos hemos ido a <strong>Indonesia con la mochila<\/strong> durante un mes.<\/p>\n\n\n\n<p>Ya estamos de vuelta y estamos empezando a escribir algo en el <a href=\"https:\/\/itxaspe.com\/mochileros\/asia-indonesia\/category\/diario\/\">Diario de Viaje a Indonesia<\/a>. Aqu\u00ed iremos a\u00f1adiendo el listado de entradas<\/p>\n\n\n\n<ol class=\"wp-block-list\">\n<li><a href=\"https:\/\/itxaspe.com\/mochileros\/asia-indonesia\/yakarta-isla-java-empiezan-las-vacaciones\/\">Yakarta &#8211; Isla de Java, empiezan las vacaciones<\/a> : relato de los primeros d\u00edas de viaje y nuestra estancia en <strong>Yakarta<\/strong>.<\/li>\n\n\n\n<li><a href=\"https:\/\/itxaspe.com\/mochileros\/asia-indonesia\/lombok-sekotong-y-visita-a-las-secret-gilis\/\">Lombok. Sekotong y visita a las Secret Gilis<\/a>: nuestro primer contacto con la isla de <strong>Lombok<\/strong>. Visitamos en un d\u00eda 3 islas: <strong>Gili Nanggu<\/strong>, <strong>Gili Kedis<\/strong> y <strong>Gili Sudak<\/strong><\/li>\n\n\n\n<li><a href=\"https:\/\/itxaspe.com\/mochileros\/asia-indonesia\/lombok-kuta-lombok-y-sus-playas\/\">Lombok. Kuta Lombok y sus playas <\/a>: paso por el sur de Lombok. 5 d\u00edas en la zona de Kuta visitando dos de sus playas: Selong Belanak y Tanjung Aan. Playas perfectas para iniciarse en el surf<\/li>\n\n\n\n<li><a href=\"https:\/\/itxaspe.com\/mochileros\/asia-indonesia\/lombok-visita-a-tetebatu-arrozales-y-mas\/\">Lombok. Visita a Tetebatu: arrozales y m\u00e1s<\/a>: nos vamos a ver un poco de verde clorofila.. \ud83d\ude09 <\/li>\n\n\n\n<li><a href=\"https:\/\/itxaspe.com\/mochileros\/asia-indonesia\/lombok-isla-gili-air\/\">Descanso en la isla de Gili Air<\/a>: dos d\u00edas de tranquilidad y playa en la peque\u00f1a isla de Gili Air de Lombok.<\/li>\n\n\n\n<li>Nos vamos de <a href=\"https:\/\/itxaspe.com\/mochileros\/asia-indonesia\/bali-visita-a-ubud\/\">visita a Ubud &#8211; Bali<\/a> : Monkey Forrest de Ubud, Goa Gajah : Elephant Cave Temple,  Tampak Siring : The holy Spring Temple, Temen: Coffee Plantation,  Besakih :  The biggest temple in Bali located at Slope of Mount Agung. Y primer contacto con masaje Deep Tissue con Esran<\/li>\n\n\n\n<li><a href=\"https:\/\/itxaspe.com\/mochileros\/asia-indonesia\/cerrando-lo-que-nos-queda-de-las-vacaciones\/\">Cerrando lo que nos queda de las vacaciones<\/a>: todav\u00eda nos quedan m\u00e1s de 10 d\u00edas de vacaciones, pero ya s\u00ed que tenemos que ir planificando el final. <\/li>\n\n\n\n<li>Volvemos a la isla de Java. <a href=\"https:\/\/itxaspe.com\/mochileros\/asia-indonesia\/java-templos-de-prambanan\/\">Visita a los templos de Prambanan<\/a> : declarado Patrimonio de la Humanidad por la Unesco en 1991, es un conjunto de <strong>m\u00e1s de 200 templos hind\u00faes<\/strong> del siglo IX<\/li>\n\n\n\n<li>Visita al<a href=\"https:\/\/itxaspe.com\/mochileros\/asia-indonesia\/isla-de-java-templo-de-borobudur\/\"> templo de Borobudur<\/a>: otra maravilla en la isla de Java. Templo budista impresionante.<\/li>\n\n\n\n<li><a href=\"https:\/\/itxaspe.com\/mochileros\/asia-indonesia\/isla-de-java-de-turismo-en-semarang\/\">Turismo de un d\u00eda en Semarang<\/a>: de paso a Karimunjawa, nos quedamos un d\u00eda. Visita a <strong>Lawang Sewu<\/strong> y a <strong>Kampung Pelangi:<\/strong> pueblo arcoiris<\/li>\n\n\n\n<li><a href=\"https:\/\/itxaspe.com\/mochileros\/asia-indonesia\/3-dias-de-turismo-en-las-islas-de-karimunjawa\/\">3 d\u00edas de turismo en las islas de Karimunjawa<\/a>: turismo en Palau Karimunjawa, peque\u00f1a isla al norte de Java<\/li>\n\n\n\n<li>Terminamos las vacaciones con un par de d\u00edas en un hotel de Tangerang: <a href=\"https:\/\/itxaspe.com\/mochileros\/asia-indonesia\/ultimos-dias-en-tangerang-isla-de-java\/\">\u00daltimos d\u00edas en Tangerang \u2013 Isla de Java<\/a> sin m\u00e1s intenci\u00f3n que descansar y prepararnos para la vuelta. <\/li>\n\n\n\n<li>Finalizado el relato del blog, ahora nos queda escribir nuestras impresiones del viaje, recomendaciones y dem\u00e1s. Iremos haci\u00e9ndolo poco a poco y a\u00f1adi\u00e9ndolo. Mientras tanto, puedes seguirnos en nuestro otro blog, en el que escribimos habitualmente: <a href=\"https:\/\/itxaspe.com\/BlogsDeportes\/MaterialDeportivo\/\">Blog de los Itxaspe<\/a><\/li>\n<\/ol>\n\n\n\n<h2 class=\"wp-block-heading\">Nuestros primeros pasos en el Blog<\/h2>\n\n\n\n<p>Entre miles de cosas m\u00e1s, nos encanta viajar y siempre que podemos lo hacemos. Hasta ahora  nuestros viajes han sido en coche+hotel, furgoneta, autocaravana o en  bicicleta con alforjas. Pero a\u00fan no nos hemos estrenado de mochileros. Y ya .. va siendo hora. En verano del 2019 nos vamos a <strong>Indonesia con la mochila<\/strong>.<\/p>\n\n\n\n<figure class=\"wp-block-image\"><a href=\"https:\/\/www.flickr.com\/photos\/48196942@N00\/32120240237\/in\/dateposted\/\"><img decoding=\"async\" src=\"https:\/\/farm8.staticflickr.com\/7854\/32120240237_beca290b70_c.jpg\" alt=\"itxaspe-bidaia\"\/><\/a><figcaption class=\"wp-element-caption\">Nos gusta hacer un poco de todo.. <\/figcaption><\/figure>\n\n\n\n<p>Hasta hace poco ten\u00edamos pensado que las pr\u00f3ximas vacaciones de  verano ser\u00edan con la autocaravana y cerca de casa, para seguir ahorrando  para un viaje especial que queremos hacer m\u00e1s adelante. <\/p>\n\n\n\n<p>Pero cada vez tenemos m\u00e1s claro que en esta vida<strong> no hay que dejar las cosas para luego<\/strong>. Hay que ir aprovechando cada momento que podamos. No sabemos qu\u00e9 nos traer\u00e1 el ma\u00f1ana, y el hoy est\u00e1 aqu\u00ed, as\u00ed que vamos a disfrutarlo. <\/p>\n\n\n\n<p>As\u00ed que siguiendo nuestra idea de aprovechar cada momento que podemos y viendo que este Agosto se nos presenta tranquilo y con posibilidad de tener todo el mes libre, hemos decidido hacer un tipo de viaje que tambi\u00e9n nos llama y para el que no nos va a hacer falta ahorrar tanto. Nos vamos con las mochilas a cuestas y el destino elegido es Indonesia.<\/p>\n\n\n\n<h2 class=\"wp-block-heading\">Nuestro objetivo del viaje y del blog<\/h2>\n\n\n\n<p>En la secci\u00f3n <a href=\"https:\/\/itxaspe.com\/mochileros\/asia-indonesia\/objetivos\/\">Objetivo del Viaje a Indonesia<\/a> podr\u00e1s leer nuestros objetivos del viaje que se nos presenta y qu\u00e9 pretendemos conseguir con el blog.<\/p>\n\n\n\n<h2 class=\"wp-block-heading\">Previaje<\/h2>\n\n\n\n<p>Secci\u00f3n en la que iremos recopilando informaci\u00f3n varia antes de viajar<\/p>\n\n\n\n<ul class=\"wp-block-list\">\n<li><strong><a href=\"https:\/\/itxaspe.com\/mochileros\/asia-indonesia\/vacunas-para-indonesia\/\">Vacunas para Indonesia<\/a><\/strong>: \u00bfc\u00f3mo est\u00e1 el tema de vacunas obligatorias para viajar a Indonesia? <\/li>\n\n\n\n<li><strong><a href=\"https:\/\/itxaspe.com\/mochileros\/asia-indonesia\/visado-y-pasaporte-para-indonesia\/\">Visados para Indonesia<\/a><\/strong>: \u00bfNecesitamos obtener un visado para viajar a Indonesia?<\/li>\n\n\n\n<li><strong><a href=\"https:\/\/itxaspe.com\/mochileros\/asia-indonesia\/seguro-de-viaje-para-indonesia\/\">Seguro de Viaje para Indonesia<\/a><\/strong>: Tenemos claro que para un viaje as\u00ed nos sacaremos un seguro de viaje, \u00bfcu\u00e1l elegimos? <\/li>\n\n\n\n<li><a href=\"https:\/\/itxaspe.com\/mochileros\/asia-indonesia\/registro-de-viajeros\/\"><strong>Registro de Viajeros<\/strong><\/a>: hemos le\u00eddo sobre la conveniencia de registrarnos en el Registro de Viajeros.. \u00bfqu\u00e9 es? <\/li>\n\n\n\n<li>Dinero, tarjetas, webs de inter\u00e9s&#8230; <\/li>\n<\/ul>\n\n\n\n<h2 class=\"wp-block-heading\">Mochila para Viaje<\/h2>\n\n\n\n<p>Sin duda alguna una pieza clave en este tipo de viaje. Queremos algo c\u00f3modo, ligero y peque\u00f1ito para no lastrar demasiado y que a ser posible no tengamos que facturar (al menos en la mayor\u00eda de las aerol\u00edneas). <\/p>\n\n\n\n<p>Nuestra elecci\u00f3n de mochila de viaje la encontrar\u00e9is en esta secci\u00f3n: <a href=\"https:\/\/itxaspe.com\/mochileros\/asia-indonesia\/mochila-de-viaje\/\">Mochila de viaje para Indonesia<\/a><\/p>\n\n\n\n<h2 class=\"wp-block-heading\">Alojamiento que utilizaremos<\/h2>\n\n\n\n<p>Tal y como hemos comentado tan s\u00f3lo hemos cogido la primera noche de alojamiento (llegamos tarde al destino y hemos cogido un alojamiento sencillo cercano al aeropuerto). As\u00ed que a\u00fan no os podemos decir demasiado al respecto sobre plataformas web a utilizar a la hora de reservar alojamiento en Indonesia. <\/p>\n\n\n\n<p>De momento y sin haber a\u00fan viajado, hemos escrito esta secci\u00f3n <a href=\"https:\/\/itxaspe.com\/mochileros\/asia-indonesia\/alojamiento\/ \">Webs de Alojamiento en Indonesia<\/a>. A la vuelta, ya con experiencias al respecto, reescribiremos la secci\u00f3n.<\/p>\n\n\n\n<figure class=\"wp-block-image\"><a href=\"https:\/\/www.flickr.com\/photos\/48196942@N00\/28248957094\/in\/album-72157625823059975\/\"><img decoding=\"async\" src=\"https:\/\/live.staticflickr.com\/8883\/28248957094_72fc600681_c.jpg\" alt=\"IMG_20160728_212104\"\/><\/a><\/figure>\n\n\n\n<p>\u00a1Ya ha empezado el viaje! <\/p>\n","protected":false},"excerpt":{"rendered":"<p>En Agosto de 2019 nos hemos ido a Indonesia con la mochila durante un mes. Ya estamos de vuelta y estamos empezando a escribir algo &hellip; <\/p>\n","protected":false},"author":1,"featured_media":413,"parent":0,"menu_order":0,"comment_status":"closed","ping_status":"closed","template":"","meta":{"footnotes":""},"class_list":["post-227","page","type-page","status-publish","has-post-thumbnail","hentry"],"yoast_head":"<!-- This site is optimized with the Yoast SEO plugin v26.8 - https:\/\/yoast.com\/product\/yoast-seo-wordpress\/ -->\n<title>A Indonesia con la mochila a cuestas - MOCHILEROS POR INDONESIA - ASIA - AGOSTO 2019<\/title>\n<meta name=\"description\" content=\"En verano de 2019 nos vamos a Indonesia con la mochila. Ser\u00e1 nuestro primer viaje de mochileros y este blog ser\u00e1 nuestro diario de viaje.\" \/>\n<meta name=\"robots\" content=\"index, follow, max-snippet:-1, max-image-preview:large, max-video-preview:-1\" \/>\n<link rel=\"canonical\" href=\"https:\/\/itxaspe.com\/mochileros\/asia-indonesia\/\" \/>\n<meta property=\"og:locale\" content=\"es_ES\" \/>\n<meta property=\"og:type\" content=\"article\" \/>\n<meta property=\"og:title\" content=\"A Indonesia con la mochila a cuestas - MOCHILEROS POR INDONESIA - ASIA - AGOSTO 2019\" \/>\n<meta property=\"og:description\" content=\"En verano de 2019 nos vamos a Indonesia con la mochila. Ser\u00e1 nuestro primer viaje de mochileros y este blog ser\u00e1 nuestro diario de viaje.\" \/>\n<meta property=\"og:url\" content=\"https:\/\/itxaspe.com\/mochileros\/asia-indonesia\/\" \/>\n<meta property=\"og:site_name\" content=\"MOCHILEROS POR INDONESIA - ASIA - AGOSTO 2019\" \/>\n<meta property=\"article:modified_time\" content=\"2023-11-28T19:00:33+00:00\" \/>\n<meta property=\"og:image\" content=\"http:\/\/itxaspe.com\/mochileros\/asia-indonesia\/wp-content\/uploads\/sites\/2\/2019\/11\/48551429102_139dd37f51_c.jpg\" \/>\n\t<meta property=\"og:image:width\" content=\"800\" \/>\n\t<meta property=\"og:image:height\" content=\"600\" \/>\n\t<meta property=\"og:image:type\" content=\"image\/jpeg\" \/>\n<meta name=\"twitter:card\" content=\"summary_large_image\" \/>\n<meta name=\"twitter:label1\" content=\"Tiempo de lectura\" \/>\n\t<meta name=\"twitter:data1\" content=\"5 minutos\" \/>\n<script type=\"application\/ld+json\" class=\"yoast-schema-graph\">{\"@context\":\"https:\/\/schema.org\",\"@graph\":[{\"@type\":\"WebPage\",\"@id\":\"https:\/\/itxaspe.com\/mochileros\/asia-indonesia\/\",\"url\":\"https:\/\/itxaspe.com\/mochileros\/asia-indonesia\/\",\"name\":\"A Indonesia con la mochila a cuestas - MOCHILEROS POR INDONESIA - ASIA - AGOSTO 2019\",\"isPartOf\":{\"@id\":\"https:\/\/itxaspe.com\/mochileros\/asia-indonesia\/#website\"},\"primaryImageOfPage\":{\"@id\":\"https:\/\/itxaspe.com\/mochileros\/asia-indonesia\/#primaryimage\"},\"image\":{\"@id\":\"https:\/\/itxaspe.com\/mochileros\/asia-indonesia\/#primaryimage\"},\"thumbnailUrl\":\"https:\/\/itxaspe.com\/mochileros\/asia-indonesia\/wp-content\/uploads\/sites\/2\/2019\/11\/48551429102_139dd37f51_c.jpg\",\"datePublished\":\"2019-05-20T18:03:26+00:00\",\"dateModified\":\"2023-11-28T19:00:33+00:00\",\"description\":\"En verano de 2019 nos vamos a Indonesia con la mochila. Ser\u00e1 nuestro primer viaje de mochileros y este blog ser\u00e1 nuestro diario de viaje.\",\"breadcrumb\":{\"@id\":\"https:\/\/itxaspe.com\/mochileros\/asia-indonesia\/#breadcrumb\"},\"inLanguage\":\"es\",\"potentialAction\":[{\"@type\":\"ReadAction\",\"target\":[\"https:\/\/itxaspe.com\/mochileros\/asia-indonesia\/\"]}]},{\"@type\":\"ImageObject\",\"inLanguage\":\"es\",\"@id\":\"https:\/\/itxaspe.com\/mochileros\/asia-indonesia\/#primaryimage\",\"url\":\"https:\/\/itxaspe.com\/mochileros\/asia-indonesia\/wp-content\/uploads\/sites\/2\/2019\/11\/48551429102_139dd37f51_c.jpg\",\"contentUrl\":\"https:\/\/itxaspe.com\/mochileros\/asia-indonesia\/wp-content\/uploads\/sites\/2\/2019\/11\/48551429102_139dd37f51_c.jpg\",\"width\":800,\"height\":600},{\"@type\":\"BreadcrumbList\",\"@id\":\"https:\/\/itxaspe.com\/mochileros\/asia-indonesia\/#breadcrumb\",\"itemListElement\":[{\"@type\":\"ListItem\",\"position\":1,\"name\":\"Portada\",\"item\":\"https:\/\/itxaspe.com\/mochileros\/asia-indonesia\/\"},{\"@type\":\"ListItem\",\"position\":2,\"name\":\"A Indonesia con la mochila a cuestas\"}]},{\"@type\":\"WebSite\",\"@id\":\"https:\/\/itxaspe.com\/mochileros\/asia-indonesia\/#website\",\"url\":\"https:\/\/itxaspe.com\/mochileros\/asia-indonesia\/\",\"name\":\"MOCHILEROS POR INDONESIA - ASIA - AGOSTO 2019\",\"description\":\"Nuestro blog de viaje a Indonesia. Primer viaje con la mochila a cuestas\",\"potentialAction\":[{\"@type\":\"SearchAction\",\"target\":{\"@type\":\"EntryPoint\",\"urlTemplate\":\"https:\/\/itxaspe.com\/mochileros\/asia-indonesia\/?s={search_term_string}\"},\"query-input\":{\"@type\":\"PropertyValueSpecification\",\"valueRequired\":true,\"valueName\":\"search_term_string\"}}],\"inLanguage\":\"es\"}]}<\/script>\n<!-- \/ Yoast SEO plugin. -->","yoast_head_json":{"title":"A Indonesia con la mochila a cuestas - MOCHILEROS POR INDONESIA - ASIA - AGOSTO 2019","description":"En verano de 2019 nos vamos a Indonesia con la mochila. Ser\u00e1 nuestro primer viaje de mochileros y este blog ser\u00e1 nuestro diario de viaje.","robots":{"index":"index","follow":"follow","max-snippet":"max-snippet:-1","max-image-preview":"max-image-preview:large","max-video-preview":"max-video-preview:-1"},"canonical":"https:\/\/itxaspe.com\/mochileros\/asia-indonesia\/","og_locale":"es_ES","og_type":"article","og_title":"A Indonesia con la mochila a cuestas - MOCHILEROS POR INDONESIA - ASIA - AGOSTO 2019","og_description":"En verano de 2019 nos vamos a Indonesia con la mochila. Ser\u00e1 nuestro primer viaje de mochileros y este blog ser\u00e1 nuestro diario de viaje.","og_url":"https:\/\/itxaspe.com\/mochileros\/asia-indonesia\/","og_site_name":"MOCHILEROS POR INDONESIA - ASIA - AGOSTO 2019","article_modified_time":"2023-11-28T19:00:33+00:00","og_image":[{"width":800,"height":600,"url":"http:\/\/itxaspe.com\/mochileros\/asia-indonesia\/wp-content\/uploads\/sites\/2\/2019\/11\/48551429102_139dd37f51_c.jpg","type":"image\/jpeg"}],"twitter_card":"summary_large_image","twitter_misc":{"Tiempo de lectura":"5 minutos"},"schema":{"@context":"https:\/\/schema.org","@graph":[{"@type":"WebPage","@id":"https:\/\/itxaspe.com\/mochileros\/asia-indonesia\/","url":"https:\/\/itxaspe.com\/mochileros\/asia-indonesia\/","name":"A Indonesia con la mochila a cuestas - MOCHILEROS POR INDONESIA - ASIA - AGOSTO 2019","isPartOf":{"@id":"https:\/\/itxaspe.com\/mochileros\/asia-indonesia\/#website"},"primaryImageOfPage":{"@id":"https:\/\/itxaspe.com\/mochileros\/asia-indonesia\/#primaryimage"},"image":{"@id":"https:\/\/itxaspe.com\/mochileros\/asia-indonesia\/#primaryimage"},"thumbnailUrl":"https:\/\/itxaspe.com\/mochileros\/asia-indonesia\/wp-content\/uploads\/sites\/2\/2019\/11\/48551429102_139dd37f51_c.jpg","datePublished":"2019-05-20T18:03:26+00:00","dateModified":"2023-11-28T19:00:33+00:00","description":"En verano de 2019 nos vamos a Indonesia con la mochila. Ser\u00e1 nuestro primer viaje de mochileros y este blog ser\u00e1 nuestro diario de viaje.","breadcrumb":{"@id":"https:\/\/itxaspe.com\/mochileros\/asia-indonesia\/#breadcrumb"},"inLanguage":"es","potentialAction":[{"@type":"ReadAction","target":["https:\/\/itxaspe.com\/mochileros\/asia-indonesia\/"]}]},{"@type":"ImageObject","inLanguage":"es","@id":"https:\/\/itxaspe.com\/mochileros\/asia-indonesia\/#primaryimage","url":"https:\/\/itxaspe.com\/mochileros\/asia-indonesia\/wp-content\/uploads\/sites\/2\/2019\/11\/48551429102_139dd37f51_c.jpg","contentUrl":"https:\/\/itxaspe.com\/mochileros\/asia-indonesia\/wp-content\/uploads\/sites\/2\/2019\/11\/48551429102_139dd37f51_c.jpg","width":800,"height":600},{"@type":"BreadcrumbList","@id":"https:\/\/itxaspe.com\/mochileros\/asia-indonesia\/#breadcrumb","itemListElement":[{"@type":"ListItem","position":1,"name":"Portada","item":"https:\/\/itxaspe.com\/mochileros\/asia-indonesia\/"},{"@type":"ListItem","position":2,"name":"A Indonesia con la mochila a cuestas"}]},{"@type":"WebSite","@id":"https:\/\/itxaspe.com\/mochileros\/asia-indonesia\/#website","url":"https:\/\/itxaspe.com\/mochileros\/asia-indonesia\/","name":"MOCHILEROS POR INDONESIA - ASIA - AGOSTO 2019","description":"Nuestro blog de viaje a Indonesia. Primer viaje con la mochila a cuestas","potentialAction":[{"@type":"SearchAction","target":{"@type":"EntryPoint","urlTemplate":"https:\/\/itxaspe.com\/mochileros\/asia-indonesia\/?s={search_term_string}"},"query-input":{"@type":"PropertyValueSpecification","valueRequired":true,"valueName":"search_term_string"}}],"inLanguage":"es"}]}},"_links":{"self":[{"href":"https:\/\/itxaspe.com\/mochileros\/asia-indonesia\/wp-json\/wp\/v2\/pages\/227","targetHints":{"allow":["GET"]}}],"collection":[{"href":"https:\/\/itxaspe.com\/mochileros\/asia-indonesia\/wp-json\/wp\/v2\/pages"}],"about":[{"href":"https:\/\/itxaspe.com\/mochileros\/asia-indonesia\/wp-json\/wp\/v2\/types\/page"}],"author":[{"embeddable":true,"href":"https:\/\/itxaspe.com\/mochileros\/asia-indonesia\/wp-json\/wp\/v2\/users\/1"}],"replies":[{"embeddable":true,"href":"https:\/\/itxaspe.com\/mochileros\/asia-indonesia\/wp-json\/wp\/v2\/comments?post=227"}],"version-history":[{"count":22,"href":"https:\/\/itxaspe.com\/mochileros\/asia-indonesia\/wp-json\/wp\/v2\/pages\/227\/revisions"}],"predecessor-version":[{"id":545,"href":"https:\/\/itxaspe.com\/mochileros\/asia-indonesia\/wp-json\/wp\/v2\/pages\/227\/revisions\/545"}],"wp:featuredmedia":[{"embeddable":true,"href":"https:\/\/itxaspe.com\/mochileros\/asia-indonesia\/wp-json\/wp\/v2\/media\/413"}],"wp:attachment":[{"href":"https:\/\/itxaspe.com\/mochileros\/asia-indonesia\/wp-json\/wp\/v2\/media?parent=227"}],"curies":[{"name":"wp","href":"https:\/\/api.w.org\/{rel}","templated":true}]}}