{"id":253,"date":"2019-06-12T17:58:51","date_gmt":"2019-06-12T15:58:51","guid":{"rendered":"http:\/\/itxaspe.com\/mochileros\/asia-indonesia\/?page_id=253"},"modified":"2019-06-12T18:14:01","modified_gmt":"2019-06-12T16:14:01","slug":"tarjeta-sim-con-internet-para-indonesia","status":"publish","type":"page","link":"https:\/\/itxaspe.com\/mochileros\/asia-indonesia\/tarjeta-sim-con-internet-para-indonesia\/","title":{"rendered":"TARJETA SIM CON INTERNET PARA INDONESIA"},"content":{"rendered":"\n<p>Desde que hace unos meses lanzamos el blog tras habernos decidido a irnos a Indonesia este verano, ya hemos mirado unos cu\u00e1ntos temas pre-viaje<\/p>\n\n\n\n<ol class=\"wp-block-list\"><li><a href=\"https:\/\/itxaspe.com\/mochileros\/asia-indonesia\/visado-y-pasaporte-para-indonesia\/\">Visado y pasaporte para Indonesia<\/a> <\/li><li><a href=\"https:\/\/itxaspe.com\/mochileros\/asia-indonesia\/vacunas-para-indonesia\/\">Vacunas para Indonesia<\/a>  <\/li><li><a href=\"https:\/\/itxaspe.com\/mochileros\/asia-indonesia\/seguro-de-viaje-para-indonesia\/\">Seguro de viaje para Indonesia<\/a><\/li><li><a href=\"https:\/\/itxaspe.com\/mochileros\/asia-indonesia\/registro-de-viajeros\/\">Registro de viajeros<\/a><\/li><\/ol>\n\n\n\n<p>El siguiente tema pre-viaje ha sido mirar recomendaciones para coger una <strong>tarjeta SIM con Internet para Indonesia<\/strong>. Llegamos bastante tarde a Yakarta y en caso de tener cualquier problema, nos gustar\u00eda poder tener Internet para llamar al \u00fanico alojamiento que tenemos contratado all\u00ed. Y por supuesto para los pr\u00f3ximos d\u00edas ir mirando alojamientos, destinos, contratar vuelos o lo que nos haga falta.<\/p>\n\n\n\n<figure class=\"wp-block-image\"><img loading=\"lazy\" decoding=\"async\" width=\"323\" height=\"211\" src=\"http:\/\/itxaspe.com\/mochileros\/asia-indonesia\/wp-content\/uploads\/sites\/2\/2019\/06\/sim.png\" alt=\"Tarjeta SIM\" class=\"wp-image-256\" srcset=\"https:\/\/itxaspe.com\/mochileros\/asia-indonesia\/wp-content\/uploads\/sites\/2\/2019\/06\/sim.png 323w, https:\/\/itxaspe.com\/mochileros\/asia-indonesia\/wp-content\/uploads\/sites\/2\/2019\/06\/sim-300x196.png 300w\" sizes=\"auto, (max-width: 323px) 100vw, 323px\" \/><\/figure>\n\n\n\n<p>Tras leer en varios sitios hemos llegado a una web que nos ha llamado la atenci\u00f3n y que nos la apuntamos para probablemente coger la SIM  ya desde aqu\u00ed. <\/p>\n\n\n\n<h2 class=\"wp-block-heading\">Klook : proveedor de tours y actividades. Ofrecen tarjeta SIM con Internet para Indonesia con recogida en aeropuerto<\/h2>\n\n\n\n<p>Nos acabamos de crear nuestra cuenta en Klook. <strong>Si vas a crearte una cuenta, please sigue este enlace para hacerlo  <\/strong><a href=\"https:\/\/www.klook.com\/invite\/ZG7BQS?c=EUR\"><strong>https:\/\/www.klook.com\/invite\/ZG7BQS?c=EUR<\/strong><\/a><strong> <\/strong>, recibir\u00e1s 5\u20ac de descuento y as\u00ed nos permitir\u00e1s acumular algo de saldo en nuestra cuenta para poder disfrutar de alguna otra actividad que elijamos. <\/p>\n\n\n\n<p><a href=\"https:\/\/www.klook.com\/invite\/ZG7BQS?c=EUR\">Klook <\/a> es un proveedor de tours y actividades asi\u00e1tico (aunque las actividades son para todo el mundo). Entre los servicios que est\u00e1n ofertados en la web, existe el de poder contratar desde aqu\u00ed la compra de una SIM con entrega en nuestro aeropuerto de llegada , Yakarta (<a href=\"https:\/\/www.klook.com\/activity\/10608-3g-4g-sim-card-for-jakarta\/\">https:\/\/www.klook.com\/activity\/10608-3g-4g-sim-card-for-jakarta<\/a>). Hemos visto comentarios positivos sobre el servicio en alg\u00fan foro, as\u00ed que parece fiable. <\/p>\n\n\n\n<p>Seg\u00fan nos parece entender, desde aqu\u00ed hacemos el pago de una tarjeta SIM de 3Gigas o 10Gigas y nos estar\u00edan esperando en el aeropuerto de Yakarta (dentro de sus horas de trabajo, que seg\u00fan leemos son 06:00-22:00)<\/p>\n\n\n\n<p>Lo dejamos aqu\u00ed apuntado, y antes de viajar es probable que compremos la SIM desde aqu\u00ed. <\/p>\n","protected":false},"excerpt":{"rendered":"<p>Desde que hace unos meses lanzamos el blog tras habernos decidido a irnos a Indonesia este verano, ya hemos mirado unos cu\u00e1ntos temas pre-viaje Visado &hellip; <\/p>\n","protected":false},"author":1,"featured_media":0,"parent":0,"menu_order":0,"comment_status":"closed","ping_status":"closed","template":"","meta":{"footnotes":""},"class_list":["post-253","page","type-page","status-publish","hentry"],"yoast_head":"<!-- This site is optimized with the Yoast SEO plugin v26.8 - https:\/\/yoast.com\/product\/yoast-seo-wordpress\/ -->\n<title>TARJETA SIM CON INTERNET PARA INDONESIA - MOCHILEROS POR INDONESIA - ASIA - AGOSTO 2019<\/title>\n<meta name=\"description\" content=\"Para nuestro viaje, estamos mirando la posibilidad de comprar desde casa una tarjeta SIM con Internet para Indonesia. En Klook hay un servicio de este tipo.\" \/>\n<meta name=\"robots\" content=\"index, follow, max-snippet:-1, max-image-preview:large, max-video-preview:-1\" \/>\n<link rel=\"canonical\" href=\"https:\/\/itxaspe.com\/mochileros\/asia-indonesia\/tarjeta-sim-con-internet-para-indonesia\/\" \/>\n<meta property=\"og:locale\" content=\"es_ES\" \/>\n<meta property=\"og:type\" content=\"article\" \/>\n<meta property=\"og:title\" content=\"TARJETA SIM CON INTERNET PARA INDONESIA - MOCHILEROS POR INDONESIA - ASIA - AGOSTO 2019\" \/>\n<meta property=\"og:description\" content=\"Para nuestro viaje, estamos mirando la posibilidad de comprar desde casa una tarjeta SIM con Internet para Indonesia. En Klook hay un servicio de este tipo.\" \/>\n<meta property=\"og:url\" content=\"https:\/\/itxaspe.com\/mochileros\/asia-indonesia\/tarjeta-sim-con-internet-para-indonesia\/\" \/>\n<meta property=\"og:site_name\" content=\"MOCHILEROS POR INDONESIA - ASIA - AGOSTO 2019\" \/>\n<meta property=\"article:modified_time\" content=\"2019-06-12T16:14:01+00:00\" \/>\n<meta property=\"og:image\" content=\"http:\/\/itxaspe.com\/mochileros\/asia-indonesia\/wp-content\/uploads\/sites\/2\/2019\/06\/sim.png\" \/>\n<meta name=\"twitter:card\" content=\"summary_large_image\" \/>\n<meta name=\"twitter:label1\" content=\"Tiempo de lectura\" \/>\n\t<meta name=\"twitter:data1\" content=\"2 minutos\" \/>\n<script type=\"application\/ld+json\" class=\"yoast-schema-graph\">{\"@context\":\"https:\/\/schema.org\",\"@graph\":[{\"@type\":\"WebPage\",\"@id\":\"https:\/\/itxaspe.com\/mochileros\/asia-indonesia\/tarjeta-sim-con-internet-para-indonesia\/\",\"url\":\"https:\/\/itxaspe.com\/mochileros\/asia-indonesia\/tarjeta-sim-con-internet-para-indonesia\/\",\"name\":\"TARJETA SIM CON INTERNET PARA INDONESIA - MOCHILEROS POR INDONESIA - ASIA - AGOSTO 2019\",\"isPartOf\":{\"@id\":\"https:\/\/itxaspe.com\/mochileros\/asia-indonesia\/#website\"},\"primaryImageOfPage\":{\"@id\":\"https:\/\/itxaspe.com\/mochileros\/asia-indonesia\/tarjeta-sim-con-internet-para-indonesia\/#primaryimage\"},\"image\":{\"@id\":\"https:\/\/itxaspe.com\/mochileros\/asia-indonesia\/tarjeta-sim-con-internet-para-indonesia\/#primaryimage\"},\"thumbnailUrl\":\"http:\/\/itxaspe.com\/mochileros\/asia-indonesia\/wp-content\/uploads\/sites\/2\/2019\/06\/sim.png\",\"datePublished\":\"2019-06-12T15:58:51+00:00\",\"dateModified\":\"2019-06-12T16:14:01+00:00\",\"description\":\"Para nuestro viaje, estamos mirando la posibilidad de comprar desde casa una tarjeta SIM con Internet para Indonesia. En Klook hay un servicio de este tipo.\",\"breadcrumb\":{\"@id\":\"https:\/\/itxaspe.com\/mochileros\/asia-indonesia\/tarjeta-sim-con-internet-para-indonesia\/#breadcrumb\"},\"inLanguage\":\"es\",\"potentialAction\":[{\"@type\":\"ReadAction\",\"target\":[\"https:\/\/itxaspe.com\/mochileros\/asia-indonesia\/tarjeta-sim-con-internet-para-indonesia\/\"]}]},{\"@type\":\"ImageObject\",\"inLanguage\":\"es\",\"@id\":\"https:\/\/itxaspe.com\/mochileros\/asia-indonesia\/tarjeta-sim-con-internet-para-indonesia\/#primaryimage\",\"url\":\"http:\/\/itxaspe.com\/mochileros\/asia-indonesia\/wp-content\/uploads\/sites\/2\/2019\/06\/sim.png\",\"contentUrl\":\"http:\/\/itxaspe.com\/mochileros\/asia-indonesia\/wp-content\/uploads\/sites\/2\/2019\/06\/sim.png\"},{\"@type\":\"BreadcrumbList\",\"@id\":\"https:\/\/itxaspe.com\/mochileros\/asia-indonesia\/tarjeta-sim-con-internet-para-indonesia\/#breadcrumb\",\"itemListElement\":[{\"@type\":\"ListItem\",\"position\":1,\"name\":\"Portada\",\"item\":\"https:\/\/itxaspe.com\/mochileros\/asia-indonesia\/\"},{\"@type\":\"ListItem\",\"position\":2,\"name\":\"TARJETA SIM CON INTERNET PARA INDONESIA\"}]},{\"@type\":\"WebSite\",\"@id\":\"https:\/\/itxaspe.com\/mochileros\/asia-indonesia\/#website\",\"url\":\"https:\/\/itxaspe.com\/mochileros\/asia-indonesia\/\",\"name\":\"MOCHILEROS POR INDONESIA - ASIA - AGOSTO 2019\",\"description\":\"Nuestro blog de viaje a Indonesia. Primer viaje con la mochila a cuestas\",\"potentialAction\":[{\"@type\":\"SearchAction\",\"target\":{\"@type\":\"EntryPoint\",\"urlTemplate\":\"https:\/\/itxaspe.com\/mochileros\/asia-indonesia\/?s={search_term_string}\"},\"query-input\":{\"@type\":\"PropertyValueSpecification\",\"valueRequired\":true,\"valueName\":\"search_term_string\"}}],\"inLanguage\":\"es\"}]}<\/script>\n<!-- \/ Yoast SEO plugin. -->","yoast_head_json":{"title":"TARJETA SIM CON INTERNET PARA INDONESIA - MOCHILEROS POR INDONESIA - ASIA - AGOSTO 2019","description":"Para nuestro viaje, estamos mirando la posibilidad de comprar desde casa una tarjeta SIM con Internet para Indonesia. En Klook hay un servicio de este tipo.","robots":{"index":"index","follow":"follow","max-snippet":"max-snippet:-1","max-image-preview":"max-image-preview:large","max-video-preview":"max-video-preview:-1"},"canonical":"https:\/\/itxaspe.com\/mochileros\/asia-indonesia\/tarjeta-sim-con-internet-para-indonesia\/","og_locale":"es_ES","og_type":"article","og_title":"TARJETA SIM CON INTERNET PARA INDONESIA - MOCHILEROS POR INDONESIA - ASIA - AGOSTO 2019","og_description":"Para nuestro viaje, estamos mirando la posibilidad de comprar desde casa una tarjeta SIM con Internet para Indonesia. En Klook hay un servicio de este tipo.","og_url":"https:\/\/itxaspe.com\/mochileros\/asia-indonesia\/tarjeta-sim-con-internet-para-indonesia\/","og_site_name":"MOCHILEROS POR INDONESIA - ASIA - AGOSTO 2019","article_modified_time":"2019-06-12T16:14:01+00:00","og_image":[{"url":"http:\/\/itxaspe.com\/mochileros\/asia-indonesia\/wp-content\/uploads\/sites\/2\/2019\/06\/sim.png","type":"","width":"","height":""}],"twitter_card":"summary_large_image","twitter_misc":{"Tiempo de lectura":"2 minutos"},"schema":{"@context":"https:\/\/schema.org","@graph":[{"@type":"WebPage","@id":"https:\/\/itxaspe.com\/mochileros\/asia-indonesia\/tarjeta-sim-con-internet-para-indonesia\/","url":"https:\/\/itxaspe.com\/mochileros\/asia-indonesia\/tarjeta-sim-con-internet-para-indonesia\/","name":"TARJETA SIM CON INTERNET PARA INDONESIA - MOCHILEROS POR INDONESIA - ASIA - AGOSTO 2019","isPartOf":{"@id":"https:\/\/itxaspe.com\/mochileros\/asia-indonesia\/#website"},"primaryImageOfPage":{"@id":"https:\/\/itxaspe.com\/mochileros\/asia-indonesia\/tarjeta-sim-con-internet-para-indonesia\/#primaryimage"},"image":{"@id":"https:\/\/itxaspe.com\/mochileros\/asia-indonesia\/tarjeta-sim-con-internet-para-indonesia\/#primaryimage"},"thumbnailUrl":"http:\/\/itxaspe.com\/mochileros\/asia-indonesia\/wp-content\/uploads\/sites\/2\/2019\/06\/sim.png","datePublished":"2019-06-12T15:58:51+00:00","dateModified":"2019-06-12T16:14:01+00:00","description":"Para nuestro viaje, estamos mirando la posibilidad de comprar desde casa una tarjeta SIM con Internet para Indonesia. En Klook hay un servicio de este tipo.","breadcrumb":{"@id":"https:\/\/itxaspe.com\/mochileros\/asia-indonesia\/tarjeta-sim-con-internet-para-indonesia\/#breadcrumb"},"inLanguage":"es","potentialAction":[{"@type":"ReadAction","target":["https:\/\/itxaspe.com\/mochileros\/asia-indonesia\/tarjeta-sim-con-internet-para-indonesia\/"]}]},{"@type":"ImageObject","inLanguage":"es","@id":"https:\/\/itxaspe.com\/mochileros\/asia-indonesia\/tarjeta-sim-con-internet-para-indonesia\/#primaryimage","url":"http:\/\/itxaspe.com\/mochileros\/asia-indonesia\/wp-content\/uploads\/sites\/2\/2019\/06\/sim.png","contentUrl":"http:\/\/itxaspe.com\/mochileros\/asia-indonesia\/wp-content\/uploads\/sites\/2\/2019\/06\/sim.png"},{"@type":"BreadcrumbList","@id":"https:\/\/itxaspe.com\/mochileros\/asia-indonesia\/tarjeta-sim-con-internet-para-indonesia\/#breadcrumb","itemListElement":[{"@type":"ListItem","position":1,"name":"Portada","item":"https:\/\/itxaspe.com\/mochileros\/asia-indonesia\/"},{"@type":"ListItem","position":2,"name":"TARJETA SIM CON INTERNET PARA INDONESIA"}]},{"@type":"WebSite","@id":"https:\/\/itxaspe.com\/mochileros\/asia-indonesia\/#website","url":"https:\/\/itxaspe.com\/mochileros\/asia-indonesia\/","name":"MOCHILEROS POR INDONESIA - ASIA - AGOSTO 2019","description":"Nuestro blog de viaje a Indonesia. Primer viaje con la mochila a cuestas","potentialAction":[{"@type":"SearchAction","target":{"@type":"EntryPoint","urlTemplate":"https:\/\/itxaspe.com\/mochileros\/asia-indonesia\/?s={search_term_string}"},"query-input":{"@type":"PropertyValueSpecification","valueRequired":true,"valueName":"search_term_string"}}],"inLanguage":"es"}]}},"_links":{"self":[{"href":"https:\/\/itxaspe.com\/mochileros\/asia-indonesia\/wp-json\/wp\/v2\/pages\/253","targetHints":{"allow":["GET"]}}],"collection":[{"href":"https:\/\/itxaspe.com\/mochileros\/asia-indonesia\/wp-json\/wp\/v2\/pages"}],"about":[{"href":"https:\/\/itxaspe.com\/mochileros\/asia-indonesia\/wp-json\/wp\/v2\/types\/page"}],"author":[{"embeddable":true,"href":"https:\/\/itxaspe.com\/mochileros\/asia-indonesia\/wp-json\/wp\/v2\/users\/1"}],"replies":[{"embeddable":true,"href":"https:\/\/itxaspe.com\/mochileros\/asia-indonesia\/wp-json\/wp\/v2\/comments?post=253"}],"version-history":[{"count":4,"href":"https:\/\/itxaspe.com\/mochileros\/asia-indonesia\/wp-json\/wp\/v2\/pages\/253\/revisions"}],"predecessor-version":[{"id":264,"href":"https:\/\/itxaspe.com\/mochileros\/asia-indonesia\/wp-json\/wp\/v2\/pages\/253\/revisions\/264"}],"wp:attachment":[{"href":"https:\/\/itxaspe.com\/mochileros\/asia-indonesia\/wp-json\/wp\/v2\/media?parent=253"}],"curies":[{"name":"wp","href":"https:\/\/api.w.org\/{rel}","templated":true}]}}