{"id":45,"date":"2019-03-13T14:36:28","date_gmt":"2019-03-13T13:36:28","guid":{"rendered":"http:\/\/itxaspe.com\/mochileros\/asia-indonesia\/?page_id=45"},"modified":"2020-02-04T16:53:19","modified_gmt":"2020-02-04T15:53:19","slug":"alojamiento","status":"publish","type":"page","link":"https:\/\/itxaspe.com\/mochileros\/asia-indonesia\/alojamiento\/","title":{"rendered":"ALOJAMIENTO"},"content":{"rendered":"\n<p>Tal y como hemos comentado, tan s\u00f3lo hemos cogido la primera noche en  Yakarta. Nuestra intenci\u00f3n es luego ir sobre la marcha y no estar  atados a nada. <\/p>\n\n\n\n<p>Teniendo en cuenta que vamos en Agosto y que la afluencia de turistas es la mayor en esas fechas, quiz\u00e1 podamos encontrar problemas una vez all\u00ed para hacer las reservas d\u00eda a d\u00eda, pero no queremos ir con nada planificado. <\/p>\n\n\n\n<p>Las plataformas que de momento tenemos en mente utilizar una vez estemos all\u00ed son las siguientes.<\/p>\n\n\n\n<h3 class=\"wp-block-heading\">Airbnb<\/h3>\n\n\n\n<p>Ya la hemos utilizado para viajar por Europa, y nos ha gustado. As\u00ed que tambi\u00e9n la tendremos en cuenta para este viaje<\/p>\n\n\n\n<figure class=\"wp-block-image\"><a href=\"http:\/\/bit.ly\/2u2LeOo\"><img decoding=\"async\" src=\"http:\/\/itxaspe.com\/mochileros\/asia-indonesia\/wp-content\/uploads\/sites\/2\/2019\/03\/blog-mochileros-airbnb3.png\" alt=\"mochileros y Airbnb\"\/><\/a><figcaption>Si no tienes cuenta en Airbnb, sigue el enlace de la imagen y obtendr\u00e1s hasta 34\u20ac gratis para tu primer viaje. <\/figcaption><\/figure>\n\n\n\n<h2 class=\"wp-block-heading\">Agoda<\/h2>\n\n\n\n<p>Es una plataforma de reserva de hoteles especializada en Asia. Nos han hablado muy bien de ella<\/p>\n\n\n\n<p>Ya hemos creado usuario y hemos empezado a utilizarla.<\/p>\n\n\n\n<p><a href=\"https:\/\/www.agoda.com\/es-es\/\">https:\/\/www.agoda.com\/es-es\/<\/a><\/p>\n\n\n\n<h2 class=\"wp-block-heading\">Booking<\/h2>\n\n\n\n<p>Lo hemos usado un par de veces cerca de casa, y es probable que lo usemos all\u00ed tambi\u00e9n. Si te vas a crear una cuenta sigue este enlace y tendr\u00e1s un 10% de descuento en tu primera reserva y a nosotros tambi\u00e9n nos ayudar\u00e1s : <a href=\"https:\/\/www.booking.com\/s\/11_6\/koro2947\">crearte tu cuenta de Booking<\/a><\/p>\n\n\n\n<h2 class=\"wp-block-heading\">Couchsourfing<\/h2>\n\n\n\n<p>A groso modo (muy groso modo dir\u00eda), es una plataforma para alojar \nviajeros en tu casa o quedarte en casa de otras personas cuando est\u00e1s \nviajando, la forma m\u00e1s econ\u00f3mica de viajar en la que mejor conocer\u00e1s la \ncultura de la gente del lugar. <\/p>\n\n\n\n<p>Cuando estuvimos en EEUU con alforjas, utilizamos una plataforma \nsimilar (warmshowers) y nos gust\u00f3 mucho. Warmshowers es m\u00e1s \u201ccerrado\u201d ya\n que va dirigido a cicloturistas. <a href=\"https:\/\/www.couchsurfing.com\/\">Couchsourfing<\/a> es para viajeros en general.<\/p>\n\n\n\n<h2 class=\"wp-block-heading\">Qu\u00e9 hemos utilizado <\/h2>\n\n\n\n<p><a href=\"https:\/\/www.booking.com\/hotel\/id\/citi-m.es.html?aid=1858594&amp;no_rooms=1&amp;group_adults=1\">City M Hotel<\/a> Hotel en Yakarta en el que estaremos las 3 primeras noches del viaje. Nos ha salido unas 27 euros\/noche 2 personas con desayuno buffet. Est\u00e1 bien situado y muy agradables en recepci\u00f3n. Si tu intenci\u00f3n es visitar la ciudad , recomendable. Si es descansar (como haremos a la vuelta del viaje en la que ya no queremos visitar la ciudad sino prepararnos para el largo viaje de vuelta), hemos cogido otro que ya pondremos m\u00e1s adelante.<\/p>\n","protected":false},"excerpt":{"rendered":"<p>Tal y como hemos comentado, tan s\u00f3lo hemos cogido la primera noche en Yakarta. Nuestra intenci\u00f3n es luego ir sobre la marcha y no estar &hellip; <\/p>\n","protected":false},"author":1,"featured_media":0,"parent":0,"menu_order":0,"comment_status":"closed","ping_status":"closed","template":"","meta":{"footnotes":""},"class_list":["post-45","page","type-page","status-publish","hentry"],"yoast_head":"<!-- This site is optimized with the Yoast SEO plugin v26.8 - https:\/\/yoast.com\/product\/yoast-seo-wordpress\/ -->\n<title>ALOJAMIENTO - MOCHILEROS POR INDONESIA - ASIA - AGOSTO 2019<\/title>\n<meta name=\"description\" content=\"Nuestra experiencia con alojamiento en Indonesia . A\u00fan por retocar la entrada con la informaci\u00f3n que tenemos una vez vuelto\" \/>\n<meta name=\"robots\" content=\"index, follow, max-snippet:-1, max-image-preview:large, max-video-preview:-1\" \/>\n<link rel=\"canonical\" href=\"https:\/\/itxaspe.com\/mochileros\/asia-indonesia\/alojamiento\/\" \/>\n<meta property=\"og:locale\" content=\"es_ES\" \/>\n<meta property=\"og:type\" content=\"article\" \/>\n<meta property=\"og:title\" content=\"ALOJAMIENTO - MOCHILEROS POR INDONESIA - ASIA - AGOSTO 2019\" \/>\n<meta property=\"og:description\" content=\"Nuestra experiencia con alojamiento en Indonesia . A\u00fan por retocar la entrada con la informaci\u00f3n que tenemos una vez vuelto\" \/>\n<meta property=\"og:url\" content=\"https:\/\/itxaspe.com\/mochileros\/asia-indonesia\/alojamiento\/\" \/>\n<meta property=\"og:site_name\" content=\"MOCHILEROS POR INDONESIA - ASIA - AGOSTO 2019\" \/>\n<meta property=\"article:modified_time\" content=\"2020-02-04T15:53:19+00:00\" \/>\n<meta property=\"og:image\" content=\"http:\/\/itxaspe.com\/mochileros\/asia-indonesia\/wp-content\/uploads\/sites\/2\/2019\/03\/blog-mochileros-airbnb3.png\" \/>\n<meta name=\"twitter:card\" content=\"summary_large_image\" \/>\n<meta name=\"twitter:label1\" content=\"Tiempo de lectura\" \/>\n\t<meta name=\"twitter:data1\" content=\"2 minutos\" \/>\n<script type=\"application\/ld+json\" class=\"yoast-schema-graph\">{\"@context\":\"https:\/\/schema.org\",\"@graph\":[{\"@type\":\"WebPage\",\"@id\":\"https:\/\/itxaspe.com\/mochileros\/asia-indonesia\/alojamiento\/\",\"url\":\"https:\/\/itxaspe.com\/mochileros\/asia-indonesia\/alojamiento\/\",\"name\":\"ALOJAMIENTO - MOCHILEROS POR INDONESIA - ASIA - AGOSTO 2019\",\"isPartOf\":{\"@id\":\"https:\/\/itxaspe.com\/mochileros\/asia-indonesia\/#website\"},\"primaryImageOfPage\":{\"@id\":\"https:\/\/itxaspe.com\/mochileros\/asia-indonesia\/alojamiento\/#primaryimage\"},\"image\":{\"@id\":\"https:\/\/itxaspe.com\/mochileros\/asia-indonesia\/alojamiento\/#primaryimage\"},\"thumbnailUrl\":\"http:\/\/itxaspe.com\/mochileros\/asia-indonesia\/wp-content\/uploads\/sites\/2\/2019\/03\/blog-mochileros-airbnb3.png\",\"datePublished\":\"2019-03-13T13:36:28+00:00\",\"dateModified\":\"2020-02-04T15:53:19+00:00\",\"description\":\"Nuestra experiencia con alojamiento en Indonesia . A\u00fan por retocar la entrada con la informaci\u00f3n que tenemos una vez vuelto\",\"breadcrumb\":{\"@id\":\"https:\/\/itxaspe.com\/mochileros\/asia-indonesia\/alojamiento\/#breadcrumb\"},\"inLanguage\":\"es\",\"potentialAction\":[{\"@type\":\"ReadAction\",\"target\":[\"https:\/\/itxaspe.com\/mochileros\/asia-indonesia\/alojamiento\/\"]}]},{\"@type\":\"ImageObject\",\"inLanguage\":\"es\",\"@id\":\"https:\/\/itxaspe.com\/mochileros\/asia-indonesia\/alojamiento\/#primaryimage\",\"url\":\"http:\/\/itxaspe.com\/mochileros\/asia-indonesia\/wp-content\/uploads\/sites\/2\/2019\/03\/blog-mochileros-airbnb3.png\",\"contentUrl\":\"http:\/\/itxaspe.com\/mochileros\/asia-indonesia\/wp-content\/uploads\/sites\/2\/2019\/03\/blog-mochileros-airbnb3.png\"},{\"@type\":\"BreadcrumbList\",\"@id\":\"https:\/\/itxaspe.com\/mochileros\/asia-indonesia\/alojamiento\/#breadcrumb\",\"itemListElement\":[{\"@type\":\"ListItem\",\"position\":1,\"name\":\"Portada\",\"item\":\"https:\/\/itxaspe.com\/mochileros\/asia-indonesia\/\"},{\"@type\":\"ListItem\",\"position\":2,\"name\":\"ALOJAMIENTO\"}]},{\"@type\":\"WebSite\",\"@id\":\"https:\/\/itxaspe.com\/mochileros\/asia-indonesia\/#website\",\"url\":\"https:\/\/itxaspe.com\/mochileros\/asia-indonesia\/\",\"name\":\"MOCHILEROS POR INDONESIA - ASIA - AGOSTO 2019\",\"description\":\"Nuestro blog de viaje a Indonesia. Primer viaje con la mochila a cuestas\",\"potentialAction\":[{\"@type\":\"SearchAction\",\"target\":{\"@type\":\"EntryPoint\",\"urlTemplate\":\"https:\/\/itxaspe.com\/mochileros\/asia-indonesia\/?s={search_term_string}\"},\"query-input\":{\"@type\":\"PropertyValueSpecification\",\"valueRequired\":true,\"valueName\":\"search_term_string\"}}],\"inLanguage\":\"es\"}]}<\/script>\n<!-- \/ Yoast SEO plugin. -->","yoast_head_json":{"title":"ALOJAMIENTO - MOCHILEROS POR INDONESIA - ASIA - AGOSTO 2019","description":"Nuestra experiencia con alojamiento en Indonesia . A\u00fan por retocar la entrada con la informaci\u00f3n que tenemos una vez vuelto","robots":{"index":"index","follow":"follow","max-snippet":"max-snippet:-1","max-image-preview":"max-image-preview:large","max-video-preview":"max-video-preview:-1"},"canonical":"https:\/\/itxaspe.com\/mochileros\/asia-indonesia\/alojamiento\/","og_locale":"es_ES","og_type":"article","og_title":"ALOJAMIENTO - MOCHILEROS POR INDONESIA - ASIA - AGOSTO 2019","og_description":"Nuestra experiencia con alojamiento en Indonesia . A\u00fan por retocar la entrada con la informaci\u00f3n que tenemos una vez vuelto","og_url":"https:\/\/itxaspe.com\/mochileros\/asia-indonesia\/alojamiento\/","og_site_name":"MOCHILEROS POR INDONESIA - ASIA - AGOSTO 2019","article_modified_time":"2020-02-04T15:53:19+00:00","og_image":[{"url":"http:\/\/itxaspe.com\/mochileros\/asia-indonesia\/wp-content\/uploads\/sites\/2\/2019\/03\/blog-mochileros-airbnb3.png","type":"","width":"","height":""}],"twitter_card":"summary_large_image","twitter_misc":{"Tiempo de lectura":"2 minutos"},"schema":{"@context":"https:\/\/schema.org","@graph":[{"@type":"WebPage","@id":"https:\/\/itxaspe.com\/mochileros\/asia-indonesia\/alojamiento\/","url":"https:\/\/itxaspe.com\/mochileros\/asia-indonesia\/alojamiento\/","name":"ALOJAMIENTO - MOCHILEROS POR INDONESIA - ASIA - AGOSTO 2019","isPartOf":{"@id":"https:\/\/itxaspe.com\/mochileros\/asia-indonesia\/#website"},"primaryImageOfPage":{"@id":"https:\/\/itxaspe.com\/mochileros\/asia-indonesia\/alojamiento\/#primaryimage"},"image":{"@id":"https:\/\/itxaspe.com\/mochileros\/asia-indonesia\/alojamiento\/#primaryimage"},"thumbnailUrl":"http:\/\/itxaspe.com\/mochileros\/asia-indonesia\/wp-content\/uploads\/sites\/2\/2019\/03\/blog-mochileros-airbnb3.png","datePublished":"2019-03-13T13:36:28+00:00","dateModified":"2020-02-04T15:53:19+00:00","description":"Nuestra experiencia con alojamiento en Indonesia . A\u00fan por retocar la entrada con la informaci\u00f3n que tenemos una vez vuelto","breadcrumb":{"@id":"https:\/\/itxaspe.com\/mochileros\/asia-indonesia\/alojamiento\/#breadcrumb"},"inLanguage":"es","potentialAction":[{"@type":"ReadAction","target":["https:\/\/itxaspe.com\/mochileros\/asia-indonesia\/alojamiento\/"]}]},{"@type":"ImageObject","inLanguage":"es","@id":"https:\/\/itxaspe.com\/mochileros\/asia-indonesia\/alojamiento\/#primaryimage","url":"http:\/\/itxaspe.com\/mochileros\/asia-indonesia\/wp-content\/uploads\/sites\/2\/2019\/03\/blog-mochileros-airbnb3.png","contentUrl":"http:\/\/itxaspe.com\/mochileros\/asia-indonesia\/wp-content\/uploads\/sites\/2\/2019\/03\/blog-mochileros-airbnb3.png"},{"@type":"BreadcrumbList","@id":"https:\/\/itxaspe.com\/mochileros\/asia-indonesia\/alojamiento\/#breadcrumb","itemListElement":[{"@type":"ListItem","position":1,"name":"Portada","item":"https:\/\/itxaspe.com\/mochileros\/asia-indonesia\/"},{"@type":"ListItem","position":2,"name":"ALOJAMIENTO"}]},{"@type":"WebSite","@id":"https:\/\/itxaspe.com\/mochileros\/asia-indonesia\/#website","url":"https:\/\/itxaspe.com\/mochileros\/asia-indonesia\/","name":"MOCHILEROS POR INDONESIA - ASIA - AGOSTO 2019","description":"Nuestro blog de viaje a Indonesia. Primer viaje con la mochila a cuestas","potentialAction":[{"@type":"SearchAction","target":{"@type":"EntryPoint","urlTemplate":"https:\/\/itxaspe.com\/mochileros\/asia-indonesia\/?s={search_term_string}"},"query-input":{"@type":"PropertyValueSpecification","valueRequired":true,"valueName":"search_term_string"}}],"inLanguage":"es"}]}},"_links":{"self":[{"href":"https:\/\/itxaspe.com\/mochileros\/asia-indonesia\/wp-json\/wp\/v2\/pages\/45","targetHints":{"allow":["GET"]}}],"collection":[{"href":"https:\/\/itxaspe.com\/mochileros\/asia-indonesia\/wp-json\/wp\/v2\/pages"}],"about":[{"href":"https:\/\/itxaspe.com\/mochileros\/asia-indonesia\/wp-json\/wp\/v2\/types\/page"}],"author":[{"embeddable":true,"href":"https:\/\/itxaspe.com\/mochileros\/asia-indonesia\/wp-json\/wp\/v2\/users\/1"}],"replies":[{"embeddable":true,"href":"https:\/\/itxaspe.com\/mochileros\/asia-indonesia\/wp-json\/wp\/v2\/comments?post=45"}],"version-history":[{"count":7,"href":"https:\/\/itxaspe.com\/mochileros\/asia-indonesia\/wp-json\/wp\/v2\/pages\/45\/revisions"}],"predecessor-version":[{"id":318,"href":"https:\/\/itxaspe.com\/mochileros\/asia-indonesia\/wp-json\/wp\/v2\/pages\/45\/revisions\/318"}],"wp:attachment":[{"href":"https:\/\/itxaspe.com\/mochileros\/asia-indonesia\/wp-json\/wp\/v2\/media?parent=45"}],"curies":[{"name":"wp","href":"https:\/\/api.w.org\/{rel}","templated":true}]}}