{"id":50,"date":"2019-04-15T16:29:27","date_gmt":"2019-04-15T14:29:27","guid":{"rendered":"http:\/\/itxaspe.com\/mochileros\/asia-indonesia\/?page_id=50"},"modified":"2019-04-15T16:31:35","modified_gmt":"2019-04-15T14:31:35","slug":"material","status":"publish","type":"page","link":"https:\/\/itxaspe.com\/mochileros\/asia-indonesia\/material\/","title":{"rendered":"MATERIAL"},"content":{"rendered":"\n<p>Somos totalmente nuevos en este tipo de viajes, as\u00ed que no tenemos mucha experiencia al respecto. Iremos poniendo aqu\u00ed lo que llevamos y a la vuelta las recomendaciones  seg\u00fan la experiencia que hayamos vivido. <\/p>\n\n\n\n<h2 class=\"wp-block-heading\">Mochila de viaje<\/h2>\n\n\n\n<p>Nuestra compa\u00f1era inseparable de viaje. \u00a1\u00d3jala le demos much\u00edsimo trote! Aqu\u00ed ten\u00e9is un enlace a la<a href=\"https:\/\/itxaspe.com\/mochileros\/asia-indonesia\/mochila-de-viaje\/\"> mochila de viaje<\/a> elegida<\/p>\n\n\n\n<figure class=\"wp-block-image\"><a href=\"https:\/\/www.flickr.com\/photos\/48196942@N00\/40597821123\/in\/dateposted\/\"><img decoding=\"async\" src=\"https:\/\/live.staticflickr.com\/7907\/40597821123_1fc7024417.jpg\" alt=\"Mochila de viaje Columbus K 35\"\/><\/a><\/figure>\n\n\n\n<h2 class=\"wp-block-heading\">Ropa <\/h2>\n\n\n\n<p>Hay que tener en cuenta que como punto de partida de este viaje tenemos la Isla de Java en Agosto, estaci\u00f3n seca en la zona, por lo que no deber\u00edamos preocuparnos demasiado del fr\u00edo y de la lluvia (en la mochila  llevaremos ropa de abrigo y agua por si acaso, pero con un plumas y un chubasquero deber\u00eda ser suficiente. En caso de que nos quedemos cortos, habr\u00e1 que recurrir a comprar algo all\u00ed mismo. <\/p>\n\n\n\n<p>Todav\u00eda no hemos pensado qu\u00e9 llevar, pero en el pr\u00f3ximo mes lo haremos y haremos prueba de meterlo en la mochila de viaje<\/p>\n\n\n\n<h2 class=\"wp-block-heading\">Electr\u00f3nica<\/h2>\n\n\n\n<h2 class=\"wp-block-heading\">Neceser<\/h2>\n\n\n\n<h2 class=\"wp-block-heading\">Varios<\/h2>\n\n\n\n<p><br><\/p>\n","protected":false},"excerpt":{"rendered":"<p>Somos totalmente nuevos en este tipo de viajes, as\u00ed que no tenemos mucha experiencia al respecto. Iremos poniendo aqu\u00ed lo que llevamos y a la &hellip; <\/p>\n","protected":false},"author":1,"featured_media":0,"parent":0,"menu_order":0,"comment_status":"closed","ping_status":"closed","template":"","meta":{"footnotes":""},"class_list":["post-50","page","type-page","status-publish","hentry"],"yoast_head":"<!-- This site is optimized with the Yoast SEO plugin v26.8 - https:\/\/yoast.com\/product\/yoast-seo-wordpress\/ -->\n<title>MATERIAL - MOCHILEROS POR INDONESIA - ASIA - AGOSTO 2019<\/title>\n<meta name=\"robots\" content=\"index, follow, max-snippet:-1, max-image-preview:large, max-video-preview:-1\" \/>\n<link rel=\"canonical\" href=\"https:\/\/itxaspe.com\/mochileros\/asia-indonesia\/material\/\" \/>\n<meta property=\"og:locale\" content=\"es_ES\" \/>\n<meta property=\"og:type\" content=\"article\" \/>\n<meta property=\"og:title\" content=\"MATERIAL - MOCHILEROS POR INDONESIA - ASIA - AGOSTO 2019\" \/>\n<meta property=\"og:description\" content=\"Somos totalmente nuevos en este tipo de viajes, as\u00ed que no tenemos mucha experiencia al respecto. Iremos poniendo aqu\u00ed lo que llevamos y a la &hellip;\" \/>\n<meta property=\"og:url\" content=\"https:\/\/itxaspe.com\/mochileros\/asia-indonesia\/material\/\" \/>\n<meta property=\"og:site_name\" content=\"MOCHILEROS POR INDONESIA - ASIA - AGOSTO 2019\" \/>\n<meta property=\"article:modified_time\" content=\"2019-04-15T14:31:35+00:00\" \/>\n<meta property=\"og:image\" content=\"https:\/\/live.staticflickr.com\/7907\/40597821123_1fc7024417.jpg\" \/>\n<meta name=\"twitter:card\" content=\"summary_large_image\" \/>\n<meta name=\"twitter:label1\" content=\"Tiempo de lectura\" \/>\n\t<meta name=\"twitter:data1\" content=\"1 minuto\" \/>\n<script type=\"application\/ld+json\" class=\"yoast-schema-graph\">{\"@context\":\"https:\/\/schema.org\",\"@graph\":[{\"@type\":\"WebPage\",\"@id\":\"https:\/\/itxaspe.com\/mochileros\/asia-indonesia\/material\/\",\"url\":\"https:\/\/itxaspe.com\/mochileros\/asia-indonesia\/material\/\",\"name\":\"MATERIAL - MOCHILEROS POR INDONESIA - ASIA - AGOSTO 2019\",\"isPartOf\":{\"@id\":\"https:\/\/itxaspe.com\/mochileros\/asia-indonesia\/#website\"},\"primaryImageOfPage\":{\"@id\":\"https:\/\/itxaspe.com\/mochileros\/asia-indonesia\/material\/#primaryimage\"},\"image\":{\"@id\":\"https:\/\/itxaspe.com\/mochileros\/asia-indonesia\/material\/#primaryimage\"},\"thumbnailUrl\":\"https:\/\/live.staticflickr.com\/7907\/40597821123_1fc7024417.jpg\",\"datePublished\":\"2019-04-15T14:29:27+00:00\",\"dateModified\":\"2019-04-15T14:31:35+00:00\",\"breadcrumb\":{\"@id\":\"https:\/\/itxaspe.com\/mochileros\/asia-indonesia\/material\/#breadcrumb\"},\"inLanguage\":\"es\",\"potentialAction\":[{\"@type\":\"ReadAction\",\"target\":[\"https:\/\/itxaspe.com\/mochileros\/asia-indonesia\/material\/\"]}]},{\"@type\":\"ImageObject\",\"inLanguage\":\"es\",\"@id\":\"https:\/\/itxaspe.com\/mochileros\/asia-indonesia\/material\/#primaryimage\",\"url\":\"https:\/\/live.staticflickr.com\/7907\/40597821123_1fc7024417.jpg\",\"contentUrl\":\"https:\/\/live.staticflickr.com\/7907\/40597821123_1fc7024417.jpg\"},{\"@type\":\"BreadcrumbList\",\"@id\":\"https:\/\/itxaspe.com\/mochileros\/asia-indonesia\/material\/#breadcrumb\",\"itemListElement\":[{\"@type\":\"ListItem\",\"position\":1,\"name\":\"Portada\",\"item\":\"https:\/\/itxaspe.com\/mochileros\/asia-indonesia\/\"},{\"@type\":\"ListItem\",\"position\":2,\"name\":\"MATERIAL\"}]},{\"@type\":\"WebSite\",\"@id\":\"https:\/\/itxaspe.com\/mochileros\/asia-indonesia\/#website\",\"url\":\"https:\/\/itxaspe.com\/mochileros\/asia-indonesia\/\",\"name\":\"MOCHILEROS POR INDONESIA - ASIA - AGOSTO 2019\",\"description\":\"Nuestro blog de viaje a Indonesia. Primer viaje con la mochila a cuestas\",\"potentialAction\":[{\"@type\":\"SearchAction\",\"target\":{\"@type\":\"EntryPoint\",\"urlTemplate\":\"https:\/\/itxaspe.com\/mochileros\/asia-indonesia\/?s={search_term_string}\"},\"query-input\":{\"@type\":\"PropertyValueSpecification\",\"valueRequired\":true,\"valueName\":\"search_term_string\"}}],\"inLanguage\":\"es\"}]}<\/script>\n<!-- \/ Yoast SEO plugin. -->","yoast_head_json":{"title":"MATERIAL - MOCHILEROS POR INDONESIA - ASIA - AGOSTO 2019","robots":{"index":"index","follow":"follow","max-snippet":"max-snippet:-1","max-image-preview":"max-image-preview:large","max-video-preview":"max-video-preview:-1"},"canonical":"https:\/\/itxaspe.com\/mochileros\/asia-indonesia\/material\/","og_locale":"es_ES","og_type":"article","og_title":"MATERIAL - MOCHILEROS POR INDONESIA - ASIA - AGOSTO 2019","og_description":"Somos totalmente nuevos en este tipo de viajes, as\u00ed que no tenemos mucha experiencia al respecto. Iremos poniendo aqu\u00ed lo que llevamos y a la &hellip;","og_url":"https:\/\/itxaspe.com\/mochileros\/asia-indonesia\/material\/","og_site_name":"MOCHILEROS POR INDONESIA - ASIA - AGOSTO 2019","article_modified_time":"2019-04-15T14:31:35+00:00","og_image":[{"url":"https:\/\/live.staticflickr.com\/7907\/40597821123_1fc7024417.jpg","type":"","width":"","height":""}],"twitter_card":"summary_large_image","twitter_misc":{"Tiempo de lectura":"1 minuto"},"schema":{"@context":"https:\/\/schema.org","@graph":[{"@type":"WebPage","@id":"https:\/\/itxaspe.com\/mochileros\/asia-indonesia\/material\/","url":"https:\/\/itxaspe.com\/mochileros\/asia-indonesia\/material\/","name":"MATERIAL - MOCHILEROS POR INDONESIA - ASIA - AGOSTO 2019","isPartOf":{"@id":"https:\/\/itxaspe.com\/mochileros\/asia-indonesia\/#website"},"primaryImageOfPage":{"@id":"https:\/\/itxaspe.com\/mochileros\/asia-indonesia\/material\/#primaryimage"},"image":{"@id":"https:\/\/itxaspe.com\/mochileros\/asia-indonesia\/material\/#primaryimage"},"thumbnailUrl":"https:\/\/live.staticflickr.com\/7907\/40597821123_1fc7024417.jpg","datePublished":"2019-04-15T14:29:27+00:00","dateModified":"2019-04-15T14:31:35+00:00","breadcrumb":{"@id":"https:\/\/itxaspe.com\/mochileros\/asia-indonesia\/material\/#breadcrumb"},"inLanguage":"es","potentialAction":[{"@type":"ReadAction","target":["https:\/\/itxaspe.com\/mochileros\/asia-indonesia\/material\/"]}]},{"@type":"ImageObject","inLanguage":"es","@id":"https:\/\/itxaspe.com\/mochileros\/asia-indonesia\/material\/#primaryimage","url":"https:\/\/live.staticflickr.com\/7907\/40597821123_1fc7024417.jpg","contentUrl":"https:\/\/live.staticflickr.com\/7907\/40597821123_1fc7024417.jpg"},{"@type":"BreadcrumbList","@id":"https:\/\/itxaspe.com\/mochileros\/asia-indonesia\/material\/#breadcrumb","itemListElement":[{"@type":"ListItem","position":1,"name":"Portada","item":"https:\/\/itxaspe.com\/mochileros\/asia-indonesia\/"},{"@type":"ListItem","position":2,"name":"MATERIAL"}]},{"@type":"WebSite","@id":"https:\/\/itxaspe.com\/mochileros\/asia-indonesia\/#website","url":"https:\/\/itxaspe.com\/mochileros\/asia-indonesia\/","name":"MOCHILEROS POR INDONESIA - ASIA - AGOSTO 2019","description":"Nuestro blog de viaje a Indonesia. Primer viaje con la mochila a cuestas","potentialAction":[{"@type":"SearchAction","target":{"@type":"EntryPoint","urlTemplate":"https:\/\/itxaspe.com\/mochileros\/asia-indonesia\/?s={search_term_string}"},"query-input":{"@type":"PropertyValueSpecification","valueRequired":true,"valueName":"search_term_string"}}],"inLanguage":"es"}]}},"_links":{"self":[{"href":"https:\/\/itxaspe.com\/mochileros\/asia-indonesia\/wp-json\/wp\/v2\/pages\/50","targetHints":{"allow":["GET"]}}],"collection":[{"href":"https:\/\/itxaspe.com\/mochileros\/asia-indonesia\/wp-json\/wp\/v2\/pages"}],"about":[{"href":"https:\/\/itxaspe.com\/mochileros\/asia-indonesia\/wp-json\/wp\/v2\/types\/page"}],"author":[{"embeddable":true,"href":"https:\/\/itxaspe.com\/mochileros\/asia-indonesia\/wp-json\/wp\/v2\/users\/1"}],"replies":[{"embeddable":true,"href":"https:\/\/itxaspe.com\/mochileros\/asia-indonesia\/wp-json\/wp\/v2\/comments?post=50"}],"version-history":[{"count":15,"href":"https:\/\/itxaspe.com\/mochileros\/asia-indonesia\/wp-json\/wp\/v2\/pages\/50\/revisions"}],"predecessor-version":[{"id":204,"href":"https:\/\/itxaspe.com\/mochileros\/asia-indonesia\/wp-json\/wp\/v2\/pages\/50\/revisions\/204"}],"wp:attachment":[{"href":"https:\/\/itxaspe.com\/mochileros\/asia-indonesia\/wp-json\/wp\/v2\/media?parent=50"}],"curies":[{"name":"wp","href":"https:\/\/api.w.org\/{rel}","templated":true}]}}