{"id":68,"date":"2019-03-14T18:38:18","date_gmt":"2019-03-14T17:38:18","guid":{"rendered":"http:\/\/itxaspe.com\/mochileros\/asia-indonesia\/?page_id=68"},"modified":"2019-05-20T19:19:13","modified_gmt":"2019-05-20T17:19:13","slug":"objetivos","status":"publish","type":"page","link":"https:\/\/itxaspe.com\/mochileros\/asia-indonesia\/objetivos\/","title":{"rendered":"OBJETIVOS"},"content":{"rendered":"\n<h2 class=\"wp-block-heading\">Objetivo del Viaje a Indonesia con mochila<\/h2>\n\n\n\n<p>Como casi cada viaje que hacemos, el objetivo general que tenemos es disfrutar, conociendo un nuevo sitio, nueva cultura y en pareja. <\/p>\n\n\n\n<p>Es la primera vez que vamos a viajar nada m\u00e1s con mochila y con lo m\u00ednimo, y estamos seguros que no ser\u00e1 la \u00faltima. <\/p>\n\n\n\n<p>\u00a1Hay tantas cosas en esta vida que queremos ver y que queremos hacer, que tendremos que vivir muchos a\u00f1os para poder hacer la mitad de ellas! A ver si tenemos suerte \ud83d\ude09 <\/p>\n\n\n\n<p><strong>\u00bfQu\u00e9 vamos a hacer una vez en la Isla de Java?<\/strong> (nuestro vuelo es a Yakarta) Realmente a\u00fan no lo tenemos muy claro, quiz\u00e1 estemos todo el mes en la isla, o nos movamos a islas cercanas. Todo esto lo iremos viendo seg\u00fan la marcha, seg\u00fan las posibilidades que veamos y seg\u00fan lo que nos apetezca. <\/p>\n\n\n\n<p>Queremos andar, ver sitios nuevos, tirarnos a la bartola en alguna playa, hacer surf, sudar, viajar en tren, autob\u00fas , barco, descansar, desconectar, hacer turismo y mil cosas m\u00e1s&#8230;. un mes se va a quedar corto. \u00a1A ver c\u00f3mo lo hacemos!<\/p>\n\n\n\n<figure class=\"wp-block-image\"><a href=\"https:\/\/www.flickr.com\/photos\/48196942@N00\/8628734714\/in\/album-72157633091575376\/\"><img decoding=\"async\" src=\"https:\/\/farm9.staticflickr.com\/8100\/8628734714_f807997e7f_c.jpg\" alt=\"chancletas en la arena\"\/><\/a><\/figure>\n\n\n\n<h2 class=\"wp-block-heading\">Objetivo del blog<\/h2>\n\n\n\n<p>El objetivo es muy sencillo: <strong>tener un diario personal que a futuro podamos consultar para recordar<\/strong>. <\/p>\n\n\n\n<p>Si adem\u00e1s puede servir a alguien de <strong>pasatiempo<\/strong>, para <strong>tomar ideas <\/strong>o le puede sacar partido, \u00a1mejor que mejor!<\/p>\n\n\n\n<p>Ten\u00edamos nuestras dudas de si escribir en nuestro blog habitual (<a href=\"http:\/\/www.itxaspe.com\/BlogsDeportes\">http:\/\/www.itxaspe.com\/BlogsDeportes<\/a> ) o empezar una nueva comunidad pensando en futuros viajes. Al final hemos decidido separarlos, y as\u00ed nacen <strong><a href=\"http:\/\/itxaspe.com\/mochileros\/\">viajes mochileros por el mundo<\/a><\/strong> y su primer blog <a href=\"http:\/\/itxaspe.com\/mochileros\/asia-indonesia\/\"><strong>Mochileros por Asia &#8211; Indonesia <\/strong><\/a> \u00a1\u00d3jala lleguemos a crear muchos blogs en diferentes paises\/continentes! \ud83d\ude09 <\/p>\n\n\n\n<p>Esto de escribir es algo que lleva mucho tiempo y esfuerzo. Muchas veces hemos estado a punto de dejarlo de lado, pero &#8230; nos encanta poder releer nuestras experiencias, ver las fotos y nuestras vivencias en aquellos a\u00f1os , as\u00ed que&#8230; de momento seguiremos en esto.<\/p>\n\n\n\n<p>Comentar que no pensamos escribir nada mientras estemos all\u00ed. Como mucho publicaremos algo en las redes sociales. Lo que si haremos es llevar un bloc de notas donde anotaremos lo que una vez de vuelta queramos dejar escrito. \u00a1Seguro que ser\u00e1 mucho! \ud83d\ude09 <\/p>\n\n\n\n<p>\u00a1Vamos!<\/p>\n\n\n\n<p><br><\/p>\n\n\n\n<p><br><\/p>\n","protected":false},"excerpt":{"rendered":"<p>Objetivo del Viaje a Indonesia con mochila Como casi cada viaje que hacemos, el objetivo general que tenemos es disfrutar, conociendo un nuevo sitio, nueva &hellip; <\/p>\n","protected":false},"author":1,"featured_media":0,"parent":0,"menu_order":0,"comment_status":"closed","ping_status":"closed","template":"","meta":{"footnotes":""},"class_list":["post-68","page","type-page","status-publish","hentry"],"yoast_head":"<!-- This site is optimized with the Yoast SEO plugin v26.8 - https:\/\/yoast.com\/product\/yoast-seo-wordpress\/ -->\n<title>OBJETIVOS - MOCHILEROS POR INDONESIA - ASIA - AGOSTO 2019<\/title>\n<meta name=\"robots\" content=\"index, follow, max-snippet:-1, max-image-preview:large, max-video-preview:-1\" \/>\n<link rel=\"canonical\" href=\"https:\/\/itxaspe.com\/mochileros\/asia-indonesia\/objetivos\/\" \/>\n<meta property=\"og:locale\" content=\"es_ES\" \/>\n<meta property=\"og:type\" content=\"article\" \/>\n<meta property=\"og:title\" content=\"OBJETIVOS - MOCHILEROS POR INDONESIA - ASIA - AGOSTO 2019\" \/>\n<meta property=\"og:description\" content=\"Objetivo del Viaje a Indonesia con mochila Como casi cada viaje que hacemos, el objetivo general que tenemos es disfrutar, conociendo un nuevo sitio, nueva &hellip;\" \/>\n<meta property=\"og:url\" content=\"https:\/\/itxaspe.com\/mochileros\/asia-indonesia\/objetivos\/\" \/>\n<meta property=\"og:site_name\" content=\"MOCHILEROS POR INDONESIA - ASIA - AGOSTO 2019\" \/>\n<meta property=\"article:modified_time\" content=\"2019-05-20T17:19:13+00:00\" \/>\n<meta property=\"og:image\" content=\"https:\/\/farm9.staticflickr.com\/8100\/8628734714_f807997e7f_c.jpg\" \/>\n<meta name=\"twitter:card\" content=\"summary_large_image\" \/>\n<meta name=\"twitter:label1\" content=\"Tiempo de lectura\" \/>\n\t<meta name=\"twitter:data1\" content=\"2 minutos\" \/>\n<script type=\"application\/ld+json\" class=\"yoast-schema-graph\">{\"@context\":\"https:\/\/schema.org\",\"@graph\":[{\"@type\":\"WebPage\",\"@id\":\"https:\/\/itxaspe.com\/mochileros\/asia-indonesia\/objetivos\/\",\"url\":\"https:\/\/itxaspe.com\/mochileros\/asia-indonesia\/objetivos\/\",\"name\":\"OBJETIVOS - MOCHILEROS POR INDONESIA - ASIA - AGOSTO 2019\",\"isPartOf\":{\"@id\":\"https:\/\/itxaspe.com\/mochileros\/asia-indonesia\/#website\"},\"primaryImageOfPage\":{\"@id\":\"https:\/\/itxaspe.com\/mochileros\/asia-indonesia\/objetivos\/#primaryimage\"},\"image\":{\"@id\":\"https:\/\/itxaspe.com\/mochileros\/asia-indonesia\/objetivos\/#primaryimage\"},\"thumbnailUrl\":\"https:\/\/farm9.staticflickr.com\/8100\/8628734714_f807997e7f_c.jpg\",\"datePublished\":\"2019-03-14T17:38:18+00:00\",\"dateModified\":\"2019-05-20T17:19:13+00:00\",\"breadcrumb\":{\"@id\":\"https:\/\/itxaspe.com\/mochileros\/asia-indonesia\/objetivos\/#breadcrumb\"},\"inLanguage\":\"es\",\"potentialAction\":[{\"@type\":\"ReadAction\",\"target\":[\"https:\/\/itxaspe.com\/mochileros\/asia-indonesia\/objetivos\/\"]}]},{\"@type\":\"ImageObject\",\"inLanguage\":\"es\",\"@id\":\"https:\/\/itxaspe.com\/mochileros\/asia-indonesia\/objetivos\/#primaryimage\",\"url\":\"https:\/\/farm9.staticflickr.com\/8100\/8628734714_f807997e7f_c.jpg\",\"contentUrl\":\"https:\/\/farm9.staticflickr.com\/8100\/8628734714_f807997e7f_c.jpg\"},{\"@type\":\"BreadcrumbList\",\"@id\":\"https:\/\/itxaspe.com\/mochileros\/asia-indonesia\/objetivos\/#breadcrumb\",\"itemListElement\":[{\"@type\":\"ListItem\",\"position\":1,\"name\":\"Portada\",\"item\":\"https:\/\/itxaspe.com\/mochileros\/asia-indonesia\/\"},{\"@type\":\"ListItem\",\"position\":2,\"name\":\"OBJETIVOS\"}]},{\"@type\":\"WebSite\",\"@id\":\"https:\/\/itxaspe.com\/mochileros\/asia-indonesia\/#website\",\"url\":\"https:\/\/itxaspe.com\/mochileros\/asia-indonesia\/\",\"name\":\"MOCHILEROS POR INDONESIA - ASIA - AGOSTO 2019\",\"description\":\"Nuestro blog de viaje a Indonesia. Primer viaje con la mochila a cuestas\",\"potentialAction\":[{\"@type\":\"SearchAction\",\"target\":{\"@type\":\"EntryPoint\",\"urlTemplate\":\"https:\/\/itxaspe.com\/mochileros\/asia-indonesia\/?s={search_term_string}\"},\"query-input\":{\"@type\":\"PropertyValueSpecification\",\"valueRequired\":true,\"valueName\":\"search_term_string\"}}],\"inLanguage\":\"es\"}]}<\/script>\n<!-- \/ Yoast SEO plugin. -->","yoast_head_json":{"title":"OBJETIVOS - MOCHILEROS POR INDONESIA - ASIA - AGOSTO 2019","robots":{"index":"index","follow":"follow","max-snippet":"max-snippet:-1","max-image-preview":"max-image-preview:large","max-video-preview":"max-video-preview:-1"},"canonical":"https:\/\/itxaspe.com\/mochileros\/asia-indonesia\/objetivos\/","og_locale":"es_ES","og_type":"article","og_title":"OBJETIVOS - MOCHILEROS POR INDONESIA - ASIA - AGOSTO 2019","og_description":"Objetivo del Viaje a Indonesia con mochila Como casi cada viaje que hacemos, el objetivo general que tenemos es disfrutar, conociendo un nuevo sitio, nueva &hellip;","og_url":"https:\/\/itxaspe.com\/mochileros\/asia-indonesia\/objetivos\/","og_site_name":"MOCHILEROS POR INDONESIA - ASIA - AGOSTO 2019","article_modified_time":"2019-05-20T17:19:13+00:00","og_image":[{"url":"https:\/\/farm9.staticflickr.com\/8100\/8628734714_f807997e7f_c.jpg","type":"","width":"","height":""}],"twitter_card":"summary_large_image","twitter_misc":{"Tiempo de lectura":"2 minutos"},"schema":{"@context":"https:\/\/schema.org","@graph":[{"@type":"WebPage","@id":"https:\/\/itxaspe.com\/mochileros\/asia-indonesia\/objetivos\/","url":"https:\/\/itxaspe.com\/mochileros\/asia-indonesia\/objetivos\/","name":"OBJETIVOS - MOCHILEROS POR INDONESIA - ASIA - AGOSTO 2019","isPartOf":{"@id":"https:\/\/itxaspe.com\/mochileros\/asia-indonesia\/#website"},"primaryImageOfPage":{"@id":"https:\/\/itxaspe.com\/mochileros\/asia-indonesia\/objetivos\/#primaryimage"},"image":{"@id":"https:\/\/itxaspe.com\/mochileros\/asia-indonesia\/objetivos\/#primaryimage"},"thumbnailUrl":"https:\/\/farm9.staticflickr.com\/8100\/8628734714_f807997e7f_c.jpg","datePublished":"2019-03-14T17:38:18+00:00","dateModified":"2019-05-20T17:19:13+00:00","breadcrumb":{"@id":"https:\/\/itxaspe.com\/mochileros\/asia-indonesia\/objetivos\/#breadcrumb"},"inLanguage":"es","potentialAction":[{"@type":"ReadAction","target":["https:\/\/itxaspe.com\/mochileros\/asia-indonesia\/objetivos\/"]}]},{"@type":"ImageObject","inLanguage":"es","@id":"https:\/\/itxaspe.com\/mochileros\/asia-indonesia\/objetivos\/#primaryimage","url":"https:\/\/farm9.staticflickr.com\/8100\/8628734714_f807997e7f_c.jpg","contentUrl":"https:\/\/farm9.staticflickr.com\/8100\/8628734714_f807997e7f_c.jpg"},{"@type":"BreadcrumbList","@id":"https:\/\/itxaspe.com\/mochileros\/asia-indonesia\/objetivos\/#breadcrumb","itemListElement":[{"@type":"ListItem","position":1,"name":"Portada","item":"https:\/\/itxaspe.com\/mochileros\/asia-indonesia\/"},{"@type":"ListItem","position":2,"name":"OBJETIVOS"}]},{"@type":"WebSite","@id":"https:\/\/itxaspe.com\/mochileros\/asia-indonesia\/#website","url":"https:\/\/itxaspe.com\/mochileros\/asia-indonesia\/","name":"MOCHILEROS POR INDONESIA - ASIA - AGOSTO 2019","description":"Nuestro blog de viaje a Indonesia. Primer viaje con la mochila a cuestas","potentialAction":[{"@type":"SearchAction","target":{"@type":"EntryPoint","urlTemplate":"https:\/\/itxaspe.com\/mochileros\/asia-indonesia\/?s={search_term_string}"},"query-input":{"@type":"PropertyValueSpecification","valueRequired":true,"valueName":"search_term_string"}}],"inLanguage":"es"}]}},"_links":{"self":[{"href":"https:\/\/itxaspe.com\/mochileros\/asia-indonesia\/wp-json\/wp\/v2\/pages\/68","targetHints":{"allow":["GET"]}}],"collection":[{"href":"https:\/\/itxaspe.com\/mochileros\/asia-indonesia\/wp-json\/wp\/v2\/pages"}],"about":[{"href":"https:\/\/itxaspe.com\/mochileros\/asia-indonesia\/wp-json\/wp\/v2\/types\/page"}],"author":[{"embeddable":true,"href":"https:\/\/itxaspe.com\/mochileros\/asia-indonesia\/wp-json\/wp\/v2\/users\/1"}],"replies":[{"embeddable":true,"href":"https:\/\/itxaspe.com\/mochileros\/asia-indonesia\/wp-json\/wp\/v2\/comments?post=68"}],"version-history":[{"count":11,"href":"https:\/\/itxaspe.com\/mochileros\/asia-indonesia\/wp-json\/wp\/v2\/pages\/68\/revisions"}],"predecessor-version":[{"id":226,"href":"https:\/\/itxaspe.com\/mochileros\/asia-indonesia\/wp-json\/wp\/v2\/pages\/68\/revisions\/226"}],"wp:attachment":[{"href":"https:\/\/itxaspe.com\/mochileros\/asia-indonesia\/wp-json\/wp\/v2\/media?parent=68"}],"curies":[{"name":"wp","href":"https:\/\/api.w.org\/{rel}","templated":true}]}}