{"id":90,"date":"2019-03-27T14:21:13","date_gmt":"2019-03-27T13:21:13","guid":{"rendered":"http:\/\/itxaspe.com\/mochileros\/asia-indonesia\/?page_id=90"},"modified":"2019-03-27T15:23:28","modified_gmt":"2019-03-27T14:23:28","slug":"vacunas-para-indonesia","status":"publish","type":"page","link":"https:\/\/itxaspe.com\/mochileros\/asia-indonesia\/vacunas-para-indonesia\/","title":{"rendered":"VACUNAS PARA INDONESIA"},"content":{"rendered":"\n<p>Algo muy importante antes de viajar al extranjero es mirar si es necesaria tomar alguna vacuna obligatoria para entrar al pa\u00eds. As\u00ed que nos ponemos manos a la obra, y buscamos informaci\u00f3n sobre <strong>Vacunas para Indonesia<\/strong><\/p>\n\n\n\n<figure class=\"wp-block-image is-resized\"><img loading=\"lazy\" decoding=\"async\" src=\"http:\/\/itxaspe.com\/mochileros\/asia-indonesia\/wp-content\/uploads\/sites\/2\/2019\/03\/Vacunas.jpg\" alt=\"Jeringuilla .\u00bf Hay que vacunarse para ir a Indonesia?\" class=\"wp-image-111\" width=\"328\" height=\"383\" srcset=\"https:\/\/itxaspe.com\/mochileros\/asia-indonesia\/wp-content\/uploads\/sites\/2\/2019\/03\/Vacunas.jpg 656w, https:\/\/itxaspe.com\/mochileros\/asia-indonesia\/wp-content\/uploads\/sites\/2\/2019\/03\/Vacunas-257x300.jpg 257w\" sizes=\"auto, (max-width: 328px) 100vw, 328px\" \/><\/figure>\n\n\n\n<p>Es un tema que puede variar con el tiempo.  Aqu\u00ed ponemos lo que hemos encontrado a d\u00eda de hoy (<strong>Marzo 2019<\/strong>). Es <strong>obligatorio que busqu\u00e9is informaci\u00f3n actualizada al respecto antes del viaje<\/strong>. <\/p>\n\n\n\n<p>La informaci\u00f3n que ponemos a continuaci\u00f3n, la hemos sacado de <a href=\"http:\/\/www.exteriores.gob.es\/Portal\/es\/ServiciosAlCiudadano\/SiViajasAlExtranjero\/Paginas\/DetalleRecomendacion.aspx?IdP=87\">http:\/\/www.exteriores.gob.es\/Portal\/es\/ServiciosAlCiudadano\/SiViajasAlExtranjero\/Paginas\/DetalleRecomendacion.aspx?IdP=87<\/a><\/p>\n\n\n\n<h2 class=\"wp-block-heading\">\u00bfVacunas obligatorias y recomendadas para viajar a Indones\u00eda? <\/h2>\n\n\n\n<ol class=\"wp-block-list\"><li><strong>Obligatorias:<\/strong>  Si has vivido en \u00c1frica o Am\u00e9rica del Sur durante los seis meses antes a ir a Indonesia deber\u00e1s estar vacunado contra la<strong> <\/strong>fiebre amarilla.  No es nuestro caso, por lo que no tenemos ninguna vacuna obligatoria que tomar.<\/li><li><strong>Recomendadas:<\/strong> <strong>T\u00e9tanos, Hepatitis B y Tifus<\/strong>. En las principales ciudades del pa\u00eds no existe riesgo de Malaria. Si viajas a zonas rurales en Riau, Jambi, Pap\u00faa,  Borneo y Nusa Tenggara Oriental y Occidental es conveniente vacunarse, utilizar repelente de mosquitos y traer telas mosquiteras de viaje. <\/li><\/ol>\n\n\n\n<p>En nuestro caso, no tenemos ninguna vacuna obligatoria. Echaremos un vistazo a la posibilidad de las vacunas recomendadas.<\/p>\n\n\n\n<p><em>*Recordatorio:  es un tema que puede variar con el tiempo. <\/em><strong><em>Obligatorio que busqu\u00e9is informaci\u00f3n actualizada de las vacunas para Indonesia antes del viaje<\/em><\/strong><em>. <\/em><br><\/p>\n","protected":false},"excerpt":{"rendered":"<p>Algo muy importante antes de viajar al extranjero es mirar si es necesaria tomar alguna vacuna obligatoria para entrar al pa\u00eds. As\u00ed que nos ponemos &hellip; <\/p>\n","protected":false},"author":1,"featured_media":111,"parent":0,"menu_order":0,"comment_status":"closed","ping_status":"closed","template":"","meta":{"footnotes":""},"class_list":["post-90","page","type-page","status-publish","has-post-thumbnail","hentry"],"yoast_head":"<!-- This site is optimized with the Yoast SEO plugin v26.8 - https:\/\/yoast.com\/product\/yoast-seo-wordpress\/ -->\n<title>VACUNAS PARA INDONESIA - MOCHILEROS POR INDONESIA - ASIA - AGOSTO 2019<\/title>\n<meta name=\"description\" content=\"Antes de salir de viaje, consultar informaci\u00f3n actualizada sobre las vacunas necesarias. Aqu\u00ed ten\u00e9is informaci\u00f3n sobre vacunas para Indonesia (Marzo 2019)\" \/>\n<meta name=\"robots\" content=\"index, follow, max-snippet:-1, max-image-preview:large, max-video-preview:-1\" \/>\n<link rel=\"canonical\" href=\"https:\/\/itxaspe.com\/mochileros\/asia-indonesia\/vacunas-para-indonesia\/\" \/>\n<meta property=\"og:locale\" content=\"es_ES\" \/>\n<meta property=\"og:type\" content=\"article\" \/>\n<meta property=\"og:title\" content=\"VACUNAS PARA INDONESIA - MOCHILEROS POR INDONESIA - ASIA - AGOSTO 2019\" \/>\n<meta property=\"og:description\" content=\"Antes de salir de viaje, consultar informaci\u00f3n actualizada sobre las vacunas necesarias. Aqu\u00ed ten\u00e9is informaci\u00f3n sobre vacunas para Indonesia (Marzo 2019)\" \/>\n<meta property=\"og:url\" content=\"https:\/\/itxaspe.com\/mochileros\/asia-indonesia\/vacunas-para-indonesia\/\" \/>\n<meta property=\"og:site_name\" content=\"MOCHILEROS POR INDONESIA - ASIA - AGOSTO 2019\" \/>\n<meta property=\"article:modified_time\" content=\"2019-03-27T14:23:28+00:00\" \/>\n<meta property=\"og:image\" content=\"https:\/\/itxaspe.com\/mochileros\/asia-indonesia\/wp-content\/uploads\/sites\/2\/2019\/03\/Vacunas.jpg\" \/>\n\t<meta property=\"og:image:width\" content=\"656\" \/>\n\t<meta property=\"og:image:height\" content=\"765\" \/>\n\t<meta property=\"og:image:type\" content=\"image\/jpeg\" \/>\n<meta name=\"twitter:card\" content=\"summary_large_image\" \/>\n<meta name=\"twitter:label1\" content=\"Tiempo de lectura\" \/>\n\t<meta name=\"twitter:data1\" content=\"1 minuto\" \/>\n<script type=\"application\/ld+json\" class=\"yoast-schema-graph\">{\"@context\":\"https:\/\/schema.org\",\"@graph\":[{\"@type\":\"WebPage\",\"@id\":\"https:\/\/itxaspe.com\/mochileros\/asia-indonesia\/vacunas-para-indonesia\/\",\"url\":\"https:\/\/itxaspe.com\/mochileros\/asia-indonesia\/vacunas-para-indonesia\/\",\"name\":\"VACUNAS PARA INDONESIA - MOCHILEROS POR INDONESIA - ASIA - AGOSTO 2019\",\"isPartOf\":{\"@id\":\"https:\/\/itxaspe.com\/mochileros\/asia-indonesia\/#website\"},\"primaryImageOfPage\":{\"@id\":\"https:\/\/itxaspe.com\/mochileros\/asia-indonesia\/vacunas-para-indonesia\/#primaryimage\"},\"image\":{\"@id\":\"https:\/\/itxaspe.com\/mochileros\/asia-indonesia\/vacunas-para-indonesia\/#primaryimage\"},\"thumbnailUrl\":\"https:\/\/itxaspe.com\/mochileros\/asia-indonesia\/wp-content\/uploads\/sites\/2\/2019\/03\/Vacunas.jpg\",\"datePublished\":\"2019-03-27T13:21:13+00:00\",\"dateModified\":\"2019-03-27T14:23:28+00:00\",\"description\":\"Antes de salir de viaje, consultar informaci\u00f3n actualizada sobre las vacunas necesarias. Aqu\u00ed ten\u00e9is informaci\u00f3n sobre vacunas para Indonesia (Marzo 2019)\",\"breadcrumb\":{\"@id\":\"https:\/\/itxaspe.com\/mochileros\/asia-indonesia\/vacunas-para-indonesia\/#breadcrumb\"},\"inLanguage\":\"es\",\"potentialAction\":[{\"@type\":\"ReadAction\",\"target\":[\"https:\/\/itxaspe.com\/mochileros\/asia-indonesia\/vacunas-para-indonesia\/\"]}]},{\"@type\":\"ImageObject\",\"inLanguage\":\"es\",\"@id\":\"https:\/\/itxaspe.com\/mochileros\/asia-indonesia\/vacunas-para-indonesia\/#primaryimage\",\"url\":\"https:\/\/itxaspe.com\/mochileros\/asia-indonesia\/wp-content\/uploads\/sites\/2\/2019\/03\/Vacunas.jpg\",\"contentUrl\":\"https:\/\/itxaspe.com\/mochileros\/asia-indonesia\/wp-content\/uploads\/sites\/2\/2019\/03\/Vacunas.jpg\",\"width\":656,\"height\":765},{\"@type\":\"BreadcrumbList\",\"@id\":\"https:\/\/itxaspe.com\/mochileros\/asia-indonesia\/vacunas-para-indonesia\/#breadcrumb\",\"itemListElement\":[{\"@type\":\"ListItem\",\"position\":1,\"name\":\"Portada\",\"item\":\"https:\/\/itxaspe.com\/mochileros\/asia-indonesia\/\"},{\"@type\":\"ListItem\",\"position\":2,\"name\":\"VACUNAS PARA INDONESIA\"}]},{\"@type\":\"WebSite\",\"@id\":\"https:\/\/itxaspe.com\/mochileros\/asia-indonesia\/#website\",\"url\":\"https:\/\/itxaspe.com\/mochileros\/asia-indonesia\/\",\"name\":\"MOCHILEROS POR INDONESIA - ASIA - AGOSTO 2019\",\"description\":\"Nuestro blog de viaje a Indonesia. Primer viaje con la mochila a cuestas\",\"potentialAction\":[{\"@type\":\"SearchAction\",\"target\":{\"@type\":\"EntryPoint\",\"urlTemplate\":\"https:\/\/itxaspe.com\/mochileros\/asia-indonesia\/?s={search_term_string}\"},\"query-input\":{\"@type\":\"PropertyValueSpecification\",\"valueRequired\":true,\"valueName\":\"search_term_string\"}}],\"inLanguage\":\"es\"}]}<\/script>\n<!-- \/ Yoast SEO plugin. -->","yoast_head_json":{"title":"VACUNAS PARA INDONESIA - MOCHILEROS POR INDONESIA - ASIA - AGOSTO 2019","description":"Antes de salir de viaje, consultar informaci\u00f3n actualizada sobre las vacunas necesarias. Aqu\u00ed ten\u00e9is informaci\u00f3n sobre vacunas para Indonesia (Marzo 2019)","robots":{"index":"index","follow":"follow","max-snippet":"max-snippet:-1","max-image-preview":"max-image-preview:large","max-video-preview":"max-video-preview:-1"},"canonical":"https:\/\/itxaspe.com\/mochileros\/asia-indonesia\/vacunas-para-indonesia\/","og_locale":"es_ES","og_type":"article","og_title":"VACUNAS PARA INDONESIA - MOCHILEROS POR INDONESIA - ASIA - AGOSTO 2019","og_description":"Antes de salir de viaje, consultar informaci\u00f3n actualizada sobre las vacunas necesarias. Aqu\u00ed ten\u00e9is informaci\u00f3n sobre vacunas para Indonesia (Marzo 2019)","og_url":"https:\/\/itxaspe.com\/mochileros\/asia-indonesia\/vacunas-para-indonesia\/","og_site_name":"MOCHILEROS POR INDONESIA - ASIA - AGOSTO 2019","article_modified_time":"2019-03-27T14:23:28+00:00","og_image":[{"width":656,"height":765,"url":"https:\/\/itxaspe.com\/mochileros\/asia-indonesia\/wp-content\/uploads\/sites\/2\/2019\/03\/Vacunas.jpg","type":"image\/jpeg"}],"twitter_card":"summary_large_image","twitter_misc":{"Tiempo de lectura":"1 minuto"},"schema":{"@context":"https:\/\/schema.org","@graph":[{"@type":"WebPage","@id":"https:\/\/itxaspe.com\/mochileros\/asia-indonesia\/vacunas-para-indonesia\/","url":"https:\/\/itxaspe.com\/mochileros\/asia-indonesia\/vacunas-para-indonesia\/","name":"VACUNAS PARA INDONESIA - MOCHILEROS POR INDONESIA - ASIA - AGOSTO 2019","isPartOf":{"@id":"https:\/\/itxaspe.com\/mochileros\/asia-indonesia\/#website"},"primaryImageOfPage":{"@id":"https:\/\/itxaspe.com\/mochileros\/asia-indonesia\/vacunas-para-indonesia\/#primaryimage"},"image":{"@id":"https:\/\/itxaspe.com\/mochileros\/asia-indonesia\/vacunas-para-indonesia\/#primaryimage"},"thumbnailUrl":"https:\/\/itxaspe.com\/mochileros\/asia-indonesia\/wp-content\/uploads\/sites\/2\/2019\/03\/Vacunas.jpg","datePublished":"2019-03-27T13:21:13+00:00","dateModified":"2019-03-27T14:23:28+00:00","description":"Antes de salir de viaje, consultar informaci\u00f3n actualizada sobre las vacunas necesarias. Aqu\u00ed ten\u00e9is informaci\u00f3n sobre vacunas para Indonesia (Marzo 2019)","breadcrumb":{"@id":"https:\/\/itxaspe.com\/mochileros\/asia-indonesia\/vacunas-para-indonesia\/#breadcrumb"},"inLanguage":"es","potentialAction":[{"@type":"ReadAction","target":["https:\/\/itxaspe.com\/mochileros\/asia-indonesia\/vacunas-para-indonesia\/"]}]},{"@type":"ImageObject","inLanguage":"es","@id":"https:\/\/itxaspe.com\/mochileros\/asia-indonesia\/vacunas-para-indonesia\/#primaryimage","url":"https:\/\/itxaspe.com\/mochileros\/asia-indonesia\/wp-content\/uploads\/sites\/2\/2019\/03\/Vacunas.jpg","contentUrl":"https:\/\/itxaspe.com\/mochileros\/asia-indonesia\/wp-content\/uploads\/sites\/2\/2019\/03\/Vacunas.jpg","width":656,"height":765},{"@type":"BreadcrumbList","@id":"https:\/\/itxaspe.com\/mochileros\/asia-indonesia\/vacunas-para-indonesia\/#breadcrumb","itemListElement":[{"@type":"ListItem","position":1,"name":"Portada","item":"https:\/\/itxaspe.com\/mochileros\/asia-indonesia\/"},{"@type":"ListItem","position":2,"name":"VACUNAS PARA INDONESIA"}]},{"@type":"WebSite","@id":"https:\/\/itxaspe.com\/mochileros\/asia-indonesia\/#website","url":"https:\/\/itxaspe.com\/mochileros\/asia-indonesia\/","name":"MOCHILEROS POR INDONESIA - ASIA - AGOSTO 2019","description":"Nuestro blog de viaje a Indonesia. Primer viaje con la mochila a cuestas","potentialAction":[{"@type":"SearchAction","target":{"@type":"EntryPoint","urlTemplate":"https:\/\/itxaspe.com\/mochileros\/asia-indonesia\/?s={search_term_string}"},"query-input":{"@type":"PropertyValueSpecification","valueRequired":true,"valueName":"search_term_string"}}],"inLanguage":"es"}]}},"_links":{"self":[{"href":"https:\/\/itxaspe.com\/mochileros\/asia-indonesia\/wp-json\/wp\/v2\/pages\/90","targetHints":{"allow":["GET"]}}],"collection":[{"href":"https:\/\/itxaspe.com\/mochileros\/asia-indonesia\/wp-json\/wp\/v2\/pages"}],"about":[{"href":"https:\/\/itxaspe.com\/mochileros\/asia-indonesia\/wp-json\/wp\/v2\/types\/page"}],"author":[{"embeddable":true,"href":"https:\/\/itxaspe.com\/mochileros\/asia-indonesia\/wp-json\/wp\/v2\/users\/1"}],"replies":[{"embeddable":true,"href":"https:\/\/itxaspe.com\/mochileros\/asia-indonesia\/wp-json\/wp\/v2\/comments?post=90"}],"version-history":[{"count":6,"href":"https:\/\/itxaspe.com\/mochileros\/asia-indonesia\/wp-json\/wp\/v2\/pages\/90\/revisions"}],"predecessor-version":[{"id":113,"href":"https:\/\/itxaspe.com\/mochileros\/asia-indonesia\/wp-json\/wp\/v2\/pages\/90\/revisions\/113"}],"wp:featuredmedia":[{"embeddable":true,"href":"https:\/\/itxaspe.com\/mochileros\/asia-indonesia\/wp-json\/wp\/v2\/media\/111"}],"wp:attachment":[{"href":"https:\/\/itxaspe.com\/mochileros\/asia-indonesia\/wp-json\/wp\/v2\/media?parent=90"}],"curies":[{"name":"wp","href":"https:\/\/api.w.org\/{rel}","templated":true}]}}