{"id":144,"date":"2023-11-30T16:28:38","date_gmt":"2023-11-30T16:28:38","guid":{"rendered":"https:\/\/itxaspe.com\/mochileros\/?page_id=144"},"modified":"2023-11-30T19:30:18","modified_gmt":"2023-11-30T19:30:18","slug":"quienes-somos","status":"publish","type":"page","link":"https:\/\/itxaspe.com\/mochileros\/quienes-somos\/","title":{"rendered":"Quienes somos"},"content":{"rendered":"\n<p>Somos una pareja de Elgoibar-Gipuzkoa, Koro e I\u00f1aki. Si quer\u00e9is conocernos mejor&nbsp;<a href=\"http:\/\/www.itxaspe.com\/quienes-somos\/\">http:\/\/www.itxaspe.com\/quienes-somos\/<\/a><\/p>\n\n\n\n<figure class=\"wp-block-image\"><a href=\"https:\/\/www.flickr.com\/photos\/48196942@N00\/48600234341\/in\/datetaken\/\"><img decoding=\"async\" src=\"https:\/\/live.staticflickr.com\/65535\/48600234341_321e513654_c.jpg\" alt=\"Koro Gabiola e I\u00f1aki Iraola\"\/><\/a><\/figure>\n\n\n\n<p>Desde que empezamos a salir all\u00e1 por el 2000, hemos aprovechado cada oportunidad para viajar, y desde el 2006 tenemos nuestro diario en nuestro blog: <a href=\"http:\/\/www.itxaspe.com\">http:\/\/www.itxaspe.com<\/a><\/p>\n\n\n\n<p>Nuestros viajes siempre han sido en coche+hotel, furgoneta y ahora en autocaravana. Adem\u00e1s en 2013 tuvimos la oportunidad de irnos un par de meses a EEUU con las bicicletas y alforjas (una pedazo experiencia que nos encant\u00f3 y que dejamos plasmada en el blog <a href=\"http:\/\/ http:\/\/itxaspe.com\/BlogsDeportes\/estados-unidos-en-bicicleta\/\">Estados Unidos en bicicleta<\/a>)<\/p>\n\n\n\n<p>En verano del 2019 hemos hecho un tipo de viaje en el que a\u00fan no nos hab\u00edamos estrenado: <strong>mochilas y sin ning\u00fan tipo de previsi\u00f3n<\/strong> . Nuestro destino elegido ha sido<a href=\"https:\/\/itxaspe.com\/mochileros\/asia-indonesia\"> Indonesia con la mochila<\/a>. Llegamos a Yakarta (Isla de Java) y durante un mes no hemos tenido otro objetivo m\u00e1s que conocer un nuevo lugar, cultura y disfrutar de ello. \u00a1Esperamos que os guste nuestro relato del viaje que podr\u00e9is encontrar en <a href=\"https:\/\/itxaspe.com\/mochileros\/asia-indonesia\/\">MOCHILEROS POR INDONESIA -ASIA &#8211; 2019<\/a> ! A nosotros \u00a1nos ha encantado!<\/p>\n\n\n\n<p>Y en verano 2024 tenemos planeado otro viaje en el que repetiremos destino: Indonesia \u00a1anda que no tiene islas para poder volver una y otra vez! Para ello, abrimos un nuevo blog en el que iremos reflejando toda la experiencia: <a href=\"https:\/\/itxaspe.com\/mochileros\/asia-indonesia-2024\/\">MOCHILEROS POR INDONESIA -ASIA &#8211; 202<\/a>4<\/p>\n\n\n\n<p><em>Si quieres escribirnos, puedes hacerlo mediante un email : itxaspe arroba gmail.com<\/em><\/p>\n","protected":false},"excerpt":{"rendered":"<p>Somos una pareja de Elgoibar-Gipuzkoa, Koro e I\u00f1aki. Si quer\u00e9is conocernos mejor&nbsp;http:\/\/www.itxaspe.com\/quienes-somos\/ Desde que empezamos a salir all\u00e1 por el 2000, hemos aprovechado cada oportunidad para viajar, y desde el 2006 tenemos nuestro diario en nuestro blog: http:\/\/www.itxaspe.com Nuestros viajes siempre han sido en coche+hotel, furgoneta y ahora en autocaravana. Adem\u00e1s en 2013 tuvimos la [&hellip;]<\/p>\n","protected":false},"author":1,"featured_media":0,"parent":0,"menu_order":0,"comment_status":"closed","ping_status":"closed","template":"","meta":{"footnotes":""},"class_list":["post-144","page","type-page","status-publish","hentry"],"yoast_head":"<!-- This site is optimized with the Yoast SEO plugin v26.8 - https:\/\/yoast.com\/product\/yoast-seo-wordpress\/ -->\n<title>Quienes somos - Mochileros por el mundo<\/title>\n<meta name=\"robots\" content=\"index, follow, max-snippet:-1, max-image-preview:large, max-video-preview:-1\" \/>\n<link rel=\"canonical\" href=\"https:\/\/itxaspe.com\/mochileros\/quienes-somos\/\" \/>\n<meta property=\"og:locale\" content=\"es_ES\" \/>\n<meta property=\"og:type\" content=\"article\" \/>\n<meta property=\"og:title\" content=\"Quienes somos - Mochileros por el mundo\" \/>\n<meta property=\"og:description\" content=\"Somos una pareja de Elgoibar-Gipuzkoa, Koro e I\u00f1aki. Si quer\u00e9is conocernos mejor&nbsp;http:\/\/www.itxaspe.com\/quienes-somos\/ Desde que empezamos a salir all\u00e1 por el 2000, hemos aprovechado cada oportunidad para viajar, y desde el 2006 tenemos nuestro diario en nuestro blog: http:\/\/www.itxaspe.com Nuestros viajes siempre han sido en coche+hotel, furgoneta y ahora en autocaravana. Adem\u00e1s en 2013 tuvimos la [&hellip;]\" \/>\n<meta property=\"og:url\" content=\"https:\/\/itxaspe.com\/mochileros\/quienes-somos\/\" \/>\n<meta property=\"og:site_name\" content=\"Mochileros por el mundo\" \/>\n<meta property=\"article:publisher\" content=\"https:\/\/www.facebook.com\/itxaspe\" \/>\n<meta property=\"article:modified_time\" content=\"2023-11-30T19:30:18+00:00\" \/>\n<meta property=\"og:image\" content=\"https:\/\/live.staticflickr.com\/65535\/48600234341_321e513654_c.jpg\" \/>\n<meta name=\"twitter:card\" content=\"summary_large_image\" \/>\n<meta name=\"twitter:site\" content=\"@itxaspe\" \/>\n<meta name=\"twitter:label1\" content=\"Tiempo de lectura\" \/>\n\t<meta name=\"twitter:data1\" content=\"2 minutos\" \/>\n<script type=\"application\/ld+json\" class=\"yoast-schema-graph\">{\"@context\":\"https:\/\/schema.org\",\"@graph\":[{\"@type\":\"WebPage\",\"@id\":\"https:\/\/itxaspe.com\/mochileros\/quienes-somos\/\",\"url\":\"https:\/\/itxaspe.com\/mochileros\/quienes-somos\/\",\"name\":\"Quienes somos - Mochileros por el mundo\",\"isPartOf\":{\"@id\":\"https:\/\/itxaspe.com\/mochileros\/#website\"},\"primaryImageOfPage\":{\"@id\":\"https:\/\/itxaspe.com\/mochileros\/quienes-somos\/#primaryimage\"},\"image\":{\"@id\":\"https:\/\/itxaspe.com\/mochileros\/quienes-somos\/#primaryimage\"},\"thumbnailUrl\":\"https:\/\/live.staticflickr.com\/65535\/48600234341_321e513654_c.jpg\",\"datePublished\":\"2023-11-30T16:28:38+00:00\",\"dateModified\":\"2023-11-30T19:30:18+00:00\",\"breadcrumb\":{\"@id\":\"https:\/\/itxaspe.com\/mochileros\/quienes-somos\/#breadcrumb\"},\"inLanguage\":\"es\",\"potentialAction\":[{\"@type\":\"ReadAction\",\"target\":[\"https:\/\/itxaspe.com\/mochileros\/quienes-somos\/\"]}]},{\"@type\":\"ImageObject\",\"inLanguage\":\"es\",\"@id\":\"https:\/\/itxaspe.com\/mochileros\/quienes-somos\/#primaryimage\",\"url\":\"https:\/\/live.staticflickr.com\/65535\/48600234341_321e513654_c.jpg\",\"contentUrl\":\"https:\/\/live.staticflickr.com\/65535\/48600234341_321e513654_c.jpg\"},{\"@type\":\"BreadcrumbList\",\"@id\":\"https:\/\/itxaspe.com\/mochileros\/quienes-somos\/#breadcrumb\",\"itemListElement\":[{\"@type\":\"ListItem\",\"position\":1,\"name\":\"Portada\",\"item\":\"https:\/\/itxaspe.com\/mochileros\/\"},{\"@type\":\"ListItem\",\"position\":2,\"name\":\"Quienes somos\"}]},{\"@type\":\"WebSite\",\"@id\":\"https:\/\/itxaspe.com\/mochileros\/#website\",\"url\":\"https:\/\/itxaspe.com\/mochileros\/\",\"name\":\"Mochileros por el mundo\",\"description\":\"Mochileando como forma de viajar\",\"potentialAction\":[{\"@type\":\"SearchAction\",\"target\":{\"@type\":\"EntryPoint\",\"urlTemplate\":\"https:\/\/itxaspe.com\/mochileros\/?s={search_term_string}\"},\"query-input\":{\"@type\":\"PropertyValueSpecification\",\"valueRequired\":true,\"valueName\":\"search_term_string\"}}],\"inLanguage\":\"es\"}]}<\/script>\n<!-- \/ Yoast SEO plugin. -->","yoast_head_json":{"title":"Quienes somos - Mochileros por el mundo","robots":{"index":"index","follow":"follow","max-snippet":"max-snippet:-1","max-image-preview":"max-image-preview:large","max-video-preview":"max-video-preview:-1"},"canonical":"https:\/\/itxaspe.com\/mochileros\/quienes-somos\/","og_locale":"es_ES","og_type":"article","og_title":"Quienes somos - Mochileros por el mundo","og_description":"Somos una pareja de Elgoibar-Gipuzkoa, Koro e I\u00f1aki. Si quer\u00e9is conocernos mejor&nbsp;http:\/\/www.itxaspe.com\/quienes-somos\/ Desde que empezamos a salir all\u00e1 por el 2000, hemos aprovechado cada oportunidad para viajar, y desde el 2006 tenemos nuestro diario en nuestro blog: http:\/\/www.itxaspe.com Nuestros viajes siempre han sido en coche+hotel, furgoneta y ahora en autocaravana. Adem\u00e1s en 2013 tuvimos la [&hellip;]","og_url":"https:\/\/itxaspe.com\/mochileros\/quienes-somos\/","og_site_name":"Mochileros por el mundo","article_publisher":"https:\/\/www.facebook.com\/itxaspe","article_modified_time":"2023-11-30T19:30:18+00:00","og_image":[{"url":"https:\/\/live.staticflickr.com\/65535\/48600234341_321e513654_c.jpg","type":"","width":"","height":""}],"twitter_card":"summary_large_image","twitter_site":"@itxaspe","twitter_misc":{"Tiempo de lectura":"2 minutos"},"schema":{"@context":"https:\/\/schema.org","@graph":[{"@type":"WebPage","@id":"https:\/\/itxaspe.com\/mochileros\/quienes-somos\/","url":"https:\/\/itxaspe.com\/mochileros\/quienes-somos\/","name":"Quienes somos - Mochileros por el mundo","isPartOf":{"@id":"https:\/\/itxaspe.com\/mochileros\/#website"},"primaryImageOfPage":{"@id":"https:\/\/itxaspe.com\/mochileros\/quienes-somos\/#primaryimage"},"image":{"@id":"https:\/\/itxaspe.com\/mochileros\/quienes-somos\/#primaryimage"},"thumbnailUrl":"https:\/\/live.staticflickr.com\/65535\/48600234341_321e513654_c.jpg","datePublished":"2023-11-30T16:28:38+00:00","dateModified":"2023-11-30T19:30:18+00:00","breadcrumb":{"@id":"https:\/\/itxaspe.com\/mochileros\/quienes-somos\/#breadcrumb"},"inLanguage":"es","potentialAction":[{"@type":"ReadAction","target":["https:\/\/itxaspe.com\/mochileros\/quienes-somos\/"]}]},{"@type":"ImageObject","inLanguage":"es","@id":"https:\/\/itxaspe.com\/mochileros\/quienes-somos\/#primaryimage","url":"https:\/\/live.staticflickr.com\/65535\/48600234341_321e513654_c.jpg","contentUrl":"https:\/\/live.staticflickr.com\/65535\/48600234341_321e513654_c.jpg"},{"@type":"BreadcrumbList","@id":"https:\/\/itxaspe.com\/mochileros\/quienes-somos\/#breadcrumb","itemListElement":[{"@type":"ListItem","position":1,"name":"Portada","item":"https:\/\/itxaspe.com\/mochileros\/"},{"@type":"ListItem","position":2,"name":"Quienes somos"}]},{"@type":"WebSite","@id":"https:\/\/itxaspe.com\/mochileros\/#website","url":"https:\/\/itxaspe.com\/mochileros\/","name":"Mochileros por el mundo","description":"Mochileando como forma de viajar","potentialAction":[{"@type":"SearchAction","target":{"@type":"EntryPoint","urlTemplate":"https:\/\/itxaspe.com\/mochileros\/?s={search_term_string}"},"query-input":{"@type":"PropertyValueSpecification","valueRequired":true,"valueName":"search_term_string"}}],"inLanguage":"es"}]}},"_links":{"self":[{"href":"https:\/\/itxaspe.com\/mochileros\/wp-json\/wp\/v2\/pages\/144","targetHints":{"allow":["GET"]}}],"collection":[{"href":"https:\/\/itxaspe.com\/mochileros\/wp-json\/wp\/v2\/pages"}],"about":[{"href":"https:\/\/itxaspe.com\/mochileros\/wp-json\/wp\/v2\/types\/page"}],"author":[{"embeddable":true,"href":"https:\/\/itxaspe.com\/mochileros\/wp-json\/wp\/v2\/users\/1"}],"replies":[{"embeddable":true,"href":"https:\/\/itxaspe.com\/mochileros\/wp-json\/wp\/v2\/comments?post=144"}],"version-history":[{"count":3,"href":"https:\/\/itxaspe.com\/mochileros\/wp-json\/wp\/v2\/pages\/144\/revisions"}],"predecessor-version":[{"id":163,"href":"https:\/\/itxaspe.com\/mochileros\/wp-json\/wp\/v2\/pages\/144\/revisions\/163"}],"wp:attachment":[{"href":"https:\/\/itxaspe.com\/mochileros\/wp-json\/wp\/v2\/media?parent=144"}],"curies":[{"name":"wp","href":"https:\/\/api.w.org\/{rel}","templated":true}]}}